{"id":36648,"date":"2023-06-05T17:04:38","date_gmt":"2023-06-05T17:04:38","guid":{"rendered":"https:\/\/www.jovagro.pt\/?post_type=product&#038;p=36648"},"modified":"2025-04-22T15:36:38","modified_gmt":"2025-04-22T15:36:38","slug":"azamin-extra-plus","status":"publish","type":"product","link":"https:\/\/zapaf.pt\/en\/shop\/inovabio\/bioprotetores-organicos\/azamin-extra-plus\/","title":{"rendered":"Azamin\u00ae Extra Plus"},"content":{"rendered":"<style type=\"text\/css\"> \n#cmsms_row_69e0b7ece7421 .cmsms_row_outer_parent { \n\tpadding-top: 0px; \n} \n\n#cmsms_row_69e0b7ece7421 .cmsms_row_outer_parent { \n\tpadding-bottom: 50px; \n} \n\n<\/style><div id=\"cmsms_row_69e0b7ece7421\" class=\"cmsms_row cmsms_color_scheme_default\">\n<div class=\"cmsms_row_outer_parent\">\n<div class=\"cmsms_row_outer\">\n<div class=\"cmsms_row_inner\">\n<div class=\"cmsms_row_margin\">\n<div class=\"cmsms_column one_first\">\n<div class=\"custom_html\">\n<table class=\"woocommerce-product-attributes shop_attributes\">\n<tbody>\n<tr class=\"woocommerce-product-attributes-item woocommerce-product-attributes-item--attribute_pa_aplicacao\">\n<th class=\"woocommerce-product-attributes-item__label\">Bact\u00e9rias da rizosfera<\/th>\n<td class=\"woocommerce-product-attributes-item__value\">1&#215;10^8UFC\/ml<\/td>\n<\/tr>\n<tr class=\"woocommerce-product-attributes-item woocommerce-product-attributes-item--attribute_pa_culturas\">\n<th class=\"woocommerce-product-attributes-item__label\"><i>Bacillus sp.<\/i><\/th>\n<td class=\"woocommerce-product-attributes-item__value\">&#8211;<\/td>\n<\/tr>\n<tr class=\"woocommerce-product-attributes-item woocommerce-product-attributes-item--attribute_pa_culturas\">\n<th class=\"woocommerce-product-attributes-item__label\">Micorrizas <i>(Glomus sp.)<\/i><\/th>\n<td class=\"woocommerce-product-attributes-item__value\">0,001%<\/td>\n<\/tr>\n<\/tbody>\n<\/table>\n<\/div>\n<\/div>\n<div class=\"cmsms_column one_first\">\n<\/div>\n<\/div>\n<\/div>\n<\/div>\n<\/div>\n<\/div>","protected":false},"excerpt":{"rendered":"<p id=\"cmsms_heading_647df62110e5f\" class=\"cmsms_heading\"><span style=\"color: #808080;\"><span style=\"font-size: 16px;\">Produto com formula\u00e7\u00e3o espec\u00edfica que induz a resist\u00eancia ao desenvolvimento de doen\u00e7as radiculares e vasculares tais como <\/span><em style=\"font-size: 16px;\">Pythium, Phytophthora, Sclerotinia, Alternaria, Rhizoctonia, Fusarium<\/em><span style=\"font-size: 16px;\"> and <\/span><em style=\"font-size: 16px;\">Verticillium<\/em><span style=\"font-size: 16px;\">. Systemic action. Can be applied via leaf or watering. It can be applied with the vast majority of phytosanitary products on the market whenever the instructions are followed.<\/span><\/span><\/p>\n<p><img loading=\"lazy\" decoding=\"async\" class=\"alignnone size-full wp-image-38345\" src=\"https:\/\/jovagro.pt\/wp-content\/uploads\/2023\/06\/CAAEInsumosUNE.jpg\" alt=\"\" width=\"80\" height=\"80\" srcset=\"https:\/\/zapaf.pt\/wp-content\/uploads\/2023\/06\/CAAEInsumosUNE.jpg 80w, https:\/\/zapaf.pt\/wp-content\/uploads\/2023\/06\/CAAEInsumosUNE-12x12.jpg 12w, https:\/\/zapaf.pt\/wp-content\/uploads\/2023\/06\/CAAEInsumosUNE-55x55.jpg 55w\" sizes=\"auto, (max-width: 80px) 100vw, 80px\" \/><\/p>\n<div class=\"cmsms_text\" style=\"position: absolute; bottom: 0;\">\n<h5><\/h5>\n<\/div>","protected":false},"featured_media":36609,"template":"","meta":{"_monsterinsights_skip_tracking":false,"_monsterinsights_sitenote_active":false,"_monsterinsights_sitenote_note":"","_monsterinsights_sitenote_category":0},"product_brand":[],"product_cat":[385],"product_tag":[],"class_list":{"0":"post-36648","1":"product","2":"type-product","3":"status-publish","4":"has-post-thumbnail","6":"product_cat-bioprotetores-organicos","8":"first","9":"instock","10":"taxable","11":"shipping-taxable","12":"purchasable","13":"product-type-variable"},"yoast_head":"<!-- This site is optimized with the Yoast SEO plugin v27.4 - https:\/\/yoast.com\/product\/yoast-seo-wordpress\/ -->\n<title>Azamin\u00ae Extra Plus - Jovagro<\/title>\n<meta name=\"robots\" content=\"index, follow, max-snippet:-1, max-image-preview:large, max-video-preview:-1\" \/>\n<link rel=\"canonical\" href=\"https:\/\/www.jovagro.pt\/shop\/inovabio\/bioprotetores-organicos\/azamin-extra-plus\/\" \/>\n<meta property=\"og:locale\" content=\"en_GB\" \/>\n<meta property=\"og:type\" content=\"article\" \/>\n<meta property=\"og:title\" content=\"Azamin\u00ae Extra Plus - Jovagro\" \/>\n<meta property=\"og:description\" content=\"Produto com formula\u00e7\u00e3o espec\u00edfica que induz a resist\u00eancia ao desenvolvimento de doen\u00e7as radiculares e vasculares tais como Pythium, Phytophthora, Sclerotinia, Alternaria, Rhizoctonia, Fusarium e Verticillium. De a\u00e7\u00e3o sist\u00e9mica. Pode ser aplicado via foliar ou rega. Pode aplicar-se com a grande maioria de produtos fitossanit\u00e1rios do mercado sempre que se sigam as instru\u00e7\u00f5es.\" \/>\n<meta property=\"og:url\" content=\"https:\/\/www.jovagro.pt\/shop\/inovabio\/bioprotetores-organicos\/azamin-extra-plus\/\" \/>\n<meta property=\"og:site_name\" content=\"Jovagro\" \/>\n<meta property=\"article:publisher\" content=\"https:\/\/www.facebook.com\/Jovagro\/\" \/>\n<meta property=\"article:modified_time\" content=\"2025-04-22T15:36:38+00:00\" \/>\n<meta property=\"og:image\" content=\"https:\/\/www.jovagro.pt\/wp-content\/uploads\/2023\/06\/Azamin-extra-plus1.png\" \/>\n\t<meta property=\"og:image:width\" content=\"2560\" \/>\n\t<meta property=\"og:image:height\" content=\"2560\" \/>\n\t<meta property=\"og:image:type\" content=\"image\/png\" \/>\n<meta name=\"twitter:card\" content=\"summary_large_image\" \/>\n<meta name=\"twitter:label1\" content=\"Estimated reading time\" \/>\n\t<meta name=\"twitter:data1\" content=\"1 minute\" \/>\n<script type=\"application\/ld+json\" class=\"yoast-schema-graph\">{\"@context\":\"https:\\\/\\\/schema.org\",\"@graph\":[{\"@type\":\"WebPage\",\"@id\":\"https:\\\/\\\/www.jovagro.pt\\\/shop\\\/inovabio\\\/bioprotetores-organicos\\\/azamin-extra-plus\\\/\",\"url\":\"https:\\\/\\\/www.jovagro.pt\\\/shop\\\/inovabio\\\/bioprotetores-organicos\\\/azamin-extra-plus\\\/\",\"name\":\"Azamin\u00ae Extra Plus - Jovagro\",\"isPartOf\":{\"@id\":\"https:\\\/\\\/www.jovagro.pt\\\/#website\"},\"primaryImageOfPage\":{\"@id\":\"https:\\\/\\\/www.jovagro.pt\\\/shop\\\/inovabio\\\/bioprotetores-organicos\\\/azamin-extra-plus\\\/#primaryimage\"},\"image\":{\"@id\":\"https:\\\/\\\/www.jovagro.pt\\\/shop\\\/inovabio\\\/bioprotetores-organicos\\\/azamin-extra-plus\\\/#primaryimage\"},\"thumbnailUrl\":\"https:\\\/\\\/zapaf.pt\\\/wp-content\\\/uploads\\\/2023\\\/06\\\/Azamin-extra-plus1.png\",\"datePublished\":\"2023-06-05T17:04:38+00:00\",\"dateModified\":\"2025-04-22T15:36:38+00:00\",\"breadcrumb\":{\"@id\":\"https:\\\/\\\/www.jovagro.pt\\\/shop\\\/inovabio\\\/bioprotetores-organicos\\\/azamin-extra-plus\\\/#breadcrumb\"},\"inLanguage\":\"en-GB\",\"potentialAction\":[{\"@type\":\"ReadAction\",\"target\":[\"https:\\\/\\\/www.jovagro.pt\\\/shop\\\/inovabio\\\/bioprotetores-organicos\\\/azamin-extra-plus\\\/\"]}]},{\"@type\":\"ImageObject\",\"inLanguage\":\"en-GB\",\"@id\":\"https:\\\/\\\/www.jovagro.pt\\\/shop\\\/inovabio\\\/bioprotetores-organicos\\\/azamin-extra-plus\\\/#primaryimage\",\"url\":\"https:\\\/\\\/zapaf.pt\\\/wp-content\\\/uploads\\\/2023\\\/06\\\/Azamin-extra-plus1.png\",\"contentUrl\":\"https:\\\/\\\/zapaf.pt\\\/wp-content\\\/uploads\\\/2023\\\/06\\\/Azamin-extra-plus1.png\",\"width\":2560,\"height\":2560,\"caption\":\"Azamin Extra Plus\"},{\"@type\":\"BreadcrumbList\",\"@id\":\"https:\\\/\\\/www.jovagro.pt\\\/shop\\\/inovabio\\\/bioprotetores-organicos\\\/azamin-extra-plus\\\/#breadcrumb\",\"itemListElement\":[{\"@type\":\"ListItem\",\"position\":1,\"name\":\"Home\",\"item\":\"https:\\\/\\\/www.jovagro.pt\\\/\"},{\"@type\":\"ListItem\",\"position\":2,\"name\":\"Loja\",\"item\":\"https:\\\/\\\/www.jovagro.pt\\\/loja\\\/\"},{\"@type\":\"ListItem\",\"position\":3,\"name\":\"Azamin\u00ae Extra Plus\"}]},{\"@type\":\"WebSite\",\"@id\":\"https:\\\/\\\/www.jovagro.pt\\\/#website\",\"url\":\"https:\\\/\\\/www.jovagro.pt\\\/\",\"name\":\"Jovagro\",\"description\":\"Sempre com a Natureza\",\"publisher\":{\"@id\":\"https:\\\/\\\/www.jovagro.pt\\\/#organization\"},\"potentialAction\":[{\"@type\":\"SearchAction\",\"target\":{\"@type\":\"EntryPoint\",\"urlTemplate\":\"https:\\\/\\\/www.jovagro.pt\\\/?s={search_term_string}\"},\"query-input\":{\"@type\":\"PropertyValueSpecification\",\"valueRequired\":true,\"valueName\":\"search_term_string\"}}],\"inLanguage\":\"en-GB\"},{\"@type\":\"Organization\",\"@id\":\"https:\\\/\\\/www.jovagro.pt\\\/#organization\",\"name\":\"Jovagro\",\"url\":\"https:\\\/\\\/www.jovagro.pt\\\/\",\"logo\":{\"@type\":\"ImageObject\",\"inLanguage\":\"en-GB\",\"@id\":\"https:\\\/\\\/www.jovagro.pt\\\/#\\\/schema\\\/logo\\\/image\\\/\",\"url\":\"https:\\\/\\\/jovagro.pt\\\/wp-content\\\/uploads\\\/2019\\\/12\\\/7-01-01-scaled.jpg\",\"contentUrl\":\"https:\\\/\\\/jovagro.pt\\\/wp-content\\\/uploads\\\/2019\\\/12\\\/7-01-01-scaled.jpg\",\"width\":2560,\"height\":893,\"caption\":\"Jovagro\"},\"image\":{\"@id\":\"https:\\\/\\\/www.jovagro.pt\\\/#\\\/schema\\\/logo\\\/image\\\/\"},\"sameAs\":[\"https:\\\/\\\/www.facebook.com\\\/Jovagro\\\/\"]}]}<\/script>\n<!-- \/ Yoast SEO plugin. -->","yoast_head_json":{"title":"Azamin\u00ae Extra Plus - Jovagro","robots":{"index":"index","follow":"follow","max-snippet":"max-snippet:-1","max-image-preview":"max-image-preview:large","max-video-preview":"max-video-preview:-1"},"canonical":"https:\/\/www.jovagro.pt\/shop\/inovabio\/bioprotetores-organicos\/azamin-extra-plus\/","og_locale":"en_GB","og_type":"article","og_title":"Azamin\u00ae Extra Plus - Jovagro","og_description":"Produto com formula\u00e7\u00e3o espec\u00edfica que induz a resist\u00eancia ao desenvolvimento de doen\u00e7as radiculares e vasculares tais como Pythium, Phytophthora, Sclerotinia, Alternaria, Rhizoctonia, Fusarium e Verticillium. De a\u00e7\u00e3o sist\u00e9mica. Pode ser aplicado via foliar ou rega. Pode aplicar-se com a grande maioria de produtos fitossanit\u00e1rios do mercado sempre que se sigam as instru\u00e7\u00f5es.","og_url":"https:\/\/www.jovagro.pt\/shop\/inovabio\/bioprotetores-organicos\/azamin-extra-plus\/","og_site_name":"Jovagro","article_publisher":"https:\/\/www.facebook.com\/Jovagro\/","article_modified_time":"2025-04-22T15:36:38+00:00","og_image":[{"width":2560,"height":2560,"url":"https:\/\/www.jovagro.pt\/wp-content\/uploads\/2023\/06\/Azamin-extra-plus1.png","type":"image\/png"}],"twitter_card":"summary_large_image","twitter_misc":{"Estimated reading time":"1 minute"},"schema":{"@context":"https:\/\/schema.org","@graph":[{"@type":"WebPage","@id":"https:\/\/www.jovagro.pt\/shop\/inovabio\/bioprotetores-organicos\/azamin-extra-plus\/","url":"https:\/\/www.jovagro.pt\/shop\/inovabio\/bioprotetores-organicos\/azamin-extra-plus\/","name":"Azamin\u00ae Extra Plus - Jovagro","isPartOf":{"@id":"https:\/\/www.jovagro.pt\/#website"},"primaryImageOfPage":{"@id":"https:\/\/www.jovagro.pt\/shop\/inovabio\/bioprotetores-organicos\/azamin-extra-plus\/#primaryimage"},"image":{"@id":"https:\/\/www.jovagro.pt\/shop\/inovabio\/bioprotetores-organicos\/azamin-extra-plus\/#primaryimage"},"thumbnailUrl":"https:\/\/zapaf.pt\/wp-content\/uploads\/2023\/06\/Azamin-extra-plus1.png","datePublished":"2023-06-05T17:04:38+00:00","dateModified":"2025-04-22T15:36:38+00:00","breadcrumb":{"@id":"https:\/\/www.jovagro.pt\/shop\/inovabio\/bioprotetores-organicos\/azamin-extra-plus\/#breadcrumb"},"inLanguage":"en-GB","potentialAction":[{"@type":"ReadAction","target":["https:\/\/www.jovagro.pt\/shop\/inovabio\/bioprotetores-organicos\/azamin-extra-plus\/"]}]},{"@type":"ImageObject","inLanguage":"en-GB","@id":"https:\/\/www.jovagro.pt\/shop\/inovabio\/bioprotetores-organicos\/azamin-extra-plus\/#primaryimage","url":"https:\/\/zapaf.pt\/wp-content\/uploads\/2023\/06\/Azamin-extra-plus1.png","contentUrl":"https:\/\/zapaf.pt\/wp-content\/uploads\/2023\/06\/Azamin-extra-plus1.png","width":2560,"height":2560,"caption":"Azamin Extra Plus"},{"@type":"BreadcrumbList","@id":"https:\/\/www.jovagro.pt\/shop\/inovabio\/bioprotetores-organicos\/azamin-extra-plus\/#breadcrumb","itemListElement":[{"@type":"ListItem","position":1,"name":"Home","item":"https:\/\/www.jovagro.pt\/"},{"@type":"ListItem","position":2,"name":"Loja","item":"https:\/\/www.jovagro.pt\/loja\/"},{"@type":"ListItem","position":3,"name":"Azamin\u00ae Extra Plus"}]},{"@type":"WebSite","@id":"https:\/\/www.jovagro.pt\/#website","url":"https:\/\/www.jovagro.pt\/","name":"Jovagro","description":"Sempre com a Natureza","publisher":{"@id":"https:\/\/www.jovagro.pt\/#organization"},"potentialAction":[{"@type":"SearchAction","target":{"@type":"EntryPoint","urlTemplate":"https:\/\/www.jovagro.pt\/?s={search_term_string}"},"query-input":{"@type":"PropertyValueSpecification","valueRequired":true,"valueName":"search_term_string"}}],"inLanguage":"en-GB"},{"@type":"Organization","@id":"https:\/\/www.jovagro.pt\/#organization","name":"Jovagro","url":"https:\/\/www.jovagro.pt\/","logo":{"@type":"ImageObject","inLanguage":"en-GB","@id":"https:\/\/www.jovagro.pt\/#\/schema\/logo\/image\/","url":"https:\/\/jovagro.pt\/wp-content\/uploads\/2019\/12\/7-01-01-scaled.jpg","contentUrl":"https:\/\/jovagro.pt\/wp-content\/uploads\/2019\/12\/7-01-01-scaled.jpg","width":2560,"height":893,"caption":"Jovagro"},"image":{"@id":"https:\/\/www.jovagro.pt\/#\/schema\/logo\/image\/"},"sameAs":["https:\/\/www.facebook.com\/Jovagro\/"]}]}},"_links":{"self":[{"href":"https:\/\/zapaf.pt\/en\/wp-json\/wp\/v2\/product\/36648","targetHints":{"allow":["GET"]}}],"collection":[{"href":"https:\/\/zapaf.pt\/en\/wp-json\/wp\/v2\/product"}],"about":[{"href":"https:\/\/zapaf.pt\/en\/wp-json\/wp\/v2\/types\/product"}],"wp:featuredmedia":[{"embeddable":true,"href":"https:\/\/zapaf.pt\/en\/wp-json\/wp\/v2\/media\/36609"}],"wp:attachment":[{"href":"https:\/\/zapaf.pt\/en\/wp-json\/wp\/v2\/media?parent=36648"}],"wp:term":[{"taxonomy":"product_brand","embeddable":true,"href":"https:\/\/zapaf.pt\/en\/wp-json\/wp\/v2\/product_brand?post=36648"},{"taxonomy":"product_cat","embeddable":true,"href":"https:\/\/zapaf.pt\/en\/wp-json\/wp\/v2\/product_cat?post=36648"},{"taxonomy":"product_tag","embeddable":true,"href":"https:\/\/zapaf.pt\/en\/wp-json\/wp\/v2\/product_tag?post=36648"}],"curies":[{"name":"wp","href":"https:\/\/api.w.org\/{rel}","templated":true}]}}