{"id":36746,"date":"2023-06-12T12:00:00","date_gmt":"2023-06-12T12:00:00","guid":{"rendered":"https:\/\/www.jovagro.pt\/?post_type=product&#038;p=36746"},"modified":"2025-04-22T15:40:05","modified_gmt":"2025-04-22T15:40:05","slug":"soillum","status":"publish","type":"product","link":"https:\/\/zapaf.pt\/en\/shop\/inovabio\/bioprotetores-organicos-de-solo\/soillum\/","title":{"rendered":"Soillum\u00ae"},"content":{"rendered":"<style type=\"text\/css\"> \n#cmsms_row_69e080e67b809 .cmsms_row_outer_parent { \n\tpadding-top: 0px; \n} \n\n#cmsms_row_69e080e67b809 .cmsms_row_outer_parent { \n\tpadding-bottom: 50px; \n} \n\n<\/style><div id=\"cmsms_row_69e080e67b809\" class=\"cmsms_row cmsms_color_scheme_default\">\n<div class=\"cmsms_row_outer_parent\">\n<div class=\"cmsms_row_outer\">\n<div class=\"cmsms_row_inner\">\n<div class=\"cmsms_row_margin\">\n<div class=\"cmsms_column one_first\">\n<div class=\"custom_html\">\n<table class=\"woocommerce-product-attributes shop_attributes\">\n<tbody>\n<tr class=\"woocommerce-product-attributes-item woocommerce-product-attributes-item--attribute_pa_aplicacao\">\n<th class=\"woocommerce-product-attributes-item__label\">Pseudomonas fluorescens GR-322<\/th>\n<td class=\"woocommerce-product-attributes-item__value\">Min10^8 UFC\/g<\/td>\n<\/tr>\n<\/tbody>\n<\/table>\n<\/div>\n<\/div>\n<div class=\"cmsms_column one_first\">\n<\/div>\n<\/div>\n<\/div>\n<\/div>\n<\/div>\n<\/div>","protected":false},"excerpt":{"rendered":"<div class=\"cmsms_text\">\n<div class=\"cmsms_text\">\n<p>Soillum \u00e9 um biofertilizante ultra concentrado que ativa a microbiologia do solo. Soillum \u00e9 composto por Pseudomonas fluorescens, da estirpe GR322. Aumenta a solubilidade de nutrientes (f\u00f3sforo (P), pot\u00e1ssio (K), micronutrientes), tendo influ\u00eancia numa maior capacidade fotossint\u00e9tica, induzindo tamb\u00e9m a produ\u00e7\u00e3o de metabolitos com a\u00e7\u00e3o aux\u00ednica.<\/p>\n<p><img loading=\"lazy\" decoding=\"async\" class=\"alignnone wp-image-38345\" src=\"https:\/\/www.jovagro.pt\/wp-content\/uploads\/2023\/06\/CAAEInsumosUNE.jpg\" alt=\"\" width=\"71\" height=\"71\" srcset=\"https:\/\/zapaf.pt\/wp-content\/uploads\/2023\/06\/CAAEInsumosUNE.jpg 80w, https:\/\/zapaf.pt\/wp-content\/uploads\/2023\/06\/CAAEInsumosUNE-12x12.jpg 12w, https:\/\/zapaf.pt\/wp-content\/uploads\/2023\/06\/CAAEInsumosUNE-55x55.jpg 55w\" sizes=\"auto, (max-width: 71px) 100vw, 71px\" \/><img loading=\"lazy\" decoding=\"async\" class=\"alignnone wp-image-38359\" src=\"https:\/\/jovagro.pt\/wp-content\/uploads\/2023\/06\/approved-by-ecocert-inputs-vector-logo.png\" alt=\"\" width=\"80\" height=\"80\" srcset=\"https:\/\/zapaf.pt\/wp-content\/uploads\/2023\/06\/approved-by-ecocert-inputs-vector-logo.png 80w, https:\/\/zapaf.pt\/wp-content\/uploads\/2023\/06\/approved-by-ecocert-inputs-vector-logo-12x12.png 12w, https:\/\/zapaf.pt\/wp-content\/uploads\/2023\/06\/approved-by-ecocert-inputs-vector-logo-55x55.png 55w\" sizes=\"auto, (max-width: 80px) 100vw, 80px\" \/><\/p>\n<\/div>\n<div class=\"cmsms_text\" style=\"position: absolute; bottom: 0;\">\n<h5><\/h5>\n<\/div>\n<\/div>","protected":false},"featured_media":38310,"template":"","meta":{"_monsterinsights_skip_tracking":false,"_monsterinsights_sitenote_active":false,"_monsterinsights_sitenote_note":"","_monsterinsights_sitenote_category":0},"product_brand":[],"product_cat":[415],"product_tag":[],"class_list":{"0":"post-36746","1":"product","2":"type-product","3":"status-publish","4":"has-post-thumbnail","6":"product_cat-bioprotetores-organicos-de-solo","8":"first","9":"instock","10":"taxable","11":"shipping-taxable","12":"purchasable","13":"product-type-variable"},"yoast_head":"<!-- This site is optimized with the Yoast SEO plugin v27.4 - https:\/\/yoast.com\/product\/yoast-seo-wordpress\/ -->\n<title>Soillum\u00ae - Jovagro<\/title>\n<meta name=\"robots\" content=\"index, follow, max-snippet:-1, max-image-preview:large, max-video-preview:-1\" \/>\n<link rel=\"canonical\" href=\"https:\/\/www.jovagro.pt\/shop\/inovabio\/bioprotetores-organicos-de-solo\/soillum\/\" \/>\n<meta property=\"og:locale\" content=\"en_GB\" \/>\n<meta property=\"og:type\" content=\"article\" \/>\n<meta property=\"og:title\" content=\"Soillum\u00ae - Jovagro\" \/>\n<meta property=\"og:description\" content=\"Soillum \u00e9 um biofertilizante ultra concentrado que ativa a microbiologia do solo. Soillum \u00e9 composto por Pseudomonas fluorescens, da estirpe GR322. Aumenta a solubilidade de nutrientes (f\u00f3sforo (P), pot\u00e1ssio (K), micronutrientes), tendo influ\u00eancia numa maior capacidade fotossint\u00e9tica, induzindo tamb\u00e9m a produ\u00e7\u00e3o de metabolitos com a\u00e7\u00e3o aux\u00ednica.\" \/>\n<meta property=\"og:url\" content=\"https:\/\/www.jovagro.pt\/shop\/inovabio\/bioprotetores-organicos-de-solo\/soillum\/\" \/>\n<meta property=\"og:site_name\" content=\"Jovagro\" \/>\n<meta property=\"article:publisher\" content=\"https:\/\/www.facebook.com\/Jovagro\/\" \/>\n<meta property=\"article:modified_time\" content=\"2025-04-22T15:40:05+00:00\" \/>\n<meta property=\"og:image\" content=\"https:\/\/www.jovagro.pt\/wp-content\/uploads\/2023\/06\/soillum-300x300-2.png\" \/>\n\t<meta property=\"og:image:width\" content=\"2560\" \/>\n\t<meta property=\"og:image:height\" content=\"2560\" \/>\n\t<meta property=\"og:image:type\" content=\"image\/png\" \/>\n<meta name=\"twitter:card\" content=\"summary_large_image\" \/>\n<meta name=\"twitter:label1\" content=\"Estimated reading time\" \/>\n\t<meta name=\"twitter:data1\" content=\"1 minute\" \/>\n<script type=\"application\/ld+json\" class=\"yoast-schema-graph\">{\"@context\":\"https:\\\/\\\/schema.org\",\"@graph\":[{\"@type\":\"WebPage\",\"@id\":\"https:\\\/\\\/www.jovagro.pt\\\/shop\\\/inovabio\\\/bioprotetores-organicos-de-solo\\\/soillum\\\/\",\"url\":\"https:\\\/\\\/www.jovagro.pt\\\/shop\\\/inovabio\\\/bioprotetores-organicos-de-solo\\\/soillum\\\/\",\"name\":\"Soillum\u00ae - Jovagro\",\"isPartOf\":{\"@id\":\"https:\\\/\\\/www.jovagro.pt\\\/#website\"},\"primaryImageOfPage\":{\"@id\":\"https:\\\/\\\/www.jovagro.pt\\\/shop\\\/inovabio\\\/bioprotetores-organicos-de-solo\\\/soillum\\\/#primaryimage\"},\"image\":{\"@id\":\"https:\\\/\\\/www.jovagro.pt\\\/shop\\\/inovabio\\\/bioprotetores-organicos-de-solo\\\/soillum\\\/#primaryimage\"},\"thumbnailUrl\":\"https:\\\/\\\/zapaf.pt\\\/wp-content\\\/uploads\\\/2023\\\/06\\\/soillum-300x300-2.png\",\"datePublished\":\"2023-06-12T12:00:00+00:00\",\"dateModified\":\"2025-04-22T15:40:05+00:00\",\"breadcrumb\":{\"@id\":\"https:\\\/\\\/www.jovagro.pt\\\/shop\\\/inovabio\\\/bioprotetores-organicos-de-solo\\\/soillum\\\/#breadcrumb\"},\"inLanguage\":\"en-GB\",\"potentialAction\":[{\"@type\":\"ReadAction\",\"target\":[\"https:\\\/\\\/www.jovagro.pt\\\/shop\\\/inovabio\\\/bioprotetores-organicos-de-solo\\\/soillum\\\/\"]}]},{\"@type\":\"ImageObject\",\"inLanguage\":\"en-GB\",\"@id\":\"https:\\\/\\\/www.jovagro.pt\\\/shop\\\/inovabio\\\/bioprotetores-organicos-de-solo\\\/soillum\\\/#primaryimage\",\"url\":\"https:\\\/\\\/zapaf.pt\\\/wp-content\\\/uploads\\\/2023\\\/06\\\/soillum-300x300-2.png\",\"contentUrl\":\"https:\\\/\\\/zapaf.pt\\\/wp-content\\\/uploads\\\/2023\\\/06\\\/soillum-300x300-2.png\",\"width\":2560,\"height\":2560},{\"@type\":\"BreadcrumbList\",\"@id\":\"https:\\\/\\\/www.jovagro.pt\\\/shop\\\/inovabio\\\/bioprotetores-organicos-de-solo\\\/soillum\\\/#breadcrumb\",\"itemListElement\":[{\"@type\":\"ListItem\",\"position\":1,\"name\":\"Home\",\"item\":\"https:\\\/\\\/www.jovagro.pt\\\/\"},{\"@type\":\"ListItem\",\"position\":2,\"name\":\"Loja\",\"item\":\"https:\\\/\\\/www.jovagro.pt\\\/loja\\\/\"},{\"@type\":\"ListItem\",\"position\":3,\"name\":\"Soillum\u00ae\"}]},{\"@type\":\"WebSite\",\"@id\":\"https:\\\/\\\/www.jovagro.pt\\\/#website\",\"url\":\"https:\\\/\\\/www.jovagro.pt\\\/\",\"name\":\"Jovagro\",\"description\":\"Sempre com a Natureza\",\"publisher\":{\"@id\":\"https:\\\/\\\/www.jovagro.pt\\\/#organization\"},\"potentialAction\":[{\"@type\":\"SearchAction\",\"target\":{\"@type\":\"EntryPoint\",\"urlTemplate\":\"https:\\\/\\\/www.jovagro.pt\\\/?s={search_term_string}\"},\"query-input\":{\"@type\":\"PropertyValueSpecification\",\"valueRequired\":true,\"valueName\":\"search_term_string\"}}],\"inLanguage\":\"en-GB\"},{\"@type\":\"Organization\",\"@id\":\"https:\\\/\\\/www.jovagro.pt\\\/#organization\",\"name\":\"Jovagro\",\"url\":\"https:\\\/\\\/www.jovagro.pt\\\/\",\"logo\":{\"@type\":\"ImageObject\",\"inLanguage\":\"en-GB\",\"@id\":\"https:\\\/\\\/www.jovagro.pt\\\/#\\\/schema\\\/logo\\\/image\\\/\",\"url\":\"https:\\\/\\\/jovagro.pt\\\/wp-content\\\/uploads\\\/2019\\\/12\\\/7-01-01-scaled.jpg\",\"contentUrl\":\"https:\\\/\\\/jovagro.pt\\\/wp-content\\\/uploads\\\/2019\\\/12\\\/7-01-01-scaled.jpg\",\"width\":2560,\"height\":893,\"caption\":\"Jovagro\"},\"image\":{\"@id\":\"https:\\\/\\\/www.jovagro.pt\\\/#\\\/schema\\\/logo\\\/image\\\/\"},\"sameAs\":[\"https:\\\/\\\/www.facebook.com\\\/Jovagro\\\/\"]}]}<\/script>\n<!-- \/ Yoast SEO plugin. -->","yoast_head_json":{"title":"Soillum\u00ae - Jovagro","robots":{"index":"index","follow":"follow","max-snippet":"max-snippet:-1","max-image-preview":"max-image-preview:large","max-video-preview":"max-video-preview:-1"},"canonical":"https:\/\/www.jovagro.pt\/shop\/inovabio\/bioprotetores-organicos-de-solo\/soillum\/","og_locale":"en_GB","og_type":"article","og_title":"Soillum\u00ae - Jovagro","og_description":"Soillum \u00e9 um biofertilizante ultra concentrado que ativa a microbiologia do solo. Soillum \u00e9 composto por Pseudomonas fluorescens, da estirpe GR322. Aumenta a solubilidade de nutrientes (f\u00f3sforo (P), pot\u00e1ssio (K), micronutrientes), tendo influ\u00eancia numa maior capacidade fotossint\u00e9tica, induzindo tamb\u00e9m a produ\u00e7\u00e3o de metabolitos com a\u00e7\u00e3o aux\u00ednica.","og_url":"https:\/\/www.jovagro.pt\/shop\/inovabio\/bioprotetores-organicos-de-solo\/soillum\/","og_site_name":"Jovagro","article_publisher":"https:\/\/www.facebook.com\/Jovagro\/","article_modified_time":"2025-04-22T15:40:05+00:00","og_image":[{"width":2560,"height":2560,"url":"https:\/\/www.jovagro.pt\/wp-content\/uploads\/2023\/06\/soillum-300x300-2.png","type":"image\/png"}],"twitter_card":"summary_large_image","twitter_misc":{"Estimated reading time":"1 minute"},"schema":{"@context":"https:\/\/schema.org","@graph":[{"@type":"WebPage","@id":"https:\/\/www.jovagro.pt\/shop\/inovabio\/bioprotetores-organicos-de-solo\/soillum\/","url":"https:\/\/www.jovagro.pt\/shop\/inovabio\/bioprotetores-organicos-de-solo\/soillum\/","name":"Soillum\u00ae - Jovagro","isPartOf":{"@id":"https:\/\/www.jovagro.pt\/#website"},"primaryImageOfPage":{"@id":"https:\/\/www.jovagro.pt\/shop\/inovabio\/bioprotetores-organicos-de-solo\/soillum\/#primaryimage"},"image":{"@id":"https:\/\/www.jovagro.pt\/shop\/inovabio\/bioprotetores-organicos-de-solo\/soillum\/#primaryimage"},"thumbnailUrl":"https:\/\/zapaf.pt\/wp-content\/uploads\/2023\/06\/soillum-300x300-2.png","datePublished":"2023-06-12T12:00:00+00:00","dateModified":"2025-04-22T15:40:05+00:00","breadcrumb":{"@id":"https:\/\/www.jovagro.pt\/shop\/inovabio\/bioprotetores-organicos-de-solo\/soillum\/#breadcrumb"},"inLanguage":"en-GB","potentialAction":[{"@type":"ReadAction","target":["https:\/\/www.jovagro.pt\/shop\/inovabio\/bioprotetores-organicos-de-solo\/soillum\/"]}]},{"@type":"ImageObject","inLanguage":"en-GB","@id":"https:\/\/www.jovagro.pt\/shop\/inovabio\/bioprotetores-organicos-de-solo\/soillum\/#primaryimage","url":"https:\/\/zapaf.pt\/wp-content\/uploads\/2023\/06\/soillum-300x300-2.png","contentUrl":"https:\/\/zapaf.pt\/wp-content\/uploads\/2023\/06\/soillum-300x300-2.png","width":2560,"height":2560},{"@type":"BreadcrumbList","@id":"https:\/\/www.jovagro.pt\/shop\/inovabio\/bioprotetores-organicos-de-solo\/soillum\/#breadcrumb","itemListElement":[{"@type":"ListItem","position":1,"name":"Home","item":"https:\/\/www.jovagro.pt\/"},{"@type":"ListItem","position":2,"name":"Loja","item":"https:\/\/www.jovagro.pt\/loja\/"},{"@type":"ListItem","position":3,"name":"Soillum\u00ae"}]},{"@type":"WebSite","@id":"https:\/\/www.jovagro.pt\/#website","url":"https:\/\/www.jovagro.pt\/","name":"Jovagro","description":"Sempre com a Natureza","publisher":{"@id":"https:\/\/www.jovagro.pt\/#organization"},"potentialAction":[{"@type":"SearchAction","target":{"@type":"EntryPoint","urlTemplate":"https:\/\/www.jovagro.pt\/?s={search_term_string}"},"query-input":{"@type":"PropertyValueSpecification","valueRequired":true,"valueName":"search_term_string"}}],"inLanguage":"en-GB"},{"@type":"Organization","@id":"https:\/\/www.jovagro.pt\/#organization","name":"Jovagro","url":"https:\/\/www.jovagro.pt\/","logo":{"@type":"ImageObject","inLanguage":"en-GB","@id":"https:\/\/www.jovagro.pt\/#\/schema\/logo\/image\/","url":"https:\/\/jovagro.pt\/wp-content\/uploads\/2019\/12\/7-01-01-scaled.jpg","contentUrl":"https:\/\/jovagro.pt\/wp-content\/uploads\/2019\/12\/7-01-01-scaled.jpg","width":2560,"height":893,"caption":"Jovagro"},"image":{"@id":"https:\/\/www.jovagro.pt\/#\/schema\/logo\/image\/"},"sameAs":["https:\/\/www.facebook.com\/Jovagro\/"]}]}},"_links":{"self":[{"href":"https:\/\/zapaf.pt\/en\/wp-json\/wp\/v2\/product\/36746","targetHints":{"allow":["GET"]}}],"collection":[{"href":"https:\/\/zapaf.pt\/en\/wp-json\/wp\/v2\/product"}],"about":[{"href":"https:\/\/zapaf.pt\/en\/wp-json\/wp\/v2\/types\/product"}],"wp:featuredmedia":[{"embeddable":true,"href":"https:\/\/zapaf.pt\/en\/wp-json\/wp\/v2\/media\/38310"}],"wp:attachment":[{"href":"https:\/\/zapaf.pt\/en\/wp-json\/wp\/v2\/media?parent=36746"}],"wp:term":[{"taxonomy":"product_brand","embeddable":true,"href":"https:\/\/zapaf.pt\/en\/wp-json\/wp\/v2\/product_brand?post=36746"},{"taxonomy":"product_cat","embeddable":true,"href":"https:\/\/zapaf.pt\/en\/wp-json\/wp\/v2\/product_cat?post=36746"},{"taxonomy":"product_tag","embeddable":true,"href":"https:\/\/zapaf.pt\/en\/wp-json\/wp\/v2\/product_tag?post=36746"}],"curies":[{"name":"wp","href":"https:\/\/api.w.org\/{rel}","templated":true}]}}