{"id":36752,"date":"2023-06-12T13:21:57","date_gmt":"2023-06-12T13:21:57","guid":{"rendered":"https:\/\/www.jovagro.pt\/?post_type=product&#038;p=36752"},"modified":"2025-04-22T15:44:28","modified_gmt":"2025-04-22T15:44:28","slug":"nuptak","status":"publish","type":"product","link":"https:\/\/zapaf.pt\/en\/shop\/inovabio\/bioprotetores-organicos-de-solo\/nuptak\/","title":{"rendered":"Nuptak\u00ae"},"content":{"rendered":"<style type=\"text\/css\"> \n#cmsms_row_69e0818b69d12 .cmsms_row_outer_parent { \n\tpadding-top: 0px; \n} \n\n#cmsms_row_69e0818b69d12 .cmsms_row_outer_parent { \n\tpadding-bottom: 50px; \n} \n\n<\/style><div id=\"cmsms_row_69e0818b69d12\" class=\"cmsms_row cmsms_color_scheme_default\">\n<div class=\"cmsms_row_outer_parent\">\n<div class=\"cmsms_row_outer\">\n<div class=\"cmsms_row_inner\">\n<div class=\"cmsms_row_margin\">\n<div class=\"cmsms_column one_first\">\n<div class=\"custom_html\">\n<table class=\"woocommerce-product-attributes shop_attributes\">\n<tbody>\n<tr class=\"woocommerce-product-attributes-item woocommerce-product-attributes-item--attribute_pa_aplicacao\">\n<th class=\"woocommerce-product-attributes-item__label\"><i>Priestia megaterium CB2001<\/i><\/th>\n<td class=\"woocommerce-product-attributes-item__value\">Min10^7 UFC\/g<\/td>\n<\/tr>\n<\/tbody>\n<\/table>\n<\/div>\n<\/div>\n<div class=\"cmsms_column one_first\">\n<\/div>\n<\/div>\n<\/div>\n<\/div>\n<\/div>\n<\/div>","protected":false},"excerpt":{"rendered":"<p><span style=\"color: #808080;\"><strong>Nuptak<\/strong> \u00e9 um biofertilizante s\u00f3lido composto pelo microorganismo<em> Priestia megaterium<\/em> CB2001 numa formula\u00e7\u00e3o \u00fanica, Nuptak fixa o azoto presente na atmosfera e torna-o dispon\u00edvel para a planta sob a forma de am\u00f3nio assimil\u00e1vel.<\/span><\/p>\n<p><span style=\"color: #808080;\">O Nuptak atinge a m\u00e1xima efici\u00eancia na fixa\u00e7\u00e3o biol\u00f3gica de azoto atmosf\u00e9rico (N2), uma vez que a sua formula\u00e7\u00e3o \u00fanica inclui compostos que aumentam a prolifera\u00e7\u00e3o, coloniza\u00e7\u00e3o e sobreviv\u00eancia das bact\u00e9rias, e induzem o processo de fixa\u00e7\u00e3o de azoto que realiza. <\/span><span style=\"color: #808080;\">A estirpe bacteriana em Nuptak foi selecionada porque \u00e9 altamente eficaz na fixa\u00e7\u00e3o de azoto e tem um espectro de a\u00e7\u00e3o completo sobre a cultura PGP (<em>Plant Growth-Promoting<\/em>). <\/span><span style=\"color: #808080;\">Isto \u00e9 conseguido atrav\u00e9s da produ\u00e7\u00e3o de fito-hormonas e mol\u00e9culas protetoras como a ACC-desaminase, al\u00e9m da sua capacidade de solubilizar nutrientes minerais n\u00e3o assimil\u00e1veis no solo, melhorando assim a nutri\u00e7\u00e3o e produtividade da cultura.<\/span><\/p>\n<div class=\"cmsms_text\">\n<p><img loading=\"lazy\" decoding=\"async\" class=\"alignnone size-full wp-image-38345\" src=\"https:\/\/www.jovagro.pt\/wp-content\/uploads\/2023\/06\/CAAEInsumosUNE.jpg\" alt=\"\" width=\"80\" height=\"80\" srcset=\"https:\/\/zapaf.pt\/wp-content\/uploads\/2023\/06\/CAAEInsumosUNE.jpg 80w, https:\/\/zapaf.pt\/wp-content\/uploads\/2023\/06\/CAAEInsumosUNE-12x12.jpg 12w, https:\/\/zapaf.pt\/wp-content\/uploads\/2023\/06\/CAAEInsumosUNE-55x55.jpg 55w\" sizes=\"auto, (max-width: 80px) 100vw, 80px\" \/>\u00a0 \u00a0\u00a0 <img loading=\"lazy\" decoding=\"async\" class=\"alignnone size-medium wp-image-38346\" src=\"https:\/\/www.jovagro.pt\/wp-content\/uploads\/2023\/06\/fibl-1-1.png\" alt=\"\" width=\"80\" height=\"80\" srcset=\"https:\/\/zapaf.pt\/wp-content\/uploads\/2023\/06\/fibl-1-1.png 80w, https:\/\/zapaf.pt\/wp-content\/uploads\/2023\/06\/fibl-1-1-12x12.png 12w, https:\/\/zapaf.pt\/wp-content\/uploads\/2023\/06\/fibl-1-1-55x55.png 55w\" sizes=\"auto, (max-width: 80px) 100vw, 80px\" \/> \u00a0 <img loading=\"lazy\" decoding=\"async\" class=\"alignnone size-medium wp-image-38347\" src=\"https:\/\/www.jovagro.pt\/wp-content\/uploads\/2023\/06\/intereco_Vlogo_281119.png\" alt=\"\" width=\"80\" height=\"80\" srcset=\"https:\/\/zapaf.pt\/wp-content\/uploads\/2023\/06\/intereco_Vlogo_281119.png 80w, https:\/\/zapaf.pt\/wp-content\/uploads\/2023\/06\/intereco_Vlogo_281119-12x12.png 12w, https:\/\/zapaf.pt\/wp-content\/uploads\/2023\/06\/intereco_Vlogo_281119-55x55.png 55w\" sizes=\"auto, (max-width: 80px) 100vw, 80px\" \/><\/p>\n<p>&nbsp;<\/p>\n<div class=\"cmsms_text\" style=\"position: absolute; bottom: 0;\">\n<h5><\/h5>\n<\/div>\n<\/div>","protected":false},"featured_media":36618,"template":"","meta":{"_monsterinsights_skip_tracking":false,"_monsterinsights_sitenote_active":false,"_monsterinsights_sitenote_note":"","_monsterinsights_sitenote_category":0},"product_brand":[],"product_cat":[415],"product_tag":[],"class_list":{"0":"post-36752","1":"product","2":"type-product","3":"status-publish","4":"has-post-thumbnail","6":"product_cat-bioprotetores-organicos-de-solo","8":"first","9":"instock","10":"taxable","11":"shipping-taxable","12":"purchasable","13":"product-type-variable"},"yoast_head":"<!-- This site is optimized with the Yoast SEO plugin v27.4 - https:\/\/yoast.com\/product\/yoast-seo-wordpress\/ -->\n<title>Nuptak\u00ae - Jovagro<\/title>\n<meta name=\"robots\" content=\"index, follow, max-snippet:-1, max-image-preview:large, max-video-preview:-1\" \/>\n<link rel=\"canonical\" href=\"https:\/\/mail.zapaf.pt\/en\/shop\/inovabio\/bioprotetores-organicos-de-solo\/nuptak\/\" \/>\n<meta property=\"og:locale\" content=\"en_GB\" \/>\n<meta property=\"og:type\" content=\"article\" \/>\n<meta property=\"og:title\" content=\"Nuptak\u00ae - Jovagro\" \/>\n<meta property=\"og:description\" content=\"Nuptak \u00e9 um biofertilizante s\u00f3lido composto pelo microorganismo Priestia megaterium CB2001 numa formula\u00e7\u00e3o \u00fanica, Nuptak fixa o azoto presente na atmosfera e torna-o dispon\u00edvel para a planta sob a forma de am\u00f3nio assimil\u00e1vel.  O Nuptak atinge a m\u00e1xima efici\u00eancia na fixa\u00e7\u00e3o biol\u00f3gica de azoto atmosf\u00e9rico (N2), uma vez que a sua formula\u00e7\u00e3o \u00fanica inclui compostos que aumentam a prolifera\u00e7\u00e3o, coloniza\u00e7\u00e3o e sobreviv\u00eancia das bact\u00e9rias, e induzem o processo de fixa\u00e7\u00e3o de azoto que realiza. A estirpe bacteriana em Nuptak foi selecionada porque \u00e9 altamente eficaz na fixa\u00e7\u00e3o de azoto e tem um espectro de a\u00e7\u00e3o completo sobre a cultura PGP (Plant Growth-Promoting). Isto \u00e9 conseguido atrav\u00e9s da produ\u00e7\u00e3o de fito-hormonas e mol\u00e9culas protetoras como a ACC-desaminase, al\u00e9m da sua capacidade de solubilizar nutrientes minerais n\u00e3o assimil\u00e1veis no solo, melhorando assim a nutri\u00e7\u00e3o e produtividade da cultura.   \u00a0 \u00a0\u00a0 \u00a0   &nbsp;\" \/>\n<meta property=\"og:url\" content=\"https:\/\/mail.zapaf.pt\/en\/shop\/inovabio\/bioprotetores-organicos-de-solo\/nuptak\/\" \/>\n<meta property=\"og:site_name\" content=\"Jovagro\" \/>\n<meta property=\"article:publisher\" content=\"https:\/\/www.facebook.com\/Jovagro\/\" \/>\n<meta property=\"article:modified_time\" content=\"2025-04-22T15:44:28+00:00\" \/>\n<meta property=\"og:image\" content=\"https:\/\/mail.zapaf.pt\/wp-content\/uploads\/2023\/06\/Nuptak.png\" \/>\n\t<meta property=\"og:image:width\" content=\"2560\" \/>\n\t<meta property=\"og:image:height\" content=\"2560\" \/>\n\t<meta property=\"og:image:type\" content=\"image\/png\" \/>\n<meta name=\"twitter:card\" content=\"summary_large_image\" \/>\n<meta name=\"twitter:label1\" content=\"Estimated reading time\" \/>\n\t<meta name=\"twitter:data1\" content=\"1 minute\" \/>\n<script type=\"application\/ld+json\" class=\"yoast-schema-graph\">{\"@context\":\"https:\\\/\\\/schema.org\",\"@graph\":[{\"@type\":\"WebPage\",\"@id\":\"https:\\\/\\\/mail.zapaf.pt\\\/en\\\/shop\\\/inovabio\\\/bioprotetores-organicos-de-solo\\\/nuptak\\\/\",\"url\":\"https:\\\/\\\/mail.zapaf.pt\\\/en\\\/shop\\\/inovabio\\\/bioprotetores-organicos-de-solo\\\/nuptak\\\/\",\"name\":\"Nuptak\u00ae - Jovagro\",\"isPartOf\":{\"@id\":\"https:\\\/\\\/www.jovagro.pt\\\/#website\"},\"primaryImageOfPage\":{\"@id\":\"https:\\\/\\\/mail.zapaf.pt\\\/en\\\/shop\\\/inovabio\\\/bioprotetores-organicos-de-solo\\\/nuptak\\\/#primaryimage\"},\"image\":{\"@id\":\"https:\\\/\\\/mail.zapaf.pt\\\/en\\\/shop\\\/inovabio\\\/bioprotetores-organicos-de-solo\\\/nuptak\\\/#primaryimage\"},\"thumbnailUrl\":\"https:\\\/\\\/zapaf.pt\\\/wp-content\\\/uploads\\\/2023\\\/06\\\/Nuptak.png\",\"datePublished\":\"2023-06-12T13:21:57+00:00\",\"dateModified\":\"2025-04-22T15:44:28+00:00\",\"breadcrumb\":{\"@id\":\"https:\\\/\\\/mail.zapaf.pt\\\/en\\\/shop\\\/inovabio\\\/bioprotetores-organicos-de-solo\\\/nuptak\\\/#breadcrumb\"},\"inLanguage\":\"en-GB\",\"potentialAction\":[{\"@type\":\"ReadAction\",\"target\":[\"https:\\\/\\\/mail.zapaf.pt\\\/en\\\/shop\\\/inovabio\\\/bioprotetores-organicos-de-solo\\\/nuptak\\\/\"]}]},{\"@type\":\"ImageObject\",\"inLanguage\":\"en-GB\",\"@id\":\"https:\\\/\\\/mail.zapaf.pt\\\/en\\\/shop\\\/inovabio\\\/bioprotetores-organicos-de-solo\\\/nuptak\\\/#primaryimage\",\"url\":\"https:\\\/\\\/zapaf.pt\\\/wp-content\\\/uploads\\\/2023\\\/06\\\/Nuptak.png\",\"contentUrl\":\"https:\\\/\\\/zapaf.pt\\\/wp-content\\\/uploads\\\/2023\\\/06\\\/Nuptak.png\",\"width\":2560,\"height\":2560},{\"@type\":\"BreadcrumbList\",\"@id\":\"https:\\\/\\\/mail.zapaf.pt\\\/en\\\/shop\\\/inovabio\\\/bioprotetores-organicos-de-solo\\\/nuptak\\\/#breadcrumb\",\"itemListElement\":[{\"@type\":\"ListItem\",\"position\":1,\"name\":\"Home\",\"item\":\"https:\\\/\\\/www.jovagro.pt\\\/\"},{\"@type\":\"ListItem\",\"position\":2,\"name\":\"Loja\",\"item\":\"https:\\\/\\\/www.jovagro.pt\\\/loja\\\/\"},{\"@type\":\"ListItem\",\"position\":3,\"name\":\"Nuptak\u00ae\"}]},{\"@type\":\"WebSite\",\"@id\":\"https:\\\/\\\/www.jovagro.pt\\\/#website\",\"url\":\"https:\\\/\\\/www.jovagro.pt\\\/\",\"name\":\"Jovagro\",\"description\":\"Sempre com a Natureza\",\"publisher\":{\"@id\":\"https:\\\/\\\/www.jovagro.pt\\\/#organization\"},\"potentialAction\":[{\"@type\":\"SearchAction\",\"target\":{\"@type\":\"EntryPoint\",\"urlTemplate\":\"https:\\\/\\\/www.jovagro.pt\\\/?s={search_term_string}\"},\"query-input\":{\"@type\":\"PropertyValueSpecification\",\"valueRequired\":true,\"valueName\":\"search_term_string\"}}],\"inLanguage\":\"en-GB\"},{\"@type\":\"Organization\",\"@id\":\"https:\\\/\\\/www.jovagro.pt\\\/#organization\",\"name\":\"Jovagro\",\"url\":\"https:\\\/\\\/www.jovagro.pt\\\/\",\"logo\":{\"@type\":\"ImageObject\",\"inLanguage\":\"en-GB\",\"@id\":\"https:\\\/\\\/www.jovagro.pt\\\/#\\\/schema\\\/logo\\\/image\\\/\",\"url\":\"https:\\\/\\\/jovagro.pt\\\/wp-content\\\/uploads\\\/2019\\\/12\\\/7-01-01-scaled.jpg\",\"contentUrl\":\"https:\\\/\\\/jovagro.pt\\\/wp-content\\\/uploads\\\/2019\\\/12\\\/7-01-01-scaled.jpg\",\"width\":2560,\"height\":893,\"caption\":\"Jovagro\"},\"image\":{\"@id\":\"https:\\\/\\\/www.jovagro.pt\\\/#\\\/schema\\\/logo\\\/image\\\/\"},\"sameAs\":[\"https:\\\/\\\/www.facebook.com\\\/Jovagro\\\/\"]}]}<\/script>\n<!-- \/ Yoast SEO plugin. -->","yoast_head_json":{"title":"Nuptak\u00ae - Jovagro","robots":{"index":"index","follow":"follow","max-snippet":"max-snippet:-1","max-image-preview":"max-image-preview:large","max-video-preview":"max-video-preview:-1"},"canonical":"https:\/\/mail.zapaf.pt\/en\/shop\/inovabio\/bioprotetores-organicos-de-solo\/nuptak\/","og_locale":"en_GB","og_type":"article","og_title":"Nuptak\u00ae - Jovagro","og_description":"Nuptak \u00e9 um biofertilizante s\u00f3lido composto pelo microorganismo Priestia megaterium CB2001 numa formula\u00e7\u00e3o \u00fanica, Nuptak fixa o azoto presente na atmosfera e torna-o dispon\u00edvel para a planta sob a forma de am\u00f3nio assimil\u00e1vel.  O Nuptak atinge a m\u00e1xima efici\u00eancia na fixa\u00e7\u00e3o biol\u00f3gica de azoto atmosf\u00e9rico (N2), uma vez que a sua formula\u00e7\u00e3o \u00fanica inclui compostos que aumentam a prolifera\u00e7\u00e3o, coloniza\u00e7\u00e3o e sobreviv\u00eancia das bact\u00e9rias, e induzem o processo de fixa\u00e7\u00e3o de azoto que realiza. A estirpe bacteriana em Nuptak foi selecionada porque \u00e9 altamente eficaz na fixa\u00e7\u00e3o de azoto e tem um espectro de a\u00e7\u00e3o completo sobre a cultura PGP (Plant Growth-Promoting). Isto \u00e9 conseguido atrav\u00e9s da produ\u00e7\u00e3o de fito-hormonas e mol\u00e9culas protetoras como a ACC-desaminase, al\u00e9m da sua capacidade de solubilizar nutrientes minerais n\u00e3o assimil\u00e1veis no solo, melhorando assim a nutri\u00e7\u00e3o e produtividade da cultura.   \u00a0 \u00a0\u00a0 \u00a0   &nbsp;","og_url":"https:\/\/mail.zapaf.pt\/en\/shop\/inovabio\/bioprotetores-organicos-de-solo\/nuptak\/","og_site_name":"Jovagro","article_publisher":"https:\/\/www.facebook.com\/Jovagro\/","article_modified_time":"2025-04-22T15:44:28+00:00","og_image":[{"width":2560,"height":2560,"url":"https:\/\/mail.zapaf.pt\/wp-content\/uploads\/2023\/06\/Nuptak.png","type":"image\/png"}],"twitter_card":"summary_large_image","twitter_misc":{"Estimated reading time":"1 minute"},"schema":{"@context":"https:\/\/schema.org","@graph":[{"@type":"WebPage","@id":"https:\/\/mail.zapaf.pt\/en\/shop\/inovabio\/bioprotetores-organicos-de-solo\/nuptak\/","url":"https:\/\/mail.zapaf.pt\/en\/shop\/inovabio\/bioprotetores-organicos-de-solo\/nuptak\/","name":"Nuptak\u00ae - Jovagro","isPartOf":{"@id":"https:\/\/www.jovagro.pt\/#website"},"primaryImageOfPage":{"@id":"https:\/\/mail.zapaf.pt\/en\/shop\/inovabio\/bioprotetores-organicos-de-solo\/nuptak\/#primaryimage"},"image":{"@id":"https:\/\/mail.zapaf.pt\/en\/shop\/inovabio\/bioprotetores-organicos-de-solo\/nuptak\/#primaryimage"},"thumbnailUrl":"https:\/\/zapaf.pt\/wp-content\/uploads\/2023\/06\/Nuptak.png","datePublished":"2023-06-12T13:21:57+00:00","dateModified":"2025-04-22T15:44:28+00:00","breadcrumb":{"@id":"https:\/\/mail.zapaf.pt\/en\/shop\/inovabio\/bioprotetores-organicos-de-solo\/nuptak\/#breadcrumb"},"inLanguage":"en-GB","potentialAction":[{"@type":"ReadAction","target":["https:\/\/mail.zapaf.pt\/en\/shop\/inovabio\/bioprotetores-organicos-de-solo\/nuptak\/"]}]},{"@type":"ImageObject","inLanguage":"en-GB","@id":"https:\/\/mail.zapaf.pt\/en\/shop\/inovabio\/bioprotetores-organicos-de-solo\/nuptak\/#primaryimage","url":"https:\/\/zapaf.pt\/wp-content\/uploads\/2023\/06\/Nuptak.png","contentUrl":"https:\/\/zapaf.pt\/wp-content\/uploads\/2023\/06\/Nuptak.png","width":2560,"height":2560},{"@type":"BreadcrumbList","@id":"https:\/\/mail.zapaf.pt\/en\/shop\/inovabio\/bioprotetores-organicos-de-solo\/nuptak\/#breadcrumb","itemListElement":[{"@type":"ListItem","position":1,"name":"Home","item":"https:\/\/www.jovagro.pt\/"},{"@type":"ListItem","position":2,"name":"Loja","item":"https:\/\/www.jovagro.pt\/loja\/"},{"@type":"ListItem","position":3,"name":"Nuptak\u00ae"}]},{"@type":"WebSite","@id":"https:\/\/www.jovagro.pt\/#website","url":"https:\/\/www.jovagro.pt\/","name":"Jovagro","description":"Sempre com a Natureza","publisher":{"@id":"https:\/\/www.jovagro.pt\/#organization"},"potentialAction":[{"@type":"SearchAction","target":{"@type":"EntryPoint","urlTemplate":"https:\/\/www.jovagro.pt\/?s={search_term_string}"},"query-input":{"@type":"PropertyValueSpecification","valueRequired":true,"valueName":"search_term_string"}}],"inLanguage":"en-GB"},{"@type":"Organization","@id":"https:\/\/www.jovagro.pt\/#organization","name":"Jovagro","url":"https:\/\/www.jovagro.pt\/","logo":{"@type":"ImageObject","inLanguage":"en-GB","@id":"https:\/\/www.jovagro.pt\/#\/schema\/logo\/image\/","url":"https:\/\/jovagro.pt\/wp-content\/uploads\/2019\/12\/7-01-01-scaled.jpg","contentUrl":"https:\/\/jovagro.pt\/wp-content\/uploads\/2019\/12\/7-01-01-scaled.jpg","width":2560,"height":893,"caption":"Jovagro"},"image":{"@id":"https:\/\/www.jovagro.pt\/#\/schema\/logo\/image\/"},"sameAs":["https:\/\/www.facebook.com\/Jovagro\/"]}]}},"_links":{"self":[{"href":"https:\/\/zapaf.pt\/en\/wp-json\/wp\/v2\/product\/36752","targetHints":{"allow":["GET"]}}],"collection":[{"href":"https:\/\/zapaf.pt\/en\/wp-json\/wp\/v2\/product"}],"about":[{"href":"https:\/\/zapaf.pt\/en\/wp-json\/wp\/v2\/types\/product"}],"wp:featuredmedia":[{"embeddable":true,"href":"https:\/\/zapaf.pt\/en\/wp-json\/wp\/v2\/media\/36618"}],"wp:attachment":[{"href":"https:\/\/zapaf.pt\/en\/wp-json\/wp\/v2\/media?parent=36752"}],"wp:term":[{"taxonomy":"product_brand","embeddable":true,"href":"https:\/\/zapaf.pt\/en\/wp-json\/wp\/v2\/product_brand?post=36752"},{"taxonomy":"product_cat","embeddable":true,"href":"https:\/\/zapaf.pt\/en\/wp-json\/wp\/v2\/product_cat?post=36752"},{"taxonomy":"product_tag","embeddable":true,"href":"https:\/\/zapaf.pt\/en\/wp-json\/wp\/v2\/product_tag?post=36752"}],"curies":[{"name":"wp","href":"https:\/\/api.w.org\/{rel}","templated":true}]}}