{"id":36804,"date":"2023-06-20T13:38:04","date_gmt":"2023-06-20T13:38:04","guid":{"rendered":"https:\/\/www.jovagro.pt\/?post_type=product&#038;p=36804"},"modified":"2025-04-22T16:07:56","modified_gmt":"2025-04-22T16:07:56","slug":"cunat","status":"publish","type":"product","link":"https:\/\/zapaf.pt\/en\/shop\/inovabio\/indutores-de-autodefesa-a-doencas\/cunat\/","title":{"rendered":"Cunat\u00ae"},"content":{"rendered":"<style type=\"text\/css\"> \n#cmsms_row_69e0d6263950f .cmsms_row_outer_parent { \n\tpadding-top: 0px; \n} \n\n#cmsms_row_69e0d6263950f .cmsms_row_outer_parent { \n\tpadding-bottom: 50px; \n} \n\n<\/style><div id=\"cmsms_row_69e0d6263950f\" class=\"cmsms_row cmsms_color_scheme_default\">\n<div class=\"cmsms_row_outer_parent\">\n<div class=\"cmsms_row_outer\">\n<div class=\"cmsms_row_inner\">\n<div class=\"cmsms_row_margin\">\n<div class=\"cmsms_column one_first\">\n<div class=\"custom_html\">\n<table class=\"woocommerce-product-attributes shop_attributes\">\n<tbody>\n<tr class=\"woocommerce-product-attributes-item woocommerce-product-attributes-item--attribute_pa_aplicacao\">\n<th class=\"woocommerce-product-attributes-item__label\">Cobre (Cu) total<\/th>\n<td class=\"woocommerce-product-attributes-item__value\">5%<\/td>\n<\/tr>\n<tr class=\"woocommerce-product-attributes-item woocommerce-product-attributes-item--attribute_pa_aplicacao\">\n<th class=\"woocommerce-product-attributes-item__label\">Cobre (Cu) sol\u00favel em \u00e1gua<\/th>\n<td class=\"woocommerce-product-attributes-item__value\">5%<\/td>\n<\/tr>\n<\/tbody>\n<\/table>\n<\/div>\n<\/div>\n<div class=\"cmsms_column one_first\">\n<p><\/p>\n<\/div>\n<\/div>\n<\/div>\n<\/div>\n<\/div>\n<\/div>","protected":false},"excerpt":{"rendered":"<p>\u00c9 uma formula\u00e7\u00e3o baseada numa solu\u00e7\u00e3o de Cu (I) est\u00e1vel no tempo e complexada eficientemente para que a sua liberta\u00e7\u00e3o no interior da planta se realize de maneira progressiva e controlada, reduzindo assim o risco de fitotoxicidade ou sensibilidades. Com base em diferentes estudos demonstrou-se que <strong>Cunat<\/strong> \u00e9 capaz de ativar v\u00e1rios mecanismos enzim\u00e1ticos de defesas da planta.<\/p>\n<p><img loading=\"lazy\" decoding=\"async\" class=\"alignnone size-full wp-image-38351\" src=\"https:\/\/www.jovagro.pt\/wp-content\/uploads\/2023\/06\/approved-by-ecocert-inputs-vector-logo.png\" alt=\"\" width=\"80\" height=\"80\" \/><\/p>\n<div class=\"cmsms_text\" style=\"position: absolute; bottom: 0;\">\n<h5><strong>\u00a0<\/strong><\/h5>\n<\/div>","protected":false},"featured_media":36627,"template":"","meta":{"_monsterinsights_skip_tracking":false,"_monsterinsights_sitenote_active":false,"_monsterinsights_sitenote_note":"","_monsterinsights_sitenote_category":0},"product_brand":[],"product_cat":[510],"product_tag":[],"class_list":{"0":"post-36804","1":"product","2":"type-product","3":"status-publish","4":"has-post-thumbnail","6":"product_cat-indutores-de-autodefesa-a-doencas","8":"first","9":"instock","10":"taxable","11":"shipping-taxable","12":"purchasable","13":"product-type-variable"},"yoast_head":"<!-- This site is optimized with the Yoast SEO plugin v27.4 - https:\/\/yoast.com\/product\/yoast-seo-wordpress\/ -->\n<title>Cunat\u00ae - Jovagro<\/title>\n<meta name=\"robots\" content=\"noindex, follow\" \/>\n<meta property=\"og:locale\" content=\"en_GB\" \/>\n<meta property=\"og:type\" content=\"article\" \/>\n<meta property=\"og:title\" content=\"Cunat\u00ae - Jovagro\" \/>\n<meta property=\"og:description\" content=\"\u00c9 uma formula\u00e7\u00e3o baseada numa solu\u00e7\u00e3o de Cu (I) est\u00e1vel no tempo e complexada eficientemente para que a sua liberta\u00e7\u00e3o no interior da planta se realize de maneira progressiva e controlada, reduzindo assim o risco de fitotoxicidade ou sensibilidades. Com base em diferentes estudos demonstrou-se que Cunat \u00e9 capaz de ativar v\u00e1rios mecanismos enzim\u00e1ticos de defesas da planta.    \u00a0\" \/>\n<meta property=\"og:url\" content=\"http:\/\/jovagro.pt\/en\/shop\/inovabio\/indutores-de-autodefesa-a-doencas\/cunat\/\" \/>\n<meta property=\"og:site_name\" content=\"Jovagro\" \/>\n<meta property=\"article:publisher\" content=\"https:\/\/www.facebook.com\/Jovagro\/\" \/>\n<meta property=\"article:modified_time\" content=\"2025-04-22T16:07:56+00:00\" \/>\n<meta property=\"og:image\" content=\"https:\/\/jovagro.pt\/wp-content\/uploads\/2023\/06\/Cunat.png\" \/>\n\t<meta property=\"og:image:width\" content=\"2560\" \/>\n\t<meta property=\"og:image:height\" content=\"2560\" \/>\n\t<meta property=\"og:image:type\" content=\"image\/png\" \/>\n<meta name=\"twitter:card\" content=\"summary_large_image\" \/>\n<meta name=\"twitter:label1\" content=\"Estimated reading time\" \/>\n\t<meta name=\"twitter:data1\" content=\"1 minute\" \/>\n<script type=\"application\/ld+json\" class=\"yoast-schema-graph\">{\"@context\":\"https:\\\/\\\/schema.org\",\"@graph\":[{\"@type\":\"WebPage\",\"@id\":\"http:\\\/\\\/jovagro.pt\\\/en\\\/shop\\\/inovabio\\\/indutores-de-autodefesa-a-doencas\\\/cunat\\\/\",\"url\":\"http:\\\/\\\/jovagro.pt\\\/en\\\/shop\\\/inovabio\\\/indutores-de-autodefesa-a-doencas\\\/cunat\\\/\",\"name\":\"Cunat\u00ae - Jovagro\",\"isPartOf\":{\"@id\":\"https:\\\/\\\/www.jovagro.pt\\\/#website\"},\"primaryImageOfPage\":{\"@id\":\"http:\\\/\\\/jovagro.pt\\\/en\\\/shop\\\/inovabio\\\/indutores-de-autodefesa-a-doencas\\\/cunat\\\/#primaryimage\"},\"image\":{\"@id\":\"http:\\\/\\\/jovagro.pt\\\/en\\\/shop\\\/inovabio\\\/indutores-de-autodefesa-a-doencas\\\/cunat\\\/#primaryimage\"},\"thumbnailUrl\":\"https:\\\/\\\/zapaf.pt\\\/wp-content\\\/uploads\\\/2023\\\/06\\\/Cunat.png\",\"datePublished\":\"2023-06-20T13:38:04+00:00\",\"dateModified\":\"2025-04-22T16:07:56+00:00\",\"breadcrumb\":{\"@id\":\"http:\\\/\\\/jovagro.pt\\\/en\\\/shop\\\/inovabio\\\/indutores-de-autodefesa-a-doencas\\\/cunat\\\/#breadcrumb\"},\"inLanguage\":\"en-GB\",\"potentialAction\":[{\"@type\":\"ReadAction\",\"target\":[\"http:\\\/\\\/jovagro.pt\\\/en\\\/shop\\\/inovabio\\\/indutores-de-autodefesa-a-doencas\\\/cunat\\\/\"]}]},{\"@type\":\"ImageObject\",\"inLanguage\":\"en-GB\",\"@id\":\"http:\\\/\\\/jovagro.pt\\\/en\\\/shop\\\/inovabio\\\/indutores-de-autodefesa-a-doencas\\\/cunat\\\/#primaryimage\",\"url\":\"https:\\\/\\\/zapaf.pt\\\/wp-content\\\/uploads\\\/2023\\\/06\\\/Cunat.png\",\"contentUrl\":\"https:\\\/\\\/zapaf.pt\\\/wp-content\\\/uploads\\\/2023\\\/06\\\/Cunat.png\",\"width\":2560,\"height\":2560},{\"@type\":\"BreadcrumbList\",\"@id\":\"http:\\\/\\\/jovagro.pt\\\/en\\\/shop\\\/inovabio\\\/indutores-de-autodefesa-a-doencas\\\/cunat\\\/#breadcrumb\",\"itemListElement\":[{\"@type\":\"ListItem\",\"position\":1,\"name\":\"Home\",\"item\":\"https:\\\/\\\/www.jovagro.pt\\\/\"},{\"@type\":\"ListItem\",\"position\":2,\"name\":\"Loja\",\"item\":\"https:\\\/\\\/www.jovagro.pt\\\/loja\\\/\"},{\"@type\":\"ListItem\",\"position\":3,\"name\":\"Cunat\u00ae\"}]},{\"@type\":\"WebSite\",\"@id\":\"https:\\\/\\\/www.jovagro.pt\\\/#website\",\"url\":\"https:\\\/\\\/www.jovagro.pt\\\/\",\"name\":\"Jovagro\",\"description\":\"Sempre com a Natureza\",\"publisher\":{\"@id\":\"https:\\\/\\\/www.jovagro.pt\\\/#organization\"},\"potentialAction\":[{\"@type\":\"SearchAction\",\"target\":{\"@type\":\"EntryPoint\",\"urlTemplate\":\"https:\\\/\\\/www.jovagro.pt\\\/?s={search_term_string}\"},\"query-input\":{\"@type\":\"PropertyValueSpecification\",\"valueRequired\":true,\"valueName\":\"search_term_string\"}}],\"inLanguage\":\"en-GB\"},{\"@type\":\"Organization\",\"@id\":\"https:\\\/\\\/www.jovagro.pt\\\/#organization\",\"name\":\"Jovagro\",\"url\":\"https:\\\/\\\/www.jovagro.pt\\\/\",\"logo\":{\"@type\":\"ImageObject\",\"inLanguage\":\"en-GB\",\"@id\":\"https:\\\/\\\/www.jovagro.pt\\\/#\\\/schema\\\/logo\\\/image\\\/\",\"url\":\"https:\\\/\\\/jovagro.pt\\\/wp-content\\\/uploads\\\/2019\\\/12\\\/7-01-01-scaled.jpg\",\"contentUrl\":\"https:\\\/\\\/jovagro.pt\\\/wp-content\\\/uploads\\\/2019\\\/12\\\/7-01-01-scaled.jpg\",\"width\":2560,\"height\":893,\"caption\":\"Jovagro\"},\"image\":{\"@id\":\"https:\\\/\\\/www.jovagro.pt\\\/#\\\/schema\\\/logo\\\/image\\\/\"},\"sameAs\":[\"https:\\\/\\\/www.facebook.com\\\/Jovagro\\\/\"]}]}<\/script>\n<!-- \/ Yoast SEO plugin. -->","yoast_head_json":{"title":"Cunat\u00ae - Jovagro","robots":{"index":"noindex","follow":"follow"},"og_locale":"en_GB","og_type":"article","og_title":"Cunat\u00ae - Jovagro","og_description":"\u00c9 uma formula\u00e7\u00e3o baseada numa solu\u00e7\u00e3o de Cu (I) est\u00e1vel no tempo e complexada eficientemente para que a sua liberta\u00e7\u00e3o no interior da planta se realize de maneira progressiva e controlada, reduzindo assim o risco de fitotoxicidade ou sensibilidades. Com base em diferentes estudos demonstrou-se que Cunat \u00e9 capaz de ativar v\u00e1rios mecanismos enzim\u00e1ticos de defesas da planta.    \u00a0","og_url":"http:\/\/jovagro.pt\/en\/shop\/inovabio\/indutores-de-autodefesa-a-doencas\/cunat\/","og_site_name":"Jovagro","article_publisher":"https:\/\/www.facebook.com\/Jovagro\/","article_modified_time":"2025-04-22T16:07:56+00:00","og_image":[{"width":2560,"height":2560,"url":"https:\/\/jovagro.pt\/wp-content\/uploads\/2023\/06\/Cunat.png","type":"image\/png"}],"twitter_card":"summary_large_image","twitter_misc":{"Estimated reading time":"1 minute"},"schema":{"@context":"https:\/\/schema.org","@graph":[{"@type":"WebPage","@id":"http:\/\/jovagro.pt\/en\/shop\/inovabio\/indutores-de-autodefesa-a-doencas\/cunat\/","url":"http:\/\/jovagro.pt\/en\/shop\/inovabio\/indutores-de-autodefesa-a-doencas\/cunat\/","name":"Cunat\u00ae - Jovagro","isPartOf":{"@id":"https:\/\/www.jovagro.pt\/#website"},"primaryImageOfPage":{"@id":"http:\/\/jovagro.pt\/en\/shop\/inovabio\/indutores-de-autodefesa-a-doencas\/cunat\/#primaryimage"},"image":{"@id":"http:\/\/jovagro.pt\/en\/shop\/inovabio\/indutores-de-autodefesa-a-doencas\/cunat\/#primaryimage"},"thumbnailUrl":"https:\/\/zapaf.pt\/wp-content\/uploads\/2023\/06\/Cunat.png","datePublished":"2023-06-20T13:38:04+00:00","dateModified":"2025-04-22T16:07:56+00:00","breadcrumb":{"@id":"http:\/\/jovagro.pt\/en\/shop\/inovabio\/indutores-de-autodefesa-a-doencas\/cunat\/#breadcrumb"},"inLanguage":"en-GB","potentialAction":[{"@type":"ReadAction","target":["http:\/\/jovagro.pt\/en\/shop\/inovabio\/indutores-de-autodefesa-a-doencas\/cunat\/"]}]},{"@type":"ImageObject","inLanguage":"en-GB","@id":"http:\/\/jovagro.pt\/en\/shop\/inovabio\/indutores-de-autodefesa-a-doencas\/cunat\/#primaryimage","url":"https:\/\/zapaf.pt\/wp-content\/uploads\/2023\/06\/Cunat.png","contentUrl":"https:\/\/zapaf.pt\/wp-content\/uploads\/2023\/06\/Cunat.png","width":2560,"height":2560},{"@type":"BreadcrumbList","@id":"http:\/\/jovagro.pt\/en\/shop\/inovabio\/indutores-de-autodefesa-a-doencas\/cunat\/#breadcrumb","itemListElement":[{"@type":"ListItem","position":1,"name":"Home","item":"https:\/\/www.jovagro.pt\/"},{"@type":"ListItem","position":2,"name":"Loja","item":"https:\/\/www.jovagro.pt\/loja\/"},{"@type":"ListItem","position":3,"name":"Cunat\u00ae"}]},{"@type":"WebSite","@id":"https:\/\/www.jovagro.pt\/#website","url":"https:\/\/www.jovagro.pt\/","name":"Jovagro","description":"Sempre com a Natureza","publisher":{"@id":"https:\/\/www.jovagro.pt\/#organization"},"potentialAction":[{"@type":"SearchAction","target":{"@type":"EntryPoint","urlTemplate":"https:\/\/www.jovagro.pt\/?s={search_term_string}"},"query-input":{"@type":"PropertyValueSpecification","valueRequired":true,"valueName":"search_term_string"}}],"inLanguage":"en-GB"},{"@type":"Organization","@id":"https:\/\/www.jovagro.pt\/#organization","name":"Jovagro","url":"https:\/\/www.jovagro.pt\/","logo":{"@type":"ImageObject","inLanguage":"en-GB","@id":"https:\/\/www.jovagro.pt\/#\/schema\/logo\/image\/","url":"https:\/\/jovagro.pt\/wp-content\/uploads\/2019\/12\/7-01-01-scaled.jpg","contentUrl":"https:\/\/jovagro.pt\/wp-content\/uploads\/2019\/12\/7-01-01-scaled.jpg","width":2560,"height":893,"caption":"Jovagro"},"image":{"@id":"https:\/\/www.jovagro.pt\/#\/schema\/logo\/image\/"},"sameAs":["https:\/\/www.facebook.com\/Jovagro\/"]}]}},"_links":{"self":[{"href":"https:\/\/zapaf.pt\/en\/wp-json\/wp\/v2\/product\/36804","targetHints":{"allow":["GET"]}}],"collection":[{"href":"https:\/\/zapaf.pt\/en\/wp-json\/wp\/v2\/product"}],"about":[{"href":"https:\/\/zapaf.pt\/en\/wp-json\/wp\/v2\/types\/product"}],"wp:featuredmedia":[{"embeddable":true,"href":"https:\/\/zapaf.pt\/en\/wp-json\/wp\/v2\/media\/36627"}],"wp:attachment":[{"href":"https:\/\/zapaf.pt\/en\/wp-json\/wp\/v2\/media?parent=36804"}],"wp:term":[{"taxonomy":"product_brand","embeddable":true,"href":"https:\/\/zapaf.pt\/en\/wp-json\/wp\/v2\/product_brand?post=36804"},{"taxonomy":"product_cat","embeddable":true,"href":"https:\/\/zapaf.pt\/en\/wp-json\/wp\/v2\/product_cat?post=36804"},{"taxonomy":"product_tag","embeddable":true,"href":"https:\/\/zapaf.pt\/en\/wp-json\/wp\/v2\/product_tag?post=36804"}],"curies":[{"name":"wp","href":"https:\/\/api.w.org\/{rel}","templated":true}]}}