{"id":36811,"date":"2023-06-20T14:44:01","date_gmt":"2023-06-20T14:44:01","guid":{"rendered":"https:\/\/www.jovagro.pt\/?post_type=product&#038;p=36811"},"modified":"2025-04-22T16:18:23","modified_gmt":"2025-04-22T16:18:23","slug":"cytoplant-400","status":"publish","type":"product","link":"https:\/\/zapaf.pt\/en\/shop\/inovabio\/fitonutricao\/extratos-de-algas\/cytoplant-400\/","title":{"rendered":"Cytoplant\u00ae400"},"content":{"rendered":"<style type=\"text\/css\"> \n#cmsms_row_69e046d0e92e1 .cmsms_row_outer_parent { \n\tpadding-top: 0px; \n} \n\n#cmsms_row_69e046d0e92e1 .cmsms_row_outer_parent { \n\tpadding-bottom: 50px; \n} \n\n<\/style><div id=\"cmsms_row_69e046d0e92e1\" class=\"cmsms_row cmsms_color_scheme_default\">\n<div class=\"cmsms_row_outer_parent\">\n<div class=\"cmsms_row_outer\">\n<div class=\"cmsms_row_inner\">\n<div class=\"cmsms_row_margin\">\n<div class=\"cmsms_column one_first\">\n<div class=\"custom_html\">\n<table class=\"woocommerce-product-attributes shop_attributes\">\n<tbody>\n<tr class=\"woocommerce-product-attributes-item woocommerce-product-attributes-item--attribute_pa_aplicacao\">\n<th class=\"woocommerce-product-attributes-item__label\">Extrato natural de algas<\/th>\n<td class=\"woocommerce-product-attributes-item__value\">100%<\/td>\n<\/tr>\n<\/tbody>\n<\/table>\n<\/div>\n<\/div>\n<div class=\"cmsms_column one_first\">\n<p><\/p>\n<\/div>\n<\/div>\n<\/div>\n<\/div>\n<\/div>\n<\/div>","protected":false},"excerpt":{"rendered":"<p id=\"cmsms_heading_647df62110e5f\" class=\"cmsms_heading\"><span style=\"color: #808080;\">Cytoplant-400<span style=\"font-size: 16px;\"> \u00e9 um bioregulador de processos fisiol\u00f3gicos das culturas, de origem vegetal, obtido atrav\u00e9s de um processo de produ\u00e7\u00e3o exclusivo de forma a manter todos os seus componentes ativos. \u00c9 o produto no mercado com maior concentra\u00e7\u00e3o de citoquininas naturais. <\/span>Cytoplant-400<span style=\"font-size: 16px;\"> tem uma atividade citoqu\u00ednica equivalente de 400 ppm. A sua aplica\u00e7\u00e3o estimula a divis\u00e3o celular nos \u00f3rg\u00e3os em desenvolvimento, mobiliza os nutrientes e reduz a domin\u00e2ncia apical.<\/span><\/span><\/p>\n<p><img loading=\"lazy\" decoding=\"async\" class=\"alignnone size-full wp-image-38351\" src=\"https:\/\/www.jovagro.pt\/wp-content\/uploads\/2023\/06\/approved-by-ecocert-inputs-vector-logo.png\" alt=\"\" width=\"80\" height=\"80\" \/> <img loading=\"lazy\" decoding=\"async\" class=\"alignnone wp-image-38347\" src=\"https:\/\/www.jovagro.pt\/wp-content\/uploads\/2023\/06\/intereco_Vlogo_281119.png\" alt=\"\" width=\"72\" height=\"72\" srcset=\"https:\/\/zapaf.pt\/wp-content\/uploads\/2023\/06\/intereco_Vlogo_281119.png 80w, https:\/\/zapaf.pt\/wp-content\/uploads\/2023\/06\/intereco_Vlogo_281119-12x12.png 12w, https:\/\/zapaf.pt\/wp-content\/uploads\/2023\/06\/intereco_Vlogo_281119-55x55.png 55w\" sizes=\"auto, (max-width: 72px) 100vw, 72px\" \/> <img loading=\"lazy\" decoding=\"async\" class=\"alignnone wp-image-38345\" src=\"https:\/\/www.jovagro.pt\/wp-content\/uploads\/2023\/06\/CAAEInsumosUNE.jpg\" alt=\"\" width=\"76\" height=\"76\" srcset=\"https:\/\/zapaf.pt\/wp-content\/uploads\/2023\/06\/CAAEInsumosUNE.jpg 80w, https:\/\/zapaf.pt\/wp-content\/uploads\/2023\/06\/CAAEInsumosUNE-12x12.jpg 12w, https:\/\/zapaf.pt\/wp-content\/uploads\/2023\/06\/CAAEInsumosUNE-55x55.jpg 55w\" sizes=\"auto, (max-width: 76px) 100vw, 76px\" \/> <img loading=\"lazy\" decoding=\"async\" class=\"alignnone size-full wp-image-38350\" src=\"https:\/\/www.jovagro.pt\/wp-content\/uploads\/2023\/06\/OMRI-listed-logo-cmyk.png\" alt=\"\" width=\"80\" height=\"80\" srcset=\"https:\/\/zapaf.pt\/wp-content\/uploads\/2023\/06\/OMRI-listed-logo-cmyk.png 80w, https:\/\/zapaf.pt\/wp-content\/uploads\/2023\/06\/OMRI-listed-logo-cmyk-12x12.png 12w, https:\/\/zapaf.pt\/wp-content\/uploads\/2023\/06\/OMRI-listed-logo-cmyk-55x55.png 55w\" sizes=\"auto, (max-width: 80px) 100vw, 80px\" \/><\/p>\n<div class=\"cmsms_text\" style=\"position: absolute; bottom: 0;\">\n<h5><\/h5>\n<\/div>","protected":false},"featured_media":4734,"template":"","meta":{"_monsterinsights_skip_tracking":false,"_monsterinsights_sitenote_active":false,"_monsterinsights_sitenote_note":"","_monsterinsights_sitenote_category":0},"product_brand":[],"product_cat":[517,516],"product_tag":[],"class_list":{"0":"post-36811","1":"product","2":"type-product","3":"status-publish","4":"has-post-thumbnail","6":"product_cat-extratos-de-algas","7":"product_cat-fitonutricao","9":"first","10":"instock","11":"taxable","12":"shipping-taxable","13":"purchasable","14":"product-type-variable"},"yoast_head":"<!-- This site is optimized with the Yoast SEO plugin v27.4 - https:\/\/yoast.com\/product\/yoast-seo-wordpress\/ -->\n<title>Cytoplant\u00ae400 - Jovagro<\/title>\n<meta name=\"robots\" content=\"noindex, follow\" \/>\n<meta property=\"og:locale\" content=\"en_GB\" \/>\n<meta property=\"og:type\" content=\"article\" \/>\n<meta property=\"og:title\" content=\"Cytoplant\u00ae400 - Jovagro\" \/>\n<meta property=\"og:description\" content=\"Cytoplant-400 \u00e9 um bioregulador de processos fisiol\u00f3gicos das culturas, de origem vegetal, obtido atrav\u00e9s de um processo de produ\u00e7\u00e3o exclusivo de forma a manter todos os seus componentes ativos. \u00c9 o produto no mercado com maior concentra\u00e7\u00e3o de citoquininas naturais. Cytoplant-400 tem uma atividade citoqu\u00ednica equivalente de 400 ppm. A sua aplica\u00e7\u00e3o estimula a divis\u00e3o celular nos \u00f3rg\u00e3os em desenvolvimento, mobiliza os nutrientes e reduz a domin\u00e2ncia apical.\" \/>\n<meta property=\"og:url\" content=\"https:\/\/mail.zapaf.pt\/shop\/inovabio\/fitonutricao\/extratos-de-algas\/cytoplant-400\/\" \/>\n<meta property=\"og:site_name\" content=\"Jovagro\" \/>\n<meta property=\"article:publisher\" content=\"https:\/\/www.facebook.com\/Jovagro\/\" \/>\n<meta property=\"article:modified_time\" content=\"2025-04-22T16:18:23+00:00\" \/>\n<meta property=\"og:image\" content=\"https:\/\/mail.zapaf.pt\/wp-content\/uploads\/2020\/05\/Cytoplant.png\" \/>\n\t<meta property=\"og:image:width\" content=\"626\" \/>\n\t<meta property=\"og:image:height\" content=\"626\" \/>\n\t<meta property=\"og:image:type\" content=\"image\/png\" \/>\n<meta name=\"twitter:card\" content=\"summary_large_image\" \/>\n<meta name=\"twitter:label1\" content=\"Estimated reading time\" \/>\n\t<meta name=\"twitter:data1\" content=\"1 minute\" \/>\n<script type=\"application\/ld+json\" class=\"yoast-schema-graph\">{\"@context\":\"https:\\\/\\\/schema.org\",\"@graph\":[{\"@type\":\"WebPage\",\"@id\":\"https:\\\/\\\/mail.zapaf.pt\\\/shop\\\/inovabio\\\/fitonutricao\\\/extratos-de-algas\\\/cytoplant-400\\\/\",\"url\":\"https:\\\/\\\/mail.zapaf.pt\\\/shop\\\/inovabio\\\/fitonutricao\\\/extratos-de-algas\\\/cytoplant-400\\\/\",\"name\":\"Cytoplant\u00ae400 - Jovagro\",\"isPartOf\":{\"@id\":\"https:\\\/\\\/www.jovagro.pt\\\/#website\"},\"primaryImageOfPage\":{\"@id\":\"https:\\\/\\\/mail.zapaf.pt\\\/shop\\\/inovabio\\\/fitonutricao\\\/extratos-de-algas\\\/cytoplant-400\\\/#primaryimage\"},\"image\":{\"@id\":\"https:\\\/\\\/mail.zapaf.pt\\\/shop\\\/inovabio\\\/fitonutricao\\\/extratos-de-algas\\\/cytoplant-400\\\/#primaryimage\"},\"thumbnailUrl\":\"https:\\\/\\\/zapaf.pt\\\/wp-content\\\/uploads\\\/2020\\\/05\\\/Cytoplant.png\",\"datePublished\":\"2023-06-20T14:44:01+00:00\",\"dateModified\":\"2025-04-22T16:18:23+00:00\",\"breadcrumb\":{\"@id\":\"https:\\\/\\\/mail.zapaf.pt\\\/shop\\\/inovabio\\\/fitonutricao\\\/extratos-de-algas\\\/cytoplant-400\\\/#breadcrumb\"},\"inLanguage\":\"en-GB\",\"potentialAction\":[{\"@type\":\"ReadAction\",\"target\":[\"https:\\\/\\\/mail.zapaf.pt\\\/shop\\\/inovabio\\\/fitonutricao\\\/extratos-de-algas\\\/cytoplant-400\\\/\"]}]},{\"@type\":\"ImageObject\",\"inLanguage\":\"en-GB\",\"@id\":\"https:\\\/\\\/mail.zapaf.pt\\\/shop\\\/inovabio\\\/fitonutricao\\\/extratos-de-algas\\\/cytoplant-400\\\/#primaryimage\",\"url\":\"https:\\\/\\\/zapaf.pt\\\/wp-content\\\/uploads\\\/2020\\\/05\\\/Cytoplant.png\",\"contentUrl\":\"https:\\\/\\\/zapaf.pt\\\/wp-content\\\/uploads\\\/2020\\\/05\\\/Cytoplant.png\",\"width\":626,\"height\":626},{\"@type\":\"BreadcrumbList\",\"@id\":\"https:\\\/\\\/mail.zapaf.pt\\\/shop\\\/inovabio\\\/fitonutricao\\\/extratos-de-algas\\\/cytoplant-400\\\/#breadcrumb\",\"itemListElement\":[{\"@type\":\"ListItem\",\"position\":1,\"name\":\"Home\",\"item\":\"https:\\\/\\\/www.jovagro.pt\\\/\"},{\"@type\":\"ListItem\",\"position\":2,\"name\":\"Loja\",\"item\":\"https:\\\/\\\/www.jovagro.pt\\\/loja\\\/\"},{\"@type\":\"ListItem\",\"position\":3,\"name\":\"Cytoplant\u00ae400\"}]},{\"@type\":\"WebSite\",\"@id\":\"https:\\\/\\\/www.jovagro.pt\\\/#website\",\"url\":\"https:\\\/\\\/www.jovagro.pt\\\/\",\"name\":\"Jovagro\",\"description\":\"Sempre com a Natureza\",\"publisher\":{\"@id\":\"https:\\\/\\\/www.jovagro.pt\\\/#organization\"},\"potentialAction\":[{\"@type\":\"SearchAction\",\"target\":{\"@type\":\"EntryPoint\",\"urlTemplate\":\"https:\\\/\\\/www.jovagro.pt\\\/?s={search_term_string}\"},\"query-input\":{\"@type\":\"PropertyValueSpecification\",\"valueRequired\":true,\"valueName\":\"search_term_string\"}}],\"inLanguage\":\"en-GB\"},{\"@type\":\"Organization\",\"@id\":\"https:\\\/\\\/www.jovagro.pt\\\/#organization\",\"name\":\"Jovagro\",\"url\":\"https:\\\/\\\/www.jovagro.pt\\\/\",\"logo\":{\"@type\":\"ImageObject\",\"inLanguage\":\"en-GB\",\"@id\":\"https:\\\/\\\/www.jovagro.pt\\\/#\\\/schema\\\/logo\\\/image\\\/\",\"url\":\"https:\\\/\\\/jovagro.pt\\\/wp-content\\\/uploads\\\/2019\\\/12\\\/7-01-01-scaled.jpg\",\"contentUrl\":\"https:\\\/\\\/jovagro.pt\\\/wp-content\\\/uploads\\\/2019\\\/12\\\/7-01-01-scaled.jpg\",\"width\":2560,\"height\":893,\"caption\":\"Jovagro\"},\"image\":{\"@id\":\"https:\\\/\\\/www.jovagro.pt\\\/#\\\/schema\\\/logo\\\/image\\\/\"},\"sameAs\":[\"https:\\\/\\\/www.facebook.com\\\/Jovagro\\\/\"]}]}<\/script>\n<!-- \/ Yoast SEO plugin. -->","yoast_head_json":{"title":"Cytoplant\u00ae400 - Jovagro","robots":{"index":"noindex","follow":"follow"},"og_locale":"en_GB","og_type":"article","og_title":"Cytoplant\u00ae400 - Jovagro","og_description":"Cytoplant-400 \u00e9 um bioregulador de processos fisiol\u00f3gicos das culturas, de origem vegetal, obtido atrav\u00e9s de um processo de produ\u00e7\u00e3o exclusivo de forma a manter todos os seus componentes ativos. \u00c9 o produto no mercado com maior concentra\u00e7\u00e3o de citoquininas naturais. Cytoplant-400 tem uma atividade citoqu\u00ednica equivalente de 400 ppm. A sua aplica\u00e7\u00e3o estimula a divis\u00e3o celular nos \u00f3rg\u00e3os em desenvolvimento, mobiliza os nutrientes e reduz a domin\u00e2ncia apical.","og_url":"https:\/\/mail.zapaf.pt\/shop\/inovabio\/fitonutricao\/extratos-de-algas\/cytoplant-400\/","og_site_name":"Jovagro","article_publisher":"https:\/\/www.facebook.com\/Jovagro\/","article_modified_time":"2025-04-22T16:18:23+00:00","og_image":[{"width":626,"height":626,"url":"https:\/\/mail.zapaf.pt\/wp-content\/uploads\/2020\/05\/Cytoplant.png","type":"image\/png"}],"twitter_card":"summary_large_image","twitter_misc":{"Estimated reading time":"1 minute"},"schema":{"@context":"https:\/\/schema.org","@graph":[{"@type":"WebPage","@id":"https:\/\/mail.zapaf.pt\/shop\/inovabio\/fitonutricao\/extratos-de-algas\/cytoplant-400\/","url":"https:\/\/mail.zapaf.pt\/shop\/inovabio\/fitonutricao\/extratos-de-algas\/cytoplant-400\/","name":"Cytoplant\u00ae400 - Jovagro","isPartOf":{"@id":"https:\/\/www.jovagro.pt\/#website"},"primaryImageOfPage":{"@id":"https:\/\/mail.zapaf.pt\/shop\/inovabio\/fitonutricao\/extratos-de-algas\/cytoplant-400\/#primaryimage"},"image":{"@id":"https:\/\/mail.zapaf.pt\/shop\/inovabio\/fitonutricao\/extratos-de-algas\/cytoplant-400\/#primaryimage"},"thumbnailUrl":"https:\/\/zapaf.pt\/wp-content\/uploads\/2020\/05\/Cytoplant.png","datePublished":"2023-06-20T14:44:01+00:00","dateModified":"2025-04-22T16:18:23+00:00","breadcrumb":{"@id":"https:\/\/mail.zapaf.pt\/shop\/inovabio\/fitonutricao\/extratos-de-algas\/cytoplant-400\/#breadcrumb"},"inLanguage":"en-GB","potentialAction":[{"@type":"ReadAction","target":["https:\/\/mail.zapaf.pt\/shop\/inovabio\/fitonutricao\/extratos-de-algas\/cytoplant-400\/"]}]},{"@type":"ImageObject","inLanguage":"en-GB","@id":"https:\/\/mail.zapaf.pt\/shop\/inovabio\/fitonutricao\/extratos-de-algas\/cytoplant-400\/#primaryimage","url":"https:\/\/zapaf.pt\/wp-content\/uploads\/2020\/05\/Cytoplant.png","contentUrl":"https:\/\/zapaf.pt\/wp-content\/uploads\/2020\/05\/Cytoplant.png","width":626,"height":626},{"@type":"BreadcrumbList","@id":"https:\/\/mail.zapaf.pt\/shop\/inovabio\/fitonutricao\/extratos-de-algas\/cytoplant-400\/#breadcrumb","itemListElement":[{"@type":"ListItem","position":1,"name":"Home","item":"https:\/\/www.jovagro.pt\/"},{"@type":"ListItem","position":2,"name":"Loja","item":"https:\/\/www.jovagro.pt\/loja\/"},{"@type":"ListItem","position":3,"name":"Cytoplant\u00ae400"}]},{"@type":"WebSite","@id":"https:\/\/www.jovagro.pt\/#website","url":"https:\/\/www.jovagro.pt\/","name":"Jovagro","description":"Sempre com a Natureza","publisher":{"@id":"https:\/\/www.jovagro.pt\/#organization"},"potentialAction":[{"@type":"SearchAction","target":{"@type":"EntryPoint","urlTemplate":"https:\/\/www.jovagro.pt\/?s={search_term_string}"},"query-input":{"@type":"PropertyValueSpecification","valueRequired":true,"valueName":"search_term_string"}}],"inLanguage":"en-GB"},{"@type":"Organization","@id":"https:\/\/www.jovagro.pt\/#organization","name":"Jovagro","url":"https:\/\/www.jovagro.pt\/","logo":{"@type":"ImageObject","inLanguage":"en-GB","@id":"https:\/\/www.jovagro.pt\/#\/schema\/logo\/image\/","url":"https:\/\/jovagro.pt\/wp-content\/uploads\/2019\/12\/7-01-01-scaled.jpg","contentUrl":"https:\/\/jovagro.pt\/wp-content\/uploads\/2019\/12\/7-01-01-scaled.jpg","width":2560,"height":893,"caption":"Jovagro"},"image":{"@id":"https:\/\/www.jovagro.pt\/#\/schema\/logo\/image\/"},"sameAs":["https:\/\/www.facebook.com\/Jovagro\/"]}]}},"_links":{"self":[{"href":"https:\/\/zapaf.pt\/en\/wp-json\/wp\/v2\/product\/36811","targetHints":{"allow":["GET"]}}],"collection":[{"href":"https:\/\/zapaf.pt\/en\/wp-json\/wp\/v2\/product"}],"about":[{"href":"https:\/\/zapaf.pt\/en\/wp-json\/wp\/v2\/types\/product"}],"wp:featuredmedia":[{"embeddable":true,"href":"https:\/\/zapaf.pt\/en\/wp-json\/wp\/v2\/media\/4734"}],"wp:attachment":[{"href":"https:\/\/zapaf.pt\/en\/wp-json\/wp\/v2\/media?parent=36811"}],"wp:term":[{"taxonomy":"product_brand","embeddable":true,"href":"https:\/\/zapaf.pt\/en\/wp-json\/wp\/v2\/product_brand?post=36811"},{"taxonomy":"product_cat","embeddable":true,"href":"https:\/\/zapaf.pt\/en\/wp-json\/wp\/v2\/product_cat?post=36811"},{"taxonomy":"product_tag","embeddable":true,"href":"https:\/\/zapaf.pt\/en\/wp-json\/wp\/v2\/product_tag?post=36811"}],"curies":[{"name":"wp","href":"https:\/\/api.w.org\/{rel}","templated":true}]}}