{"id":36821,"date":"2023-06-21T11:49:16","date_gmt":"2023-06-21T11:49:16","guid":{"rendered":"https:\/\/www.jovagro.pt\/?post_type=product&#038;p=36821"},"modified":"2025-04-22T16:27:26","modified_gmt":"2025-04-22T16:27:26","slug":"naturvital-plus","status":"publish","type":"product","link":"https:\/\/zapaf.pt\/en\/shop\/inovabio\/fitonutricao\/materias-organicas\/naturvital-plus\/","title":{"rendered":"Naturvital\u00ae Plus"},"content":{"rendered":"<style type=\"text\/css\"> \n#cmsms_row_69e064d762505 .cmsms_row_outer_parent { \n\tpadding-top: 0px; \n} \n\n#cmsms_row_69e064d762505 .cmsms_row_outer_parent { \n\tpadding-bottom: 50px; \n} \n\n<\/style><div id=\"cmsms_row_69e064d762505\" class=\"cmsms_row cmsms_color_scheme_default\">\n<div class=\"cmsms_row_outer_parent\">\n<div class=\"cmsms_row_outer\">\n<div class=\"cmsms_row_inner\">\n<div class=\"cmsms_row_margin\">\n<div class=\"cmsms_column one_first\">\n<div class=\"custom_html\">\n<table class=\"woocommerce-product-attributes shop_attributes\">\n<tbody>\n<tr class=\"woocommerce-product-attributes-item woocommerce-product-attributes-item--attribute_pa_aplicacao\">\n<th class=\"woocommerce-product-attributes-item__label\">Extrato h\u00famico total<\/th>\n<td class=\"woocommerce-product-attributes-item__value\">21%<\/td>\n<\/tr>\n<tr class=\"woocommerce-product-attributes-item woocommerce-product-attributes-item--attribute_pa_aplicacao\">\n<th class=\"woocommerce-product-attributes-item__label\">\u00c1cidos h\u00famicos<\/th>\n<td class=\"woocommerce-product-attributes-item__value\">14%<\/td>\n<\/tr>\n<tr class=\"woocommerce-product-attributes-item woocommerce-product-attributes-item--attribute_pa_aplicacao\">\n<th class=\"woocommerce-product-attributes-item__label\">\u00c1cidos f\u00falvicos<\/th>\n<td class=\"woocommerce-product-attributes-item__value\">7%<\/td>\n<\/tr>\n<tr class=\"woocommerce-product-attributes-item woocommerce-product-attributes-item--attribute_pa_aplicacao\">\n<th class=\"woocommerce-product-attributes-item__label\">Pot\u00e1ssio (K2O) sol\u00favel em \u00e1gua<\/th>\n<td class=\"woocommerce-product-attributes-item__value\">6%<\/td>\n<\/tr>\n<\/tbody>\n<\/table>\n<\/div>\n<\/div>\n<div class=\"cmsms_column one_first\">\n<p><\/p>\n<\/div>\n<\/div>\n<\/div>\n<\/div>\n<\/div>\n<\/div>","protected":false},"excerpt":{"rendered":"<p id=\"cmsms_heading_647df62110e5f\" class=\"cmsms_heading\"><span style=\"color: #808080;\">Naturvital Plus<span style=\"font-size: 16px;\"> s\u00e3o \u00e1cidos h\u00famicos, formulados para uso por fertirriga\u00e7\u00e3o. Sua aplica\u00e7\u00e3o \u00e9 recomendada para melhorar a estrutura do solo e a efic\u00e1cia dos fertilizantes minerais, o que se traduz num aumento na produ\u00e7\u00e3o. <\/span>Naturvital Plus<span style=\"font-size: 16px;\"> tamb\u00e9m corrige a mineraliza\u00e7\u00e3o e a saliniza\u00e7\u00e3o do solo. <\/span>Naturvital Plus<span style=\"font-size: 16px;\"> dota a terra de uma estrutura esponjosa, amolecendo as terras amontoadas e ligando as terras arenosas, melhora a efetividade dos adubos minerais e corrige a mineraliza\u00e7\u00e3o e saliniza\u00e7\u00e3o do solo.<\/span><\/span><\/p>\n<p><img loading=\"lazy\" decoding=\"async\" class=\"alignnone wp-image-38345\" src=\"https:\/\/www.jovagro.pt\/wp-content\/uploads\/2023\/06\/CAAEInsumosUNE.jpg\" alt=\"\" width=\"76\" height=\"76\" srcset=\"https:\/\/zapaf.pt\/wp-content\/uploads\/2023\/06\/CAAEInsumosUNE.jpg 80w, https:\/\/zapaf.pt\/wp-content\/uploads\/2023\/06\/CAAEInsumosUNE-12x12.jpg 12w, https:\/\/zapaf.pt\/wp-content\/uploads\/2023\/06\/CAAEInsumosUNE-55x55.jpg 55w\" sizes=\"auto, (max-width: 76px) 100vw, 76px\" \/>\u00a0 \u00a0 <img loading=\"lazy\" decoding=\"async\" class=\"alignnone size-full wp-image-38350\" src=\"https:\/\/www.jovagro.pt\/wp-content\/uploads\/2023\/06\/OMRI-listed-logo-cmyk.png\" alt=\"\" width=\"80\" height=\"80\" srcset=\"https:\/\/zapaf.pt\/wp-content\/uploads\/2023\/06\/OMRI-listed-logo-cmyk.png 80w, https:\/\/zapaf.pt\/wp-content\/uploads\/2023\/06\/OMRI-listed-logo-cmyk-12x12.png 12w, https:\/\/zapaf.pt\/wp-content\/uploads\/2023\/06\/OMRI-listed-logo-cmyk-55x55.png 55w\" sizes=\"auto, (max-width: 80px) 100vw, 80px\" \/>\u00a0<img loading=\"lazy\" decoding=\"async\" class=\"alignnone size-full wp-image-38348\" src=\"https:\/\/www.jovagro.pt\/wp-content\/uploads\/2023\/06\/Kiwa-creating-trust.png\" alt=\"\" width=\"80\" height=\"80\" srcset=\"https:\/\/zapaf.pt\/wp-content\/uploads\/2023\/06\/Kiwa-creating-trust.png 80w, https:\/\/zapaf.pt\/wp-content\/uploads\/2023\/06\/Kiwa-creating-trust-12x12.png 12w, https:\/\/zapaf.pt\/wp-content\/uploads\/2023\/06\/Kiwa-creating-trust-55x55.png 55w\" sizes=\"auto, (max-width: 80px) 100vw, 80px\" \/><img loading=\"lazy\" decoding=\"async\" class=\"alignnone size-full wp-image-38349\" src=\"https:\/\/www.jovagro.pt\/wp-content\/uploads\/2023\/06\/oko-2.png\" alt=\"\" width=\"80\" height=\"80\" srcset=\"https:\/\/zapaf.pt\/wp-content\/uploads\/2023\/06\/oko-2.png 80w, https:\/\/zapaf.pt\/wp-content\/uploads\/2023\/06\/oko-2-12x12.png 12w, https:\/\/zapaf.pt\/wp-content\/uploads\/2023\/06\/oko-2-55x55.png 55w\" sizes=\"auto, (max-width: 80px) 100vw, 80px\" \/> <img loading=\"lazy\" decoding=\"async\" class=\"alignnone size-full wp-image-38359\" src=\"https:\/\/jovagro.pt\/wp-content\/uploads\/2023\/06\/approved-by-ecocert-inputs-vector-logo.png\" alt=\"\" width=\"80\" height=\"80\" srcset=\"https:\/\/zapaf.pt\/wp-content\/uploads\/2023\/06\/approved-by-ecocert-inputs-vector-logo.png 80w, https:\/\/zapaf.pt\/wp-content\/uploads\/2023\/06\/approved-by-ecocert-inputs-vector-logo-12x12.png 12w, https:\/\/zapaf.pt\/wp-content\/uploads\/2023\/06\/approved-by-ecocert-inputs-vector-logo-55x55.png 55w\" sizes=\"auto, (max-width: 80px) 100vw, 80px\" \/><\/p>\n<div class=\"cmsms_text\">\n<p>&nbsp;<\/p>\n<\/div>\n<div class=\"cmsms_text\" style=\"position: absolute; bottom: 0;\">\n<h5><\/h5>\n<\/div>","protected":false},"featured_media":4173,"template":"","meta":{"_monsterinsights_skip_tracking":false,"_monsterinsights_sitenote_active":false,"_monsterinsights_sitenote_note":"","_monsterinsights_sitenote_category":0},"product_brand":[],"product_cat":[516,531],"product_tag":[],"class_list":{"0":"post-36821","1":"product","2":"type-product","3":"status-publish","4":"has-post-thumbnail","6":"product_cat-fitonutricao","7":"product_cat-materias-organicas","9":"first","10":"instock","11":"taxable","12":"shipping-taxable","13":"purchasable","14":"product-type-variable"},"yoast_head":"<!-- This site is optimized with the Yoast SEO plugin v27.4 - https:\/\/yoast.com\/product\/yoast-seo-wordpress\/ -->\n<title>Naturvital\u00ae Plus - Jovagro<\/title>\n<meta name=\"robots\" content=\"noindex, follow\" \/>\n<meta property=\"og:locale\" content=\"en_GB\" \/>\n<meta property=\"og:type\" content=\"article\" \/>\n<meta property=\"og:title\" content=\"Naturvital\u00ae Plus - Jovagro\" \/>\n<meta property=\"og:description\" content=\"Naturvital Plus s\u00e3o \u00e1cidos h\u00famicos, formulados para uso por fertirriga\u00e7\u00e3o. Sua aplica\u00e7\u00e3o \u00e9 recomendada para melhorar a estrutura do solo e a efic\u00e1cia dos fertilizantes minerais, o que se traduz num aumento na produ\u00e7\u00e3o. Naturvital Plus tamb\u00e9m corrige a mineraliza\u00e7\u00e3o e a saliniza\u00e7\u00e3o do solo. Naturvital Plus dota a terra de uma estrutura esponjosa, amolecendo as terras amontoadas e ligando as terras arenosas, melhora a efetividade dos adubos minerais e corrige a mineraliza\u00e7\u00e3o e saliniza\u00e7\u00e3o do solo. \u00a0 \u00a0 \u00a0    &nbsp;\" \/>\n<meta property=\"og:url\" content=\"https:\/\/www.jovagro.pt\/shop\/inovabio\/fitonutricao\/materias-organicas\/naturvital-plus\/\" \/>\n<meta property=\"og:site_name\" content=\"Jovagro\" \/>\n<meta property=\"article:publisher\" content=\"https:\/\/www.facebook.com\/Jovagro\/\" \/>\n<meta property=\"article:modified_time\" content=\"2025-04-22T16:27:26+00:00\" \/>\n<meta property=\"og:image\" content=\"https:\/\/www.jovagro.pt\/wp-content\/uploads\/2020\/01\/Naturvital-Plus.png\" \/>\n\t<meta property=\"og:image:width\" content=\"626\" \/>\n\t<meta property=\"og:image:height\" content=\"626\" \/>\n\t<meta property=\"og:image:type\" content=\"image\/png\" \/>\n<meta name=\"twitter:card\" content=\"summary_large_image\" \/>\n<meta name=\"twitter:label1\" content=\"Estimated reading time\" \/>\n\t<meta name=\"twitter:data1\" content=\"1 minute\" \/>\n<script type=\"application\/ld+json\" class=\"yoast-schema-graph\">{\"@context\":\"https:\\\/\\\/schema.org\",\"@graph\":[{\"@type\":\"WebPage\",\"@id\":\"https:\\\/\\\/www.jovagro.pt\\\/shop\\\/inovabio\\\/fitonutricao\\\/materias-organicas\\\/naturvital-plus\\\/\",\"url\":\"https:\\\/\\\/www.jovagro.pt\\\/shop\\\/inovabio\\\/fitonutricao\\\/materias-organicas\\\/naturvital-plus\\\/\",\"name\":\"Naturvital\u00ae Plus - Jovagro\",\"isPartOf\":{\"@id\":\"https:\\\/\\\/www.jovagro.pt\\\/#website\"},\"primaryImageOfPage\":{\"@id\":\"https:\\\/\\\/www.jovagro.pt\\\/shop\\\/inovabio\\\/fitonutricao\\\/materias-organicas\\\/naturvital-plus\\\/#primaryimage\"},\"image\":{\"@id\":\"https:\\\/\\\/www.jovagro.pt\\\/shop\\\/inovabio\\\/fitonutricao\\\/materias-organicas\\\/naturvital-plus\\\/#primaryimage\"},\"thumbnailUrl\":\"https:\\\/\\\/zapaf.pt\\\/wp-content\\\/uploads\\\/2020\\\/01\\\/Naturvital-Plus.png\",\"datePublished\":\"2023-06-21T11:49:16+00:00\",\"dateModified\":\"2025-04-22T16:27:26+00:00\",\"breadcrumb\":{\"@id\":\"https:\\\/\\\/www.jovagro.pt\\\/shop\\\/inovabio\\\/fitonutricao\\\/materias-organicas\\\/naturvital-plus\\\/#breadcrumb\"},\"inLanguage\":\"en-GB\",\"potentialAction\":[{\"@type\":\"ReadAction\",\"target\":[\"https:\\\/\\\/www.jovagro.pt\\\/shop\\\/inovabio\\\/fitonutricao\\\/materias-organicas\\\/naturvital-plus\\\/\"]}]},{\"@type\":\"ImageObject\",\"inLanguage\":\"en-GB\",\"@id\":\"https:\\\/\\\/www.jovagro.pt\\\/shop\\\/inovabio\\\/fitonutricao\\\/materias-organicas\\\/naturvital-plus\\\/#primaryimage\",\"url\":\"https:\\\/\\\/zapaf.pt\\\/wp-content\\\/uploads\\\/2020\\\/01\\\/Naturvital-Plus.png\",\"contentUrl\":\"https:\\\/\\\/zapaf.pt\\\/wp-content\\\/uploads\\\/2020\\\/01\\\/Naturvital-Plus.png\",\"width\":626,\"height\":626},{\"@type\":\"BreadcrumbList\",\"@id\":\"https:\\\/\\\/www.jovagro.pt\\\/shop\\\/inovabio\\\/fitonutricao\\\/materias-organicas\\\/naturvital-plus\\\/#breadcrumb\",\"itemListElement\":[{\"@type\":\"ListItem\",\"position\":1,\"name\":\"Home\",\"item\":\"https:\\\/\\\/www.jovagro.pt\\\/\"},{\"@type\":\"ListItem\",\"position\":2,\"name\":\"Loja\",\"item\":\"https:\\\/\\\/www.jovagro.pt\\\/loja\\\/\"},{\"@type\":\"ListItem\",\"position\":3,\"name\":\"Naturvital\u00ae Plus\"}]},{\"@type\":\"WebSite\",\"@id\":\"https:\\\/\\\/www.jovagro.pt\\\/#website\",\"url\":\"https:\\\/\\\/www.jovagro.pt\\\/\",\"name\":\"Jovagro\",\"description\":\"Sempre com a Natureza\",\"publisher\":{\"@id\":\"https:\\\/\\\/www.jovagro.pt\\\/#organization\"},\"potentialAction\":[{\"@type\":\"SearchAction\",\"target\":{\"@type\":\"EntryPoint\",\"urlTemplate\":\"https:\\\/\\\/www.jovagro.pt\\\/?s={search_term_string}\"},\"query-input\":{\"@type\":\"PropertyValueSpecification\",\"valueRequired\":true,\"valueName\":\"search_term_string\"}}],\"inLanguage\":\"en-GB\"},{\"@type\":\"Organization\",\"@id\":\"https:\\\/\\\/www.jovagro.pt\\\/#organization\",\"name\":\"Jovagro\",\"url\":\"https:\\\/\\\/www.jovagro.pt\\\/\",\"logo\":{\"@type\":\"ImageObject\",\"inLanguage\":\"en-GB\",\"@id\":\"https:\\\/\\\/www.jovagro.pt\\\/#\\\/schema\\\/logo\\\/image\\\/\",\"url\":\"https:\\\/\\\/jovagro.pt\\\/wp-content\\\/uploads\\\/2019\\\/12\\\/7-01-01-scaled.jpg\",\"contentUrl\":\"https:\\\/\\\/jovagro.pt\\\/wp-content\\\/uploads\\\/2019\\\/12\\\/7-01-01-scaled.jpg\",\"width\":2560,\"height\":893,\"caption\":\"Jovagro\"},\"image\":{\"@id\":\"https:\\\/\\\/www.jovagro.pt\\\/#\\\/schema\\\/logo\\\/image\\\/\"},\"sameAs\":[\"https:\\\/\\\/www.facebook.com\\\/Jovagro\\\/\"]}]}<\/script>\n<!-- \/ Yoast SEO plugin. -->","yoast_head_json":{"title":"Naturvital\u00ae Plus - Jovagro","robots":{"index":"noindex","follow":"follow"},"og_locale":"en_GB","og_type":"article","og_title":"Naturvital\u00ae Plus - Jovagro","og_description":"Naturvital Plus s\u00e3o \u00e1cidos h\u00famicos, formulados para uso por fertirriga\u00e7\u00e3o. Sua aplica\u00e7\u00e3o \u00e9 recomendada para melhorar a estrutura do solo e a efic\u00e1cia dos fertilizantes minerais, o que se traduz num aumento na produ\u00e7\u00e3o. Naturvital Plus tamb\u00e9m corrige a mineraliza\u00e7\u00e3o e a saliniza\u00e7\u00e3o do solo. Naturvital Plus dota a terra de uma estrutura esponjosa, amolecendo as terras amontoadas e ligando as terras arenosas, melhora a efetividade dos adubos minerais e corrige a mineraliza\u00e7\u00e3o e saliniza\u00e7\u00e3o do solo. \u00a0 \u00a0 \u00a0    &nbsp;","og_url":"https:\/\/www.jovagro.pt\/shop\/inovabio\/fitonutricao\/materias-organicas\/naturvital-plus\/","og_site_name":"Jovagro","article_publisher":"https:\/\/www.facebook.com\/Jovagro\/","article_modified_time":"2025-04-22T16:27:26+00:00","og_image":[{"width":626,"height":626,"url":"https:\/\/www.jovagro.pt\/wp-content\/uploads\/2020\/01\/Naturvital-Plus.png","type":"image\/png"}],"twitter_card":"summary_large_image","twitter_misc":{"Estimated reading time":"1 minute"},"schema":{"@context":"https:\/\/schema.org","@graph":[{"@type":"WebPage","@id":"https:\/\/www.jovagro.pt\/shop\/inovabio\/fitonutricao\/materias-organicas\/naturvital-plus\/","url":"https:\/\/www.jovagro.pt\/shop\/inovabio\/fitonutricao\/materias-organicas\/naturvital-plus\/","name":"Naturvital\u00ae Plus - Jovagro","isPartOf":{"@id":"https:\/\/www.jovagro.pt\/#website"},"primaryImageOfPage":{"@id":"https:\/\/www.jovagro.pt\/shop\/inovabio\/fitonutricao\/materias-organicas\/naturvital-plus\/#primaryimage"},"image":{"@id":"https:\/\/www.jovagro.pt\/shop\/inovabio\/fitonutricao\/materias-organicas\/naturvital-plus\/#primaryimage"},"thumbnailUrl":"https:\/\/zapaf.pt\/wp-content\/uploads\/2020\/01\/Naturvital-Plus.png","datePublished":"2023-06-21T11:49:16+00:00","dateModified":"2025-04-22T16:27:26+00:00","breadcrumb":{"@id":"https:\/\/www.jovagro.pt\/shop\/inovabio\/fitonutricao\/materias-organicas\/naturvital-plus\/#breadcrumb"},"inLanguage":"en-GB","potentialAction":[{"@type":"ReadAction","target":["https:\/\/www.jovagro.pt\/shop\/inovabio\/fitonutricao\/materias-organicas\/naturvital-plus\/"]}]},{"@type":"ImageObject","inLanguage":"en-GB","@id":"https:\/\/www.jovagro.pt\/shop\/inovabio\/fitonutricao\/materias-organicas\/naturvital-plus\/#primaryimage","url":"https:\/\/zapaf.pt\/wp-content\/uploads\/2020\/01\/Naturvital-Plus.png","contentUrl":"https:\/\/zapaf.pt\/wp-content\/uploads\/2020\/01\/Naturvital-Plus.png","width":626,"height":626},{"@type":"BreadcrumbList","@id":"https:\/\/www.jovagro.pt\/shop\/inovabio\/fitonutricao\/materias-organicas\/naturvital-plus\/#breadcrumb","itemListElement":[{"@type":"ListItem","position":1,"name":"Home","item":"https:\/\/www.jovagro.pt\/"},{"@type":"ListItem","position":2,"name":"Loja","item":"https:\/\/www.jovagro.pt\/loja\/"},{"@type":"ListItem","position":3,"name":"Naturvital\u00ae Plus"}]},{"@type":"WebSite","@id":"https:\/\/www.jovagro.pt\/#website","url":"https:\/\/www.jovagro.pt\/","name":"Jovagro","description":"Sempre com a Natureza","publisher":{"@id":"https:\/\/www.jovagro.pt\/#organization"},"potentialAction":[{"@type":"SearchAction","target":{"@type":"EntryPoint","urlTemplate":"https:\/\/www.jovagro.pt\/?s={search_term_string}"},"query-input":{"@type":"PropertyValueSpecification","valueRequired":true,"valueName":"search_term_string"}}],"inLanguage":"en-GB"},{"@type":"Organization","@id":"https:\/\/www.jovagro.pt\/#organization","name":"Jovagro","url":"https:\/\/www.jovagro.pt\/","logo":{"@type":"ImageObject","inLanguage":"en-GB","@id":"https:\/\/www.jovagro.pt\/#\/schema\/logo\/image\/","url":"https:\/\/jovagro.pt\/wp-content\/uploads\/2019\/12\/7-01-01-scaled.jpg","contentUrl":"https:\/\/jovagro.pt\/wp-content\/uploads\/2019\/12\/7-01-01-scaled.jpg","width":2560,"height":893,"caption":"Jovagro"},"image":{"@id":"https:\/\/www.jovagro.pt\/#\/schema\/logo\/image\/"},"sameAs":["https:\/\/www.facebook.com\/Jovagro\/"]}]}},"_links":{"self":[{"href":"https:\/\/zapaf.pt\/en\/wp-json\/wp\/v2\/product\/36821","targetHints":{"allow":["GET"]}}],"collection":[{"href":"https:\/\/zapaf.pt\/en\/wp-json\/wp\/v2\/product"}],"about":[{"href":"https:\/\/zapaf.pt\/en\/wp-json\/wp\/v2\/types\/product"}],"wp:featuredmedia":[{"embeddable":true,"href":"https:\/\/zapaf.pt\/en\/wp-json\/wp\/v2\/media\/4173"}],"wp:attachment":[{"href":"https:\/\/zapaf.pt\/en\/wp-json\/wp\/v2\/media?parent=36821"}],"wp:term":[{"taxonomy":"product_brand","embeddable":true,"href":"https:\/\/zapaf.pt\/en\/wp-json\/wp\/v2\/product_brand?post=36821"},{"taxonomy":"product_cat","embeddable":true,"href":"https:\/\/zapaf.pt\/en\/wp-json\/wp\/v2\/product_cat?post=36821"},{"taxonomy":"product_tag","embeddable":true,"href":"https:\/\/zapaf.pt\/en\/wp-json\/wp\/v2\/product_tag?post=36821"}],"curies":[{"name":"wp","href":"https:\/\/api.w.org\/{rel}","templated":true}]}}