{"id":36828,"date":"2023-06-21T13:24:56","date_gmt":"2023-06-21T13:24:56","guid":{"rendered":"https:\/\/www.jovagro.pt\/?post_type=product&#038;p=36828"},"modified":"2025-04-22T16:42:27","modified_gmt":"2025-04-22T16:42:27","slug":"efical-wsp","status":"publish","type":"product","link":"https:\/\/zapaf.pt\/en\/shop\/inovabio\/fitonutricao\/nutricao\/efical-wsp\/","title":{"rendered":"Efical\u00ae-WSP"},"content":{"rendered":"<style type=\"text\/css\"> \n#cmsms_row_69e061e524e38 .cmsms_row_outer_parent { \n\tpadding-top: 0px; \n} \n\n#cmsms_row_69e061e524e38 .cmsms_row_outer_parent { \n\tpadding-bottom: 50px; \n} \n\n<\/style><div id=\"cmsms_row_69e061e524e38\" class=\"cmsms_row cmsms_color_scheme_default\">\n<div class=\"cmsms_row_outer_parent\">\n<div class=\"cmsms_row_outer\">\n<div class=\"cmsms_row_inner\">\n<div class=\"cmsms_row_margin\">\n<div class=\"cmsms_column one_first\">\n<div class=\"custom_html\">\n<table class=\"woocommerce-product-attributes shop_attributes\">\n<tbody>\n<tr class=\"woocommerce-product-attributes-item woocommerce-product-attributes-item--attribute_pa_aplicacao\">\n<th class=\"woocommerce-product-attributes-item__label\">C\u00e1lcio (CaO) total sol\u00favel em \u00e1gua<\/th>\n<td class=\"woocommerce-product-attributes-item__value\">27%<\/td>\n<\/tr>\n<tr class=\"woocommerce-product-attributes-item woocommerce-product-attributes-item--attribute_pa_aplicacao\">\n<th class=\"woocommerce-product-attributes-item__label\">C\u00e1lcio (CaO) complexado em \u00e1gua<\/th>\n<td class=\"woocommerce-product-attributes-item__value\">27%<\/td>\n<\/tr>\n<tr class=\"woocommerce-product-attributes-item woocommerce-product-attributes-item--attribute_pa_aplicacao\">\n<th class=\"woocommerce-product-attributes-item__label\">Amino\u00e1cidos livres<\/th>\n<td class=\"woocommerce-product-attributes-item__value\">9%<\/td>\n<\/tr>\n<tr class=\"woocommerce-product-attributes-item woocommerce-product-attributes-item--attribute_pa_aplicacao\">\n<th class=\"woocommerce-product-attributes-item__label\">Azoto (N) total<\/th>\n<td class=\"woocommerce-product-attributes-item__value\">1,4%<\/td>\n<\/tr>\n<tr class=\"woocommerce-product-attributes-item woocommerce-product-attributes-item--attribute_pa_aplicacao\">\n<th class=\"woocommerce-product-attributes-item__label\">Azoto (N) org\u00e2nico<\/th>\n<td class=\"woocommerce-product-attributes-item__value\">1,4%<\/td>\n<\/tr>\n<\/tbody>\n<\/table>\n<\/div>\n<\/div>\n<div class=\"cmsms_column one_first\">\n<p><\/p>\n<\/div>\n<\/div>\n<\/div>\n<\/div>\n<\/div>\n<\/div>","protected":false},"excerpt":{"rendered":"<p id=\"cmsms_heading_647df62110e5f\" class=\"cmsms_heading\"><span style=\"color: #808080;\">Efical-WSP<span style=\"font-size: 16px;\"> \u00e9 um produto nutricional com uma grande riqueza de c\u00e1lcio assimil\u00e1vel. Est\u00e1 formulado com amino\u00e1cidos livres e complexos org\u00e2nicos como \u00e1cido c\u00edtrico e outros hidratos de carbono, que conseguem uma melhor absor\u00e7\u00e3o e transloca\u00e7\u00e3o do c\u00e1lcio atrav\u00e9s dos tecidos da planta. A aplica\u00e7\u00e3o de <\/span>EficalWSP<span style=\"font-size: 16px;\"> aumenta a concentra\u00e7\u00e3o de c\u00e1lcio nos frutos e partes verdes, melhorando a firmeza e a qualidade dos mesmos p\u00f3s-colheita.<\/span><\/span><\/p>\n<p>&nbsp;<\/p>\n<div class=\"cmsms_text\" style=\"position: absolute; bottom: 0;\">\n<h5><strong>\u00a0<\/strong><\/h5>\n<\/div>","protected":false},"featured_media":15951,"template":"","meta":{"_monsterinsights_skip_tracking":false,"_monsterinsights_sitenote_active":false,"_monsterinsights_sitenote_note":"","_monsterinsights_sitenote_category":0},"product_brand":[],"product_cat":[516,534],"product_tag":[],"class_list":{"0":"post-36828","1":"product","2":"type-product","3":"status-publish","4":"has-post-thumbnail","6":"product_cat-fitonutricao","7":"product_cat-nutricao","9":"first","10":"instock","11":"taxable","12":"shipping-taxable","13":"purchasable","14":"product-type-variable"},"yoast_head":"<!-- This site is optimized with the Yoast SEO plugin v27.4 - https:\/\/yoast.com\/product\/yoast-seo-wordpress\/ -->\n<title>Efical\u00ae-WSP - Jovagro<\/title>\n<meta name=\"robots\" content=\"noindex, follow\" \/>\n<meta property=\"og:locale\" content=\"en_GB\" \/>\n<meta property=\"og:type\" content=\"article\" \/>\n<meta property=\"og:title\" content=\"Efical\u00ae-WSP - Jovagro\" \/>\n<meta property=\"og:description\" content=\"Efical-WSP \u00e9 um produto nutricional com uma grande riqueza de c\u00e1lcio assimil\u00e1vel. Est\u00e1 formulado com amino\u00e1cidos livres e complexos org\u00e2nicos como \u00e1cido c\u00edtrico e outros hidratos de carbono, que conseguem uma melhor absor\u00e7\u00e3o e transloca\u00e7\u00e3o do c\u00e1lcio atrav\u00e9s dos tecidos da planta. A aplica\u00e7\u00e3o de EficalWSP aumenta a concentra\u00e7\u00e3o de c\u00e1lcio nos frutos e partes verdes, melhorando a firmeza e a qualidade dos mesmos p\u00f3s-colheita. &nbsp;  \u00a0\" \/>\n<meta property=\"og:url\" content=\"http:\/\/www.jovagro.pt\/en\/shop\/inovabio\/fitonutricao\/nutricao\/efical-wsp\/\" \/>\n<meta property=\"og:site_name\" content=\"Jovagro\" \/>\n<meta property=\"article:publisher\" content=\"https:\/\/www.facebook.com\/Jovagro\/\" \/>\n<meta property=\"article:modified_time\" content=\"2025-04-22T16:42:27+00:00\" \/>\n<meta property=\"og:image\" content=\"https:\/\/www.jovagro.pt\/wp-content\/uploads\/2022\/04\/Efical.png\" \/>\n\t<meta property=\"og:image:width\" content=\"626\" \/>\n\t<meta property=\"og:image:height\" content=\"626\" \/>\n\t<meta property=\"og:image:type\" content=\"image\/png\" \/>\n<meta name=\"twitter:card\" content=\"summary_large_image\" \/>\n<meta name=\"twitter:label1\" content=\"Estimated reading time\" \/>\n\t<meta name=\"twitter:data1\" content=\"1 minute\" \/>\n<script type=\"application\/ld+json\" class=\"yoast-schema-graph\">{\"@context\":\"https:\\\/\\\/schema.org\",\"@graph\":[{\"@type\":\"WebPage\",\"@id\":\"http:\\\/\\\/www.jovagro.pt\\\/en\\\/shop\\\/inovabio\\\/fitonutricao\\\/nutricao\\\/efical-wsp\\\/\",\"url\":\"http:\\\/\\\/www.jovagro.pt\\\/en\\\/shop\\\/inovabio\\\/fitonutricao\\\/nutricao\\\/efical-wsp\\\/\",\"name\":\"Efical\u00ae-WSP - Jovagro\",\"isPartOf\":{\"@id\":\"https:\\\/\\\/www.jovagro.pt\\\/#website\"},\"primaryImageOfPage\":{\"@id\":\"http:\\\/\\\/www.jovagro.pt\\\/en\\\/shop\\\/inovabio\\\/fitonutricao\\\/nutricao\\\/efical-wsp\\\/#primaryimage\"},\"image\":{\"@id\":\"http:\\\/\\\/www.jovagro.pt\\\/en\\\/shop\\\/inovabio\\\/fitonutricao\\\/nutricao\\\/efical-wsp\\\/#primaryimage\"},\"thumbnailUrl\":\"https:\\\/\\\/zapaf.pt\\\/wp-content\\\/uploads\\\/2022\\\/04\\\/Efical.png\",\"datePublished\":\"2023-06-21T13:24:56+00:00\",\"dateModified\":\"2025-04-22T16:42:27+00:00\",\"breadcrumb\":{\"@id\":\"http:\\\/\\\/www.jovagro.pt\\\/en\\\/shop\\\/inovabio\\\/fitonutricao\\\/nutricao\\\/efical-wsp\\\/#breadcrumb\"},\"inLanguage\":\"en-GB\",\"potentialAction\":[{\"@type\":\"ReadAction\",\"target\":[\"http:\\\/\\\/www.jovagro.pt\\\/en\\\/shop\\\/inovabio\\\/fitonutricao\\\/nutricao\\\/efical-wsp\\\/\"]}]},{\"@type\":\"ImageObject\",\"inLanguage\":\"en-GB\",\"@id\":\"http:\\\/\\\/www.jovagro.pt\\\/en\\\/shop\\\/inovabio\\\/fitonutricao\\\/nutricao\\\/efical-wsp\\\/#primaryimage\",\"url\":\"https:\\\/\\\/zapaf.pt\\\/wp-content\\\/uploads\\\/2022\\\/04\\\/Efical.png\",\"contentUrl\":\"https:\\\/\\\/zapaf.pt\\\/wp-content\\\/uploads\\\/2022\\\/04\\\/Efical.png\",\"width\":626,\"height\":626},{\"@type\":\"BreadcrumbList\",\"@id\":\"http:\\\/\\\/www.jovagro.pt\\\/en\\\/shop\\\/inovabio\\\/fitonutricao\\\/nutricao\\\/efical-wsp\\\/#breadcrumb\",\"itemListElement\":[{\"@type\":\"ListItem\",\"position\":1,\"name\":\"Home\",\"item\":\"https:\\\/\\\/www.jovagro.pt\\\/\"},{\"@type\":\"ListItem\",\"position\":2,\"name\":\"Loja\",\"item\":\"https:\\\/\\\/www.jovagro.pt\\\/loja\\\/\"},{\"@type\":\"ListItem\",\"position\":3,\"name\":\"Efical\u00ae-WSP\"}]},{\"@type\":\"WebSite\",\"@id\":\"https:\\\/\\\/www.jovagro.pt\\\/#website\",\"url\":\"https:\\\/\\\/www.jovagro.pt\\\/\",\"name\":\"Jovagro\",\"description\":\"Sempre com a Natureza\",\"publisher\":{\"@id\":\"https:\\\/\\\/www.jovagro.pt\\\/#organization\"},\"potentialAction\":[{\"@type\":\"SearchAction\",\"target\":{\"@type\":\"EntryPoint\",\"urlTemplate\":\"https:\\\/\\\/www.jovagro.pt\\\/?s={search_term_string}\"},\"query-input\":{\"@type\":\"PropertyValueSpecification\",\"valueRequired\":true,\"valueName\":\"search_term_string\"}}],\"inLanguage\":\"en-GB\"},{\"@type\":\"Organization\",\"@id\":\"https:\\\/\\\/www.jovagro.pt\\\/#organization\",\"name\":\"Jovagro\",\"url\":\"https:\\\/\\\/www.jovagro.pt\\\/\",\"logo\":{\"@type\":\"ImageObject\",\"inLanguage\":\"en-GB\",\"@id\":\"https:\\\/\\\/www.jovagro.pt\\\/#\\\/schema\\\/logo\\\/image\\\/\",\"url\":\"https:\\\/\\\/jovagro.pt\\\/wp-content\\\/uploads\\\/2019\\\/12\\\/7-01-01-scaled.jpg\",\"contentUrl\":\"https:\\\/\\\/jovagro.pt\\\/wp-content\\\/uploads\\\/2019\\\/12\\\/7-01-01-scaled.jpg\",\"width\":2560,\"height\":893,\"caption\":\"Jovagro\"},\"image\":{\"@id\":\"https:\\\/\\\/www.jovagro.pt\\\/#\\\/schema\\\/logo\\\/image\\\/\"},\"sameAs\":[\"https:\\\/\\\/www.facebook.com\\\/Jovagro\\\/\"]}]}<\/script>\n<!-- \/ Yoast SEO plugin. -->","yoast_head_json":{"title":"Efical\u00ae-WSP - Jovagro","robots":{"index":"noindex","follow":"follow"},"og_locale":"en_GB","og_type":"article","og_title":"Efical\u00ae-WSP - Jovagro","og_description":"Efical-WSP \u00e9 um produto nutricional com uma grande riqueza de c\u00e1lcio assimil\u00e1vel. Est\u00e1 formulado com amino\u00e1cidos livres e complexos org\u00e2nicos como \u00e1cido c\u00edtrico e outros hidratos de carbono, que conseguem uma melhor absor\u00e7\u00e3o e transloca\u00e7\u00e3o do c\u00e1lcio atrav\u00e9s dos tecidos da planta. A aplica\u00e7\u00e3o de EficalWSP aumenta a concentra\u00e7\u00e3o de c\u00e1lcio nos frutos e partes verdes, melhorando a firmeza e a qualidade dos mesmos p\u00f3s-colheita. &nbsp;  \u00a0","og_url":"http:\/\/www.jovagro.pt\/en\/shop\/inovabio\/fitonutricao\/nutricao\/efical-wsp\/","og_site_name":"Jovagro","article_publisher":"https:\/\/www.facebook.com\/Jovagro\/","article_modified_time":"2025-04-22T16:42:27+00:00","og_image":[{"width":626,"height":626,"url":"https:\/\/www.jovagro.pt\/wp-content\/uploads\/2022\/04\/Efical.png","type":"image\/png"}],"twitter_card":"summary_large_image","twitter_misc":{"Estimated reading time":"1 minute"},"schema":{"@context":"https:\/\/schema.org","@graph":[{"@type":"WebPage","@id":"http:\/\/www.jovagro.pt\/en\/shop\/inovabio\/fitonutricao\/nutricao\/efical-wsp\/","url":"http:\/\/www.jovagro.pt\/en\/shop\/inovabio\/fitonutricao\/nutricao\/efical-wsp\/","name":"Efical\u00ae-WSP - Jovagro","isPartOf":{"@id":"https:\/\/www.jovagro.pt\/#website"},"primaryImageOfPage":{"@id":"http:\/\/www.jovagro.pt\/en\/shop\/inovabio\/fitonutricao\/nutricao\/efical-wsp\/#primaryimage"},"image":{"@id":"http:\/\/www.jovagro.pt\/en\/shop\/inovabio\/fitonutricao\/nutricao\/efical-wsp\/#primaryimage"},"thumbnailUrl":"https:\/\/zapaf.pt\/wp-content\/uploads\/2022\/04\/Efical.png","datePublished":"2023-06-21T13:24:56+00:00","dateModified":"2025-04-22T16:42:27+00:00","breadcrumb":{"@id":"http:\/\/www.jovagro.pt\/en\/shop\/inovabio\/fitonutricao\/nutricao\/efical-wsp\/#breadcrumb"},"inLanguage":"en-GB","potentialAction":[{"@type":"ReadAction","target":["http:\/\/www.jovagro.pt\/en\/shop\/inovabio\/fitonutricao\/nutricao\/efical-wsp\/"]}]},{"@type":"ImageObject","inLanguage":"en-GB","@id":"http:\/\/www.jovagro.pt\/en\/shop\/inovabio\/fitonutricao\/nutricao\/efical-wsp\/#primaryimage","url":"https:\/\/zapaf.pt\/wp-content\/uploads\/2022\/04\/Efical.png","contentUrl":"https:\/\/zapaf.pt\/wp-content\/uploads\/2022\/04\/Efical.png","width":626,"height":626},{"@type":"BreadcrumbList","@id":"http:\/\/www.jovagro.pt\/en\/shop\/inovabio\/fitonutricao\/nutricao\/efical-wsp\/#breadcrumb","itemListElement":[{"@type":"ListItem","position":1,"name":"Home","item":"https:\/\/www.jovagro.pt\/"},{"@type":"ListItem","position":2,"name":"Loja","item":"https:\/\/www.jovagro.pt\/loja\/"},{"@type":"ListItem","position":3,"name":"Efical\u00ae-WSP"}]},{"@type":"WebSite","@id":"https:\/\/www.jovagro.pt\/#website","url":"https:\/\/www.jovagro.pt\/","name":"Jovagro","description":"Sempre com a Natureza","publisher":{"@id":"https:\/\/www.jovagro.pt\/#organization"},"potentialAction":[{"@type":"SearchAction","target":{"@type":"EntryPoint","urlTemplate":"https:\/\/www.jovagro.pt\/?s={search_term_string}"},"query-input":{"@type":"PropertyValueSpecification","valueRequired":true,"valueName":"search_term_string"}}],"inLanguage":"en-GB"},{"@type":"Organization","@id":"https:\/\/www.jovagro.pt\/#organization","name":"Jovagro","url":"https:\/\/www.jovagro.pt\/","logo":{"@type":"ImageObject","inLanguage":"en-GB","@id":"https:\/\/www.jovagro.pt\/#\/schema\/logo\/image\/","url":"https:\/\/jovagro.pt\/wp-content\/uploads\/2019\/12\/7-01-01-scaled.jpg","contentUrl":"https:\/\/jovagro.pt\/wp-content\/uploads\/2019\/12\/7-01-01-scaled.jpg","width":2560,"height":893,"caption":"Jovagro"},"image":{"@id":"https:\/\/www.jovagro.pt\/#\/schema\/logo\/image\/"},"sameAs":["https:\/\/www.facebook.com\/Jovagro\/"]}]}},"_links":{"self":[{"href":"https:\/\/zapaf.pt\/en\/wp-json\/wp\/v2\/product\/36828","targetHints":{"allow":["GET"]}}],"collection":[{"href":"https:\/\/zapaf.pt\/en\/wp-json\/wp\/v2\/product"}],"about":[{"href":"https:\/\/zapaf.pt\/en\/wp-json\/wp\/v2\/types\/product"}],"wp:featuredmedia":[{"embeddable":true,"href":"https:\/\/zapaf.pt\/en\/wp-json\/wp\/v2\/media\/15951"}],"wp:attachment":[{"href":"https:\/\/zapaf.pt\/en\/wp-json\/wp\/v2\/media?parent=36828"}],"wp:term":[{"taxonomy":"product_brand","embeddable":true,"href":"https:\/\/zapaf.pt\/en\/wp-json\/wp\/v2\/product_brand?post=36828"},{"taxonomy":"product_cat","embeddable":true,"href":"https:\/\/zapaf.pt\/en\/wp-json\/wp\/v2\/product_cat?post=36828"},{"taxonomy":"product_tag","embeddable":true,"href":"https:\/\/zapaf.pt\/en\/wp-json\/wp\/v2\/product_tag?post=36828"}],"curies":[{"name":"wp","href":"https:\/\/api.w.org\/{rel}","templated":true}]}}