{"id":36839,"date":"2023-06-22T09:34:24","date_gmt":"2023-06-22T09:34:24","guid":{"rendered":"https:\/\/www.jovagro.pt\/?post_type=product&#038;p=36839"},"modified":"2025-04-22T17:00:57","modified_gmt":"2025-04-22T17:00:57","slug":"naturfruit","status":"publish","type":"product","link":"https:\/\/zapaf.pt\/en\/shop\/inovabio\/fitonutricao\/nutricao\/naturfruit\/","title":{"rendered":"Naturfruit\u00ae"},"content":{"rendered":"<style type=\"text\/css\"> \n#cmsms_row_69e04d24b4f08 .cmsms_row_outer_parent { \n\tpadding-top: 0px; \n} \n\n#cmsms_row_69e04d24b4f08 .cmsms_row_outer_parent { \n\tpadding-bottom: 50px; \n} \n\n<\/style><div id=\"cmsms_row_69e04d24b4f08\" class=\"cmsms_row cmsms_color_scheme_default\">\n<div class=\"cmsms_row_outer_parent\">\n<div class=\"cmsms_row_outer\">\n<div class=\"cmsms_row_inner\">\n<div class=\"cmsms_row_margin\">\n<div class=\"cmsms_column one_first\">\n<div class=\"custom_html\">\n<table class=\"woocommerce-product-attributes shop_attributes\">\n<tbody>\n<tr class=\"woocommerce-product-attributes-item woocommerce-product-attributes-item--attribute_pa_aplicacao\">\n<th class=\"woocommerce-product-attributes-item__label\">\u00d3xido de pot\u00e1ssio (K2O) sol\u00favel em \u00e1gua<\/th>\n<td class=\"woocommerce-product-attributes-item__value\">25%<\/td>\n<\/tr>\n<\/tbody>\n<\/table>\n<\/div>\n<\/div>\n<div class=\"cmsms_column one_first\">\n<p><\/p>\n<\/div>\n<\/div>\n<\/div>\n<\/div>\n<\/div>\n<\/div>","protected":false},"excerpt":{"rendered":"<p id=\"cmsms_heading_647df62110e5f\" class=\"cmsms_heading\">Naturfruit<span style=\"font-size: 16px;\"> \u00e9 um fertilizante l\u00edquido que cont\u00e9m um alto teor em pot\u00e1ssio. A aplica\u00e7\u00e3o deve ser feita durante os per\u00edodos do ciclo de maior necessidade em pot\u00e1ssio. <\/span>Naturfruit<span style=\"font-size: 16px;\"> \u00e9 absorvido com muita facilidade pelas partes da planta que mais necessitam, e melhora a qualidade da fruta e tamb\u00e9m o estado geral da planta. <\/span>Naturfruit<span style=\"font-size: 16px;\"> favorece a s\u00edntese de a\u00e7\u00facares e a sua acumula\u00e7\u00e3o em \u00f3rg\u00e3os de reserva e em culturas onde a qualidade da colheita depende do seu conte\u00fado de a\u00e7\u00facar. Induz a mudan\u00e7a de cor de fruto e proporciona rigidez e consist\u00eancia aos frutos e \u00e0s folhas, aumentando a resist\u00eancia a pat\u00f3genos e a qualidade da colheita. <\/span>Naturfruit<span style=\"font-size: 16px;\"> aumenta ainda a resist\u00eancia \u00e0 seca e melhora a secagem dos rebentos.<\/span><\/p>\n<div class=\"cmsms_text\">\n<p><img loading=\"lazy\" decoding=\"async\" class=\"alignnone size-full wp-image-38359\" src=\"https:\/\/jovagro.pt\/wp-content\/uploads\/2023\/06\/approved-by-ecocert-inputs-vector-logo.png\" alt=\"\" width=\"80\" height=\"80\" srcset=\"https:\/\/zapaf.pt\/wp-content\/uploads\/2023\/06\/approved-by-ecocert-inputs-vector-logo.png 80w, https:\/\/zapaf.pt\/wp-content\/uploads\/2023\/06\/approved-by-ecocert-inputs-vector-logo-12x12.png 12w, https:\/\/zapaf.pt\/wp-content\/uploads\/2023\/06\/approved-by-ecocert-inputs-vector-logo-55x55.png 55w\" sizes=\"auto, (max-width: 80px) 100vw, 80px\" \/><\/p>\n<\/div>\n<p>&nbsp;<\/p>\n<div class=\"cmsms_text\" style=\"position: absolute; bottom: 0;\">\n<h5><strong>\u00a0<\/strong><\/h5>\n<\/div>","protected":false},"featured_media":15957,"template":"","meta":{"_monsterinsights_skip_tracking":false,"_monsterinsights_sitenote_active":false,"_monsterinsights_sitenote_note":"","_monsterinsights_sitenote_category":0},"product_brand":[],"product_cat":[516,534],"product_tag":[],"class_list":{"0":"post-36839","1":"product","2":"type-product","3":"status-publish","4":"has-post-thumbnail","6":"product_cat-fitonutricao","7":"product_cat-nutricao","9":"first","10":"instock","11":"taxable","12":"shipping-taxable","13":"purchasable","14":"product-type-variable"},"yoast_head":"<!-- This site is optimized with the Yoast SEO plugin v27.4 - https:\/\/yoast.com\/product\/yoast-seo-wordpress\/ -->\n<title>Naturfruit\u00ae - Jovagro<\/title>\n<meta name=\"robots\" content=\"noindex, follow\" \/>\n<meta property=\"og:locale\" content=\"en_GB\" \/>\n<meta property=\"og:type\" content=\"article\" \/>\n<meta property=\"og:title\" content=\"Naturfruit\u00ae - Jovagro\" \/>\n<meta property=\"og:description\" content=\"Naturfruit \u00e9 um fertilizante l\u00edquido que cont\u00e9m um alto teor em pot\u00e1ssio. A aplica\u00e7\u00e3o deve ser feita durante os per\u00edodos do ciclo de maior necessidade em pot\u00e1ssio. Naturfruit \u00e9 absorvido com muita facilidade pelas partes da planta que mais necessitam, e melhora a qualidade da fruta e tamb\u00e9m o estado geral da planta. Naturfruit favorece a s\u00edntese de a\u00e7\u00facares e a sua acumula\u00e7\u00e3o em \u00f3rg\u00e3os de reserva e em culturas onde a qualidade da colheita depende do seu conte\u00fado de a\u00e7\u00facar. Induz a mudan\u00e7a de cor de fruto e proporciona rigidez e consist\u00eancia aos frutos e \u00e0s folhas, aumentando a resist\u00eancia a pat\u00f3genos e a qualidade da colheita. Naturfruit aumenta ainda a resist\u00eancia \u00e0 seca e melhora a secagem dos rebentos.       &nbsp;  \u00a0\" \/>\n<meta property=\"og:url\" content=\"https:\/\/www.jovagro.pt\/shop\/inovabio\/fitonutricao\/nutricao\/naturfruit\/\" \/>\n<meta property=\"og:site_name\" content=\"Jovagro\" \/>\n<meta property=\"article:publisher\" content=\"https:\/\/www.facebook.com\/Jovagro\/\" \/>\n<meta property=\"article:modified_time\" content=\"2025-04-22T17:00:57+00:00\" \/>\n<meta property=\"og:image\" content=\"https:\/\/www.jovagro.pt\/wp-content\/uploads\/2022\/04\/Naturfruit.png\" \/>\n\t<meta property=\"og:image:width\" content=\"626\" \/>\n\t<meta property=\"og:image:height\" content=\"626\" \/>\n\t<meta property=\"og:image:type\" content=\"image\/png\" \/>\n<meta name=\"twitter:card\" content=\"summary_large_image\" \/>\n<meta name=\"twitter:label1\" content=\"Estimated reading time\" \/>\n\t<meta name=\"twitter:data1\" content=\"1 minute\" \/>\n<script type=\"application\/ld+json\" class=\"yoast-schema-graph\">{\"@context\":\"https:\\\/\\\/schema.org\",\"@graph\":[{\"@type\":\"WebPage\",\"@id\":\"https:\\\/\\\/www.jovagro.pt\\\/shop\\\/inovabio\\\/fitonutricao\\\/nutricao\\\/naturfruit\\\/\",\"url\":\"https:\\\/\\\/www.jovagro.pt\\\/shop\\\/inovabio\\\/fitonutricao\\\/nutricao\\\/naturfruit\\\/\",\"name\":\"Naturfruit\u00ae - Jovagro\",\"isPartOf\":{\"@id\":\"https:\\\/\\\/www.jovagro.pt\\\/#website\"},\"primaryImageOfPage\":{\"@id\":\"https:\\\/\\\/www.jovagro.pt\\\/shop\\\/inovabio\\\/fitonutricao\\\/nutricao\\\/naturfruit\\\/#primaryimage\"},\"image\":{\"@id\":\"https:\\\/\\\/www.jovagro.pt\\\/shop\\\/inovabio\\\/fitonutricao\\\/nutricao\\\/naturfruit\\\/#primaryimage\"},\"thumbnailUrl\":\"https:\\\/\\\/zapaf.pt\\\/wp-content\\\/uploads\\\/2022\\\/04\\\/Naturfruit.png\",\"datePublished\":\"2023-06-22T09:34:24+00:00\",\"dateModified\":\"2025-04-22T17:00:57+00:00\",\"breadcrumb\":{\"@id\":\"https:\\\/\\\/www.jovagro.pt\\\/shop\\\/inovabio\\\/fitonutricao\\\/nutricao\\\/naturfruit\\\/#breadcrumb\"},\"inLanguage\":\"en-GB\",\"potentialAction\":[{\"@type\":\"ReadAction\",\"target\":[\"https:\\\/\\\/www.jovagro.pt\\\/shop\\\/inovabio\\\/fitonutricao\\\/nutricao\\\/naturfruit\\\/\"]}]},{\"@type\":\"ImageObject\",\"inLanguage\":\"en-GB\",\"@id\":\"https:\\\/\\\/www.jovagro.pt\\\/shop\\\/inovabio\\\/fitonutricao\\\/nutricao\\\/naturfruit\\\/#primaryimage\",\"url\":\"https:\\\/\\\/zapaf.pt\\\/wp-content\\\/uploads\\\/2022\\\/04\\\/Naturfruit.png\",\"contentUrl\":\"https:\\\/\\\/zapaf.pt\\\/wp-content\\\/uploads\\\/2022\\\/04\\\/Naturfruit.png\",\"width\":626,\"height\":626},{\"@type\":\"BreadcrumbList\",\"@id\":\"https:\\\/\\\/www.jovagro.pt\\\/shop\\\/inovabio\\\/fitonutricao\\\/nutricao\\\/naturfruit\\\/#breadcrumb\",\"itemListElement\":[{\"@type\":\"ListItem\",\"position\":1,\"name\":\"Home\",\"item\":\"https:\\\/\\\/www.jovagro.pt\\\/\"},{\"@type\":\"ListItem\",\"position\":2,\"name\":\"Loja\",\"item\":\"https:\\\/\\\/www.jovagro.pt\\\/loja\\\/\"},{\"@type\":\"ListItem\",\"position\":3,\"name\":\"Naturfruit\u00ae\"}]},{\"@type\":\"WebSite\",\"@id\":\"https:\\\/\\\/www.jovagro.pt\\\/#website\",\"url\":\"https:\\\/\\\/www.jovagro.pt\\\/\",\"name\":\"Jovagro\",\"description\":\"Sempre com a Natureza\",\"publisher\":{\"@id\":\"https:\\\/\\\/www.jovagro.pt\\\/#organization\"},\"potentialAction\":[{\"@type\":\"SearchAction\",\"target\":{\"@type\":\"EntryPoint\",\"urlTemplate\":\"https:\\\/\\\/www.jovagro.pt\\\/?s={search_term_string}\"},\"query-input\":{\"@type\":\"PropertyValueSpecification\",\"valueRequired\":true,\"valueName\":\"search_term_string\"}}],\"inLanguage\":\"en-GB\"},{\"@type\":\"Organization\",\"@id\":\"https:\\\/\\\/www.jovagro.pt\\\/#organization\",\"name\":\"Jovagro\",\"url\":\"https:\\\/\\\/www.jovagro.pt\\\/\",\"logo\":{\"@type\":\"ImageObject\",\"inLanguage\":\"en-GB\",\"@id\":\"https:\\\/\\\/www.jovagro.pt\\\/#\\\/schema\\\/logo\\\/image\\\/\",\"url\":\"https:\\\/\\\/jovagro.pt\\\/wp-content\\\/uploads\\\/2019\\\/12\\\/7-01-01-scaled.jpg\",\"contentUrl\":\"https:\\\/\\\/jovagro.pt\\\/wp-content\\\/uploads\\\/2019\\\/12\\\/7-01-01-scaled.jpg\",\"width\":2560,\"height\":893,\"caption\":\"Jovagro\"},\"image\":{\"@id\":\"https:\\\/\\\/www.jovagro.pt\\\/#\\\/schema\\\/logo\\\/image\\\/\"},\"sameAs\":[\"https:\\\/\\\/www.facebook.com\\\/Jovagro\\\/\"]}]}<\/script>\n<!-- \/ Yoast SEO plugin. -->","yoast_head_json":{"title":"Naturfruit\u00ae - Jovagro","robots":{"index":"noindex","follow":"follow"},"og_locale":"en_GB","og_type":"article","og_title":"Naturfruit\u00ae - Jovagro","og_description":"Naturfruit \u00e9 um fertilizante l\u00edquido que cont\u00e9m um alto teor em pot\u00e1ssio. A aplica\u00e7\u00e3o deve ser feita durante os per\u00edodos do ciclo de maior necessidade em pot\u00e1ssio. Naturfruit \u00e9 absorvido com muita facilidade pelas partes da planta que mais necessitam, e melhora a qualidade da fruta e tamb\u00e9m o estado geral da planta. Naturfruit favorece a s\u00edntese de a\u00e7\u00facares e a sua acumula\u00e7\u00e3o em \u00f3rg\u00e3os de reserva e em culturas onde a qualidade da colheita depende do seu conte\u00fado de a\u00e7\u00facar. Induz a mudan\u00e7a de cor de fruto e proporciona rigidez e consist\u00eancia aos frutos e \u00e0s folhas, aumentando a resist\u00eancia a pat\u00f3genos e a qualidade da colheita. Naturfruit aumenta ainda a resist\u00eancia \u00e0 seca e melhora a secagem dos rebentos.       &nbsp;  \u00a0","og_url":"https:\/\/www.jovagro.pt\/shop\/inovabio\/fitonutricao\/nutricao\/naturfruit\/","og_site_name":"Jovagro","article_publisher":"https:\/\/www.facebook.com\/Jovagro\/","article_modified_time":"2025-04-22T17:00:57+00:00","og_image":[{"width":626,"height":626,"url":"https:\/\/www.jovagro.pt\/wp-content\/uploads\/2022\/04\/Naturfruit.png","type":"image\/png"}],"twitter_card":"summary_large_image","twitter_misc":{"Estimated reading time":"1 minute"},"schema":{"@context":"https:\/\/schema.org","@graph":[{"@type":"WebPage","@id":"https:\/\/www.jovagro.pt\/shop\/inovabio\/fitonutricao\/nutricao\/naturfruit\/","url":"https:\/\/www.jovagro.pt\/shop\/inovabio\/fitonutricao\/nutricao\/naturfruit\/","name":"Naturfruit\u00ae - Jovagro","isPartOf":{"@id":"https:\/\/www.jovagro.pt\/#website"},"primaryImageOfPage":{"@id":"https:\/\/www.jovagro.pt\/shop\/inovabio\/fitonutricao\/nutricao\/naturfruit\/#primaryimage"},"image":{"@id":"https:\/\/www.jovagro.pt\/shop\/inovabio\/fitonutricao\/nutricao\/naturfruit\/#primaryimage"},"thumbnailUrl":"https:\/\/zapaf.pt\/wp-content\/uploads\/2022\/04\/Naturfruit.png","datePublished":"2023-06-22T09:34:24+00:00","dateModified":"2025-04-22T17:00:57+00:00","breadcrumb":{"@id":"https:\/\/www.jovagro.pt\/shop\/inovabio\/fitonutricao\/nutricao\/naturfruit\/#breadcrumb"},"inLanguage":"en-GB","potentialAction":[{"@type":"ReadAction","target":["https:\/\/www.jovagro.pt\/shop\/inovabio\/fitonutricao\/nutricao\/naturfruit\/"]}]},{"@type":"ImageObject","inLanguage":"en-GB","@id":"https:\/\/www.jovagro.pt\/shop\/inovabio\/fitonutricao\/nutricao\/naturfruit\/#primaryimage","url":"https:\/\/zapaf.pt\/wp-content\/uploads\/2022\/04\/Naturfruit.png","contentUrl":"https:\/\/zapaf.pt\/wp-content\/uploads\/2022\/04\/Naturfruit.png","width":626,"height":626},{"@type":"BreadcrumbList","@id":"https:\/\/www.jovagro.pt\/shop\/inovabio\/fitonutricao\/nutricao\/naturfruit\/#breadcrumb","itemListElement":[{"@type":"ListItem","position":1,"name":"Home","item":"https:\/\/www.jovagro.pt\/"},{"@type":"ListItem","position":2,"name":"Loja","item":"https:\/\/www.jovagro.pt\/loja\/"},{"@type":"ListItem","position":3,"name":"Naturfruit\u00ae"}]},{"@type":"WebSite","@id":"https:\/\/www.jovagro.pt\/#website","url":"https:\/\/www.jovagro.pt\/","name":"Jovagro","description":"Sempre com a Natureza","publisher":{"@id":"https:\/\/www.jovagro.pt\/#organization"},"potentialAction":[{"@type":"SearchAction","target":{"@type":"EntryPoint","urlTemplate":"https:\/\/www.jovagro.pt\/?s={search_term_string}"},"query-input":{"@type":"PropertyValueSpecification","valueRequired":true,"valueName":"search_term_string"}}],"inLanguage":"en-GB"},{"@type":"Organization","@id":"https:\/\/www.jovagro.pt\/#organization","name":"Jovagro","url":"https:\/\/www.jovagro.pt\/","logo":{"@type":"ImageObject","inLanguage":"en-GB","@id":"https:\/\/www.jovagro.pt\/#\/schema\/logo\/image\/","url":"https:\/\/jovagro.pt\/wp-content\/uploads\/2019\/12\/7-01-01-scaled.jpg","contentUrl":"https:\/\/jovagro.pt\/wp-content\/uploads\/2019\/12\/7-01-01-scaled.jpg","width":2560,"height":893,"caption":"Jovagro"},"image":{"@id":"https:\/\/www.jovagro.pt\/#\/schema\/logo\/image\/"},"sameAs":["https:\/\/www.facebook.com\/Jovagro\/"]}]}},"_links":{"self":[{"href":"https:\/\/zapaf.pt\/en\/wp-json\/wp\/v2\/product\/36839","targetHints":{"allow":["GET"]}}],"collection":[{"href":"https:\/\/zapaf.pt\/en\/wp-json\/wp\/v2\/product"}],"about":[{"href":"https:\/\/zapaf.pt\/en\/wp-json\/wp\/v2\/types\/product"}],"wp:featuredmedia":[{"embeddable":true,"href":"https:\/\/zapaf.pt\/en\/wp-json\/wp\/v2\/media\/15957"}],"wp:attachment":[{"href":"https:\/\/zapaf.pt\/en\/wp-json\/wp\/v2\/media?parent=36839"}],"wp:term":[{"taxonomy":"product_brand","embeddable":true,"href":"https:\/\/zapaf.pt\/en\/wp-json\/wp\/v2\/product_brand?post=36839"},{"taxonomy":"product_cat","embeddable":true,"href":"https:\/\/zapaf.pt\/en\/wp-json\/wp\/v2\/product_cat?post=36839"},{"taxonomy":"product_tag","embeddable":true,"href":"https:\/\/zapaf.pt\/en\/wp-json\/wp\/v2\/product_tag?post=36839"}],"curies":[{"name":"wp","href":"https:\/\/api.w.org\/{rel}","templated":true}]}}