{"id":36873,"date":"2023-06-27T10:14:40","date_gmt":"2023-06-27T10:14:40","guid":{"rendered":"https:\/\/www.jovagro.pt\/?post_type=product&#038;p=36873"},"modified":"2025-04-22T11:33:03","modified_gmt":"2025-04-22T11:33:03","slug":"glyfoflash","status":"publish","type":"product","link":"https:\/\/zapaf.pt\/en\/shop\/fitofarmacos\/herbicidas\/glyfoflash\/","title":{"rendered":"Glyfoflash\u00ae XL"},"content":{"rendered":"<style type=\"text\/css\"> \n#cmsms_row_69e107ce837d2 .cmsms_row_outer_parent { \n\tpadding-top: 0px; \n} \n\n#cmsms_row_69e107ce837d2 .cmsms_row_outer_parent { \n\tpadding-bottom: 50px; \n} \n\n<\/style><div id=\"cmsms_row_69e107ce837d2\" class=\"cmsms_row cmsms_color_scheme_default\">\n<div class=\"cmsms_row_outer_parent\">\n<div class=\"cmsms_row_outer\">\n<div class=\"cmsms_row_inner\">\n<div class=\"cmsms_row_margin\">\n<div class=\"cmsms_column one_first\">\n<div class=\"custom_html\">\n<table class=\"woocommerce-product-attributes shop_attributes\">\n<tbody>\n<tr class=\"woocommerce-product-attributes-item woocommerce-product-attributes-item--attribute_pa_aplicacao\">\n<th class=\"woocommerce-product-attributes-item__label\">Glifosato (sob a forma de sal de isopropilam\u00f3nio)<\/th>\n<td class=\"woocommerce-product-attributes-item__value\">31,2%<\/td>\n<\/tr>\n<\/tbody>\n<\/table>\n<\/div>\n<\/div>\n<div class=\"cmsms_column one_first\">\n<\/div>\n<\/div>\n<\/div>\n<\/div>\n<\/div>\n<\/div>","protected":false},"excerpt":{"rendered":"<p id=\"cmsms_heading_647f47536c596\" class=\"cmsms_heading\">Glifoflash XL<span style=\"font-size: 16px;\"> \u00e9 um herbicida sist\u00e9mico de p\u00f3s-emerg\u00eancia com base em glifosato. Derivado da glicina. Absorvido pelas folhas e caules. R\u00e1pida transloca\u00e7\u00e3o. <\/span>Glifoflash XL<span style=\"font-size: 16px;\"> \u00e9 indicado para o controlo de infestantes anuais e vivazes na vinha, pomares de pereiras, macieiras, citrinos, pessegueiros, nectarinas, damasqueiros, cerejeiras, amendoeiras, olivais, actin\u00eddia (kiwi), ameixeiras, aveleiras, nogueiras, pousios, marachas dos arrozais, renova\u00e7\u00e3o de pastagens, antes da sementeira de cereais, antes da instala\u00e7\u00e3o de culturas e em t\u00e9cnicas de sementeira direta, e em zonas n\u00e3o cultivadas\/vias de comunica\u00e7\u00e3o (\u00e1reas industriais, arruamentos, caminhos, bermas de estradas, campos de avia\u00e7\u00e3o, campos de jogos, cemit\u00e9rios, vias f\u00e9rreas). Este herbicida \u00e9 igualmente recomendado para combater as infestantes aqu\u00e1ticas e n\u00e3o \u00e9 ativo sobre musgo.<\/span><\/p>\n<div class=\"cmsms_text\" style=\"position: absolute; bottom: 0;\">\n<h5><\/h5>\n<\/div>","protected":false},"featured_media":16067,"template":"","meta":{"_monsterinsights_skip_tracking":false,"_monsterinsights_sitenote_active":false,"_monsterinsights_sitenote_note":"","_monsterinsights_sitenote_category":0},"product_brand":[],"product_cat":[568],"product_tag":[],"class_list":{"0":"post-36873","1":"product","2":"type-product","3":"status-publish","4":"has-post-thumbnail","6":"product_cat-herbicidas","8":"first","9":"instock","10":"taxable","11":"shipping-taxable","12":"purchasable","13":"product-type-variable"},"yoast_head":"<!-- This site is optimized with the Yoast SEO plugin v27.4 - https:\/\/yoast.com\/product\/yoast-seo-wordpress\/ -->\n<title>Glyfoflash\u00ae XL - Jovagro<\/title>\n<meta name=\"robots\" content=\"index, follow, max-snippet:-1, max-image-preview:large, max-video-preview:-1\" \/>\n<link rel=\"canonical\" href=\"https:\/\/www.jovagro.pt\/shop\/fitofarmacos\/herbicidas\/glyfoflash\/\" \/>\n<meta property=\"og:locale\" content=\"en_GB\" \/>\n<meta property=\"og:type\" content=\"article\" \/>\n<meta property=\"og:title\" content=\"Glyfoflash\u00ae XL - Jovagro\" \/>\n<meta property=\"og:description\" content=\"Glifoflash XL \u00e9 um herbicida sist\u00e9mico de p\u00f3s-emerg\u00eancia com base em glifosato. Derivado da glicina. Absorvido pelas folhas e caules. R\u00e1pida transloca\u00e7\u00e3o. Glifoflash XL \u00e9 indicado para o controlo de infestantes anuais e vivazes na vinha, pomares de pereiras, macieiras, citrinos, pessegueiros, nectarinas, damasqueiros, cerejeiras, amendoeiras, olivais, actin\u00eddia (kiwi), ameixeiras, aveleiras, nogueiras, pousios, marachas dos arrozais, renova\u00e7\u00e3o de pastagens, antes da sementeira de cereais, antes da instala\u00e7\u00e3o de culturas e em t\u00e9cnicas de sementeira direta, e em zonas n\u00e3o cultivadas\/vias de comunica\u00e7\u00e3o (\u00e1reas industriais, arruamentos, caminhos, bermas de estradas, campos de avia\u00e7\u00e3o, campos de jogos, cemit\u00e9rios, vias f\u00e9rreas). Este herbicida \u00e9 igualmente recomendado para combater as infestantes aqu\u00e1ticas e n\u00e3o \u00e9 ativo sobre musgo.\" \/>\n<meta property=\"og:url\" content=\"https:\/\/www.jovagro.pt\/shop\/fitofarmacos\/herbicidas\/glyfoflash\/\" \/>\n<meta property=\"og:site_name\" content=\"Jovagro\" \/>\n<meta property=\"article:publisher\" content=\"https:\/\/www.facebook.com\/Jovagro\/\" \/>\n<meta property=\"article:modified_time\" content=\"2025-04-22T11:33:03+00:00\" \/>\n<meta property=\"og:image\" content=\"https:\/\/www.jovagro.pt\/wp-content\/uploads\/2022\/04\/Glyfoflash.png\" \/>\n\t<meta property=\"og:image:width\" content=\"626\" \/>\n\t<meta property=\"og:image:height\" content=\"626\" \/>\n\t<meta property=\"og:image:type\" content=\"image\/png\" \/>\n<meta name=\"twitter:card\" content=\"summary_large_image\" \/>\n<meta name=\"twitter:label1\" content=\"Estimated reading time\" \/>\n\t<meta name=\"twitter:data1\" content=\"1 minute\" \/>\n<script type=\"application\/ld+json\" class=\"yoast-schema-graph\">{\"@context\":\"https:\\\/\\\/schema.org\",\"@graph\":[{\"@type\":\"WebPage\",\"@id\":\"https:\\\/\\\/www.jovagro.pt\\\/shop\\\/fitofarmacos\\\/herbicidas\\\/glyfoflash\\\/\",\"url\":\"https:\\\/\\\/www.jovagro.pt\\\/shop\\\/fitofarmacos\\\/herbicidas\\\/glyfoflash\\\/\",\"name\":\"Glyfoflash\u00ae XL - Jovagro\",\"isPartOf\":{\"@id\":\"https:\\\/\\\/www.jovagro.pt\\\/#website\"},\"primaryImageOfPage\":{\"@id\":\"https:\\\/\\\/www.jovagro.pt\\\/shop\\\/fitofarmacos\\\/herbicidas\\\/glyfoflash\\\/#primaryimage\"},\"image\":{\"@id\":\"https:\\\/\\\/www.jovagro.pt\\\/shop\\\/fitofarmacos\\\/herbicidas\\\/glyfoflash\\\/#primaryimage\"},\"thumbnailUrl\":\"https:\\\/\\\/zapaf.pt\\\/wp-content\\\/uploads\\\/2022\\\/04\\\/Glyfoflash.png\",\"datePublished\":\"2023-06-27T10:14:40+00:00\",\"dateModified\":\"2025-04-22T11:33:03+00:00\",\"breadcrumb\":{\"@id\":\"https:\\\/\\\/www.jovagro.pt\\\/shop\\\/fitofarmacos\\\/herbicidas\\\/glyfoflash\\\/#breadcrumb\"},\"inLanguage\":\"en-GB\",\"potentialAction\":[{\"@type\":\"ReadAction\",\"target\":[\"https:\\\/\\\/www.jovagro.pt\\\/shop\\\/fitofarmacos\\\/herbicidas\\\/glyfoflash\\\/\"]}]},{\"@type\":\"ImageObject\",\"inLanguage\":\"en-GB\",\"@id\":\"https:\\\/\\\/www.jovagro.pt\\\/shop\\\/fitofarmacos\\\/herbicidas\\\/glyfoflash\\\/#primaryimage\",\"url\":\"https:\\\/\\\/zapaf.pt\\\/wp-content\\\/uploads\\\/2022\\\/04\\\/Glyfoflash.png\",\"contentUrl\":\"https:\\\/\\\/zapaf.pt\\\/wp-content\\\/uploads\\\/2022\\\/04\\\/Glyfoflash.png\",\"width\":626,\"height\":626},{\"@type\":\"BreadcrumbList\",\"@id\":\"https:\\\/\\\/www.jovagro.pt\\\/shop\\\/fitofarmacos\\\/herbicidas\\\/glyfoflash\\\/#breadcrumb\",\"itemListElement\":[{\"@type\":\"ListItem\",\"position\":1,\"name\":\"Home\",\"item\":\"https:\\\/\\\/www.jovagro.pt\\\/\"},{\"@type\":\"ListItem\",\"position\":2,\"name\":\"Loja\",\"item\":\"https:\\\/\\\/www.jovagro.pt\\\/loja\\\/\"},{\"@type\":\"ListItem\",\"position\":3,\"name\":\"Glyfoflash\u00ae XL\"}]},{\"@type\":\"WebSite\",\"@id\":\"https:\\\/\\\/www.jovagro.pt\\\/#website\",\"url\":\"https:\\\/\\\/www.jovagro.pt\\\/\",\"name\":\"Jovagro\",\"description\":\"Sempre com a Natureza\",\"publisher\":{\"@id\":\"https:\\\/\\\/www.jovagro.pt\\\/#organization\"},\"potentialAction\":[{\"@type\":\"SearchAction\",\"target\":{\"@type\":\"EntryPoint\",\"urlTemplate\":\"https:\\\/\\\/www.jovagro.pt\\\/?s={search_term_string}\"},\"query-input\":{\"@type\":\"PropertyValueSpecification\",\"valueRequired\":true,\"valueName\":\"search_term_string\"}}],\"inLanguage\":\"en-GB\"},{\"@type\":\"Organization\",\"@id\":\"https:\\\/\\\/www.jovagro.pt\\\/#organization\",\"name\":\"Jovagro\",\"url\":\"https:\\\/\\\/www.jovagro.pt\\\/\",\"logo\":{\"@type\":\"ImageObject\",\"inLanguage\":\"en-GB\",\"@id\":\"https:\\\/\\\/www.jovagro.pt\\\/#\\\/schema\\\/logo\\\/image\\\/\",\"url\":\"https:\\\/\\\/jovagro.pt\\\/wp-content\\\/uploads\\\/2019\\\/12\\\/7-01-01-scaled.jpg\",\"contentUrl\":\"https:\\\/\\\/jovagro.pt\\\/wp-content\\\/uploads\\\/2019\\\/12\\\/7-01-01-scaled.jpg\",\"width\":2560,\"height\":893,\"caption\":\"Jovagro\"},\"image\":{\"@id\":\"https:\\\/\\\/www.jovagro.pt\\\/#\\\/schema\\\/logo\\\/image\\\/\"},\"sameAs\":[\"https:\\\/\\\/www.facebook.com\\\/Jovagro\\\/\"]}]}<\/script>\n<!-- \/ Yoast SEO plugin. -->","yoast_head_json":{"title":"Glyfoflash\u00ae XL - Jovagro","robots":{"index":"index","follow":"follow","max-snippet":"max-snippet:-1","max-image-preview":"max-image-preview:large","max-video-preview":"max-video-preview:-1"},"canonical":"https:\/\/www.jovagro.pt\/shop\/fitofarmacos\/herbicidas\/glyfoflash\/","og_locale":"en_GB","og_type":"article","og_title":"Glyfoflash\u00ae XL - Jovagro","og_description":"Glifoflash XL \u00e9 um herbicida sist\u00e9mico de p\u00f3s-emerg\u00eancia com base em glifosato. Derivado da glicina. Absorvido pelas folhas e caules. R\u00e1pida transloca\u00e7\u00e3o. Glifoflash XL \u00e9 indicado para o controlo de infestantes anuais e vivazes na vinha, pomares de pereiras, macieiras, citrinos, pessegueiros, nectarinas, damasqueiros, cerejeiras, amendoeiras, olivais, actin\u00eddia (kiwi), ameixeiras, aveleiras, nogueiras, pousios, marachas dos arrozais, renova\u00e7\u00e3o de pastagens, antes da sementeira de cereais, antes da instala\u00e7\u00e3o de culturas e em t\u00e9cnicas de sementeira direta, e em zonas n\u00e3o cultivadas\/vias de comunica\u00e7\u00e3o (\u00e1reas industriais, arruamentos, caminhos, bermas de estradas, campos de avia\u00e7\u00e3o, campos de jogos, cemit\u00e9rios, vias f\u00e9rreas). Este herbicida \u00e9 igualmente recomendado para combater as infestantes aqu\u00e1ticas e n\u00e3o \u00e9 ativo sobre musgo.","og_url":"https:\/\/www.jovagro.pt\/shop\/fitofarmacos\/herbicidas\/glyfoflash\/","og_site_name":"Jovagro","article_publisher":"https:\/\/www.facebook.com\/Jovagro\/","article_modified_time":"2025-04-22T11:33:03+00:00","og_image":[{"width":626,"height":626,"url":"https:\/\/www.jovagro.pt\/wp-content\/uploads\/2022\/04\/Glyfoflash.png","type":"image\/png"}],"twitter_card":"summary_large_image","twitter_misc":{"Estimated reading time":"1 minute"},"schema":{"@context":"https:\/\/schema.org","@graph":[{"@type":"WebPage","@id":"https:\/\/www.jovagro.pt\/shop\/fitofarmacos\/herbicidas\/glyfoflash\/","url":"https:\/\/www.jovagro.pt\/shop\/fitofarmacos\/herbicidas\/glyfoflash\/","name":"Glyfoflash\u00ae XL - Jovagro","isPartOf":{"@id":"https:\/\/www.jovagro.pt\/#website"},"primaryImageOfPage":{"@id":"https:\/\/www.jovagro.pt\/shop\/fitofarmacos\/herbicidas\/glyfoflash\/#primaryimage"},"image":{"@id":"https:\/\/www.jovagro.pt\/shop\/fitofarmacos\/herbicidas\/glyfoflash\/#primaryimage"},"thumbnailUrl":"https:\/\/zapaf.pt\/wp-content\/uploads\/2022\/04\/Glyfoflash.png","datePublished":"2023-06-27T10:14:40+00:00","dateModified":"2025-04-22T11:33:03+00:00","breadcrumb":{"@id":"https:\/\/www.jovagro.pt\/shop\/fitofarmacos\/herbicidas\/glyfoflash\/#breadcrumb"},"inLanguage":"en-GB","potentialAction":[{"@type":"ReadAction","target":["https:\/\/www.jovagro.pt\/shop\/fitofarmacos\/herbicidas\/glyfoflash\/"]}]},{"@type":"ImageObject","inLanguage":"en-GB","@id":"https:\/\/www.jovagro.pt\/shop\/fitofarmacos\/herbicidas\/glyfoflash\/#primaryimage","url":"https:\/\/zapaf.pt\/wp-content\/uploads\/2022\/04\/Glyfoflash.png","contentUrl":"https:\/\/zapaf.pt\/wp-content\/uploads\/2022\/04\/Glyfoflash.png","width":626,"height":626},{"@type":"BreadcrumbList","@id":"https:\/\/www.jovagro.pt\/shop\/fitofarmacos\/herbicidas\/glyfoflash\/#breadcrumb","itemListElement":[{"@type":"ListItem","position":1,"name":"Home","item":"https:\/\/www.jovagro.pt\/"},{"@type":"ListItem","position":2,"name":"Loja","item":"https:\/\/www.jovagro.pt\/loja\/"},{"@type":"ListItem","position":3,"name":"Glyfoflash\u00ae XL"}]},{"@type":"WebSite","@id":"https:\/\/www.jovagro.pt\/#website","url":"https:\/\/www.jovagro.pt\/","name":"Jovagro","description":"Sempre com a Natureza","publisher":{"@id":"https:\/\/www.jovagro.pt\/#organization"},"potentialAction":[{"@type":"SearchAction","target":{"@type":"EntryPoint","urlTemplate":"https:\/\/www.jovagro.pt\/?s={search_term_string}"},"query-input":{"@type":"PropertyValueSpecification","valueRequired":true,"valueName":"search_term_string"}}],"inLanguage":"en-GB"},{"@type":"Organization","@id":"https:\/\/www.jovagro.pt\/#organization","name":"Jovagro","url":"https:\/\/www.jovagro.pt\/","logo":{"@type":"ImageObject","inLanguage":"en-GB","@id":"https:\/\/www.jovagro.pt\/#\/schema\/logo\/image\/","url":"https:\/\/jovagro.pt\/wp-content\/uploads\/2019\/12\/7-01-01-scaled.jpg","contentUrl":"https:\/\/jovagro.pt\/wp-content\/uploads\/2019\/12\/7-01-01-scaled.jpg","width":2560,"height":893,"caption":"Jovagro"},"image":{"@id":"https:\/\/www.jovagro.pt\/#\/schema\/logo\/image\/"},"sameAs":["https:\/\/www.facebook.com\/Jovagro\/"]}]}},"_links":{"self":[{"href":"https:\/\/zapaf.pt\/en\/wp-json\/wp\/v2\/product\/36873","targetHints":{"allow":["GET"]}}],"collection":[{"href":"https:\/\/zapaf.pt\/en\/wp-json\/wp\/v2\/product"}],"about":[{"href":"https:\/\/zapaf.pt\/en\/wp-json\/wp\/v2\/types\/product"}],"wp:featuredmedia":[{"embeddable":true,"href":"https:\/\/zapaf.pt\/en\/wp-json\/wp\/v2\/media\/16067"}],"wp:attachment":[{"href":"https:\/\/zapaf.pt\/en\/wp-json\/wp\/v2\/media?parent=36873"}],"wp:term":[{"taxonomy":"product_brand","embeddable":true,"href":"https:\/\/zapaf.pt\/en\/wp-json\/wp\/v2\/product_brand?post=36873"},{"taxonomy":"product_cat","embeddable":true,"href":"https:\/\/zapaf.pt\/en\/wp-json\/wp\/v2\/product_cat?post=36873"},{"taxonomy":"product_tag","embeddable":true,"href":"https:\/\/zapaf.pt\/en\/wp-json\/wp\/v2\/product_tag?post=36873"}],"curies":[{"name":"wp","href":"https:\/\/api.w.org\/{rel}","templated":true}]}}