{"id":37734,"date":"2023-06-12T13:39:50","date_gmt":"2023-06-12T13:39:50","guid":{"rendered":"https:\/\/www.jovagro.pt\/?post_type=product&#038;p=37734"},"modified":"2025-04-29T10:43:42","modified_gmt":"2025-04-29T10:43:42","slug":"agrocuterra","status":"publish","type":"product","link":"https:\/\/zapaf.pt\/en\/shop\/inovabio\/bioprotetores-organicos-de-solo\/agrocuterra\/","title":{"rendered":"AgroCu Terra\u00ae"},"content":{"rendered":"<style type=\"text\/css\"> \n#cmsms_row_69e08245abd0b .cmsms_row_outer_parent { \n\tpadding-top: 0px; \n} \n\n#cmsms_row_69e08245abd0b .cmsms_row_outer_parent { \n\tpadding-bottom: 50px; \n} \n\n<\/style><div id=\"cmsms_row_69e08245abd0b\" class=\"cmsms_row cmsms_color_scheme_default\">\n<div class=\"cmsms_row_outer_parent\">\n<div class=\"cmsms_row_outer\">\n<div class=\"cmsms_row_inner\">\n<div class=\"cmsms_row_margin\">\n<div class=\"cmsms_column one_first\">\n<div class=\"custom_html\">\n<table class=\"woocommerce-product-attributes shop_attributes\">\n<tbody>\n<tr class=\"woocommerce-product-attributes-item woocommerce-product-attributes-item--attribute_pa_aplicacao\">\n<th class=\"woocommerce-product-attributes-item__label\">Cobre (Cu)<\/th>\n<td class=\"woocommerce-product-attributes-item__value\">0,7%<\/td>\n<\/tr>\n<tr class=\"woocommerce-product-attributes-item woocommerce-product-attributes-item--attribute_pa_culturas\">\n<th class=\"woocommerce-product-attributes-item__label\">Zinco (Zn)<\/th>\n<td class=\"woocommerce-product-attributes-item__value\">1,3%<\/td>\n<\/tr>\n<\/tbody>\n<\/table>\n<\/div>\n<\/div>\n<div class=\"cmsms_column one_first\">\n<\/div>\n<\/div>\n<\/div>\n<\/div>\n<\/div>\n<\/div>","protected":false},"excerpt":{"rendered":"<div class=\"cmsms_text\">Agro Cu Terra \u00e9 um fertilizante l\u00edquido (Adubo inorg\u00e2nico com micronutrientes) \u00e0 base de (Cobre e Zinco e extractos vegetais com baixo peso molecular e excelente qualidade por serem derivados da ind\u00fastria aliment\u00edcia. Agro Cu Terra aplicado em momentos espec\u00edficos do desenvolvimento da planta protege e estimula a planta durante o seu desenvolvimento vegetativo.<br \/>\nQuando injetamos Agro Cu Terra em solos ou substratos de planta\u00e7\u00e3o, o produto entra no solo de acordo com o grau de humidade. Uma vez no ch\u00e3o, ele gaseifica progressivamente. A dura\u00e7\u00e3o do tratamento depende do tipo de solo. Os solos bem descompactados e preparados aumentam a efic\u00e1cia das aplica\u00e7\u00f5es. A gaseifica\u00e7\u00e3o interna melhora a estrutura do solo.<\/div>\n<div class=\"cmsms_text\" style=\"position: absolute; bottom: 0;\">\n<h5><\/h5>\n<\/div>","protected":false},"featured_media":37863,"template":"","meta":{"_monsterinsights_skip_tracking":false,"_monsterinsights_sitenote_active":false,"_monsterinsights_sitenote_note":"","_monsterinsights_sitenote_category":0},"product_brand":[],"product_cat":[415],"product_tag":[],"class_list":{"0":"post-37734","1":"product","2":"type-product","3":"status-publish","4":"has-post-thumbnail","6":"product_cat-bioprotetores-organicos-de-solo","8":"first","9":"instock","10":"taxable","11":"shipping-taxable","12":"product-type-variable"},"yoast_head":"<!-- This site is optimized with the Yoast SEO plugin v27.4 - https:\/\/yoast.com\/product\/yoast-seo-wordpress\/ -->\n<title>AgroCu Terra\u00ae - Jovagro<\/title>\n<meta name=\"robots\" content=\"index, follow, max-snippet:-1, max-image-preview:large, max-video-preview:-1\" \/>\n<link rel=\"canonical\" href=\"https:\/\/www.zapaf.pt\/shop\/inovabio\/bioprotetores-organicos-de-solo\/agrocuterra\/\" \/>\n<meta property=\"og:locale\" content=\"en_GB\" \/>\n<meta property=\"og:type\" content=\"article\" \/>\n<meta property=\"og:title\" content=\"AgroCu Terra\u00ae - Jovagro\" \/>\n<meta property=\"og:description\" content=\"Agro Cu Terra \u00e9 um fertilizante l\u00edquido (Adubo inorg\u00e2nico com micronutrientes) \u00e0 base de (Cobre e Zinco e extractos vegetais com baixo peso molecular e excelente qualidade por serem derivados da ind\u00fastria aliment\u00edcia. Agro Cu Terra aplicado em momentos espec\u00edficos do desenvolvimento da planta protege e estimula a planta durante o seu desenvolvimento vegetativo. Quando injetamos Agro Cu Terra em solos ou substratos de planta\u00e7\u00e3o, o produto entra no solo de acordo com o grau de humidade. Uma vez no ch\u00e3o, ele gaseifica progressivamente. A dura\u00e7\u00e3o do tratamento depende do tipo de solo. Os solos bem descompactados e preparados aumentam a efic\u00e1cia das aplica\u00e7\u00f5es. A gaseifica\u00e7\u00e3o interna melhora a estrutura do solo.\" \/>\n<meta property=\"og:url\" content=\"https:\/\/www.zapaf.pt\/shop\/inovabio\/bioprotetores-organicos-de-solo\/agrocuterra\/\" \/>\n<meta property=\"og:site_name\" content=\"Jovagro\" \/>\n<meta property=\"article:publisher\" content=\"https:\/\/www.facebook.com\/Jovagro\/\" \/>\n<meta property=\"article:modified_time\" content=\"2025-04-29T10:43:42+00:00\" \/>\n<meta property=\"og:image\" content=\"https:\/\/www.zapaf.pt\/wp-content\/uploads\/2023\/12\/AgroCu-Terra.png\" \/>\n\t<meta property=\"og:image:width\" content=\"626\" \/>\n\t<meta property=\"og:image:height\" content=\"626\" \/>\n\t<meta property=\"og:image:type\" content=\"image\/png\" \/>\n<meta name=\"twitter:card\" content=\"summary_large_image\" \/>\n<meta name=\"twitter:label1\" content=\"Estimated reading time\" \/>\n\t<meta name=\"twitter:data1\" content=\"1 minute\" \/>\n<script type=\"application\/ld+json\" class=\"yoast-schema-graph\">{\"@context\":\"https:\\\/\\\/schema.org\",\"@graph\":[{\"@type\":\"WebPage\",\"@id\":\"https:\\\/\\\/www.zapaf.pt\\\/shop\\\/inovabio\\\/bioprotetores-organicos-de-solo\\\/agrocuterra\\\/\",\"url\":\"https:\\\/\\\/www.zapaf.pt\\\/shop\\\/inovabio\\\/bioprotetores-organicos-de-solo\\\/agrocuterra\\\/\",\"name\":\"AgroCu Terra\u00ae - Jovagro\",\"isPartOf\":{\"@id\":\"https:\\\/\\\/www.jovagro.pt\\\/#website\"},\"primaryImageOfPage\":{\"@id\":\"https:\\\/\\\/www.zapaf.pt\\\/shop\\\/inovabio\\\/bioprotetores-organicos-de-solo\\\/agrocuterra\\\/#primaryimage\"},\"image\":{\"@id\":\"https:\\\/\\\/www.zapaf.pt\\\/shop\\\/inovabio\\\/bioprotetores-organicos-de-solo\\\/agrocuterra\\\/#primaryimage\"},\"thumbnailUrl\":\"https:\\\/\\\/zapaf.pt\\\/wp-content\\\/uploads\\\/2023\\\/12\\\/AgroCu-Terra.png\",\"datePublished\":\"2023-06-12T13:39:50+00:00\",\"dateModified\":\"2025-04-29T10:43:42+00:00\",\"breadcrumb\":{\"@id\":\"https:\\\/\\\/www.zapaf.pt\\\/shop\\\/inovabio\\\/bioprotetores-organicos-de-solo\\\/agrocuterra\\\/#breadcrumb\"},\"inLanguage\":\"en-GB\",\"potentialAction\":[{\"@type\":\"ReadAction\",\"target\":[\"https:\\\/\\\/www.zapaf.pt\\\/shop\\\/inovabio\\\/bioprotetores-organicos-de-solo\\\/agrocuterra\\\/\"]}]},{\"@type\":\"ImageObject\",\"inLanguage\":\"en-GB\",\"@id\":\"https:\\\/\\\/www.zapaf.pt\\\/shop\\\/inovabio\\\/bioprotetores-organicos-de-solo\\\/agrocuterra\\\/#primaryimage\",\"url\":\"https:\\\/\\\/zapaf.pt\\\/wp-content\\\/uploads\\\/2023\\\/12\\\/AgroCu-Terra.png\",\"contentUrl\":\"https:\\\/\\\/zapaf.pt\\\/wp-content\\\/uploads\\\/2023\\\/12\\\/AgroCu-Terra.png\",\"width\":626,\"height\":626},{\"@type\":\"BreadcrumbList\",\"@id\":\"https:\\\/\\\/www.zapaf.pt\\\/shop\\\/inovabio\\\/bioprotetores-organicos-de-solo\\\/agrocuterra\\\/#breadcrumb\",\"itemListElement\":[{\"@type\":\"ListItem\",\"position\":1,\"name\":\"Home\",\"item\":\"https:\\\/\\\/www.jovagro.pt\\\/\"},{\"@type\":\"ListItem\",\"position\":2,\"name\":\"Loja\",\"item\":\"https:\\\/\\\/www.jovagro.pt\\\/loja\\\/\"},{\"@type\":\"ListItem\",\"position\":3,\"name\":\"AgroCu Terra\u00ae\"}]},{\"@type\":\"WebSite\",\"@id\":\"https:\\\/\\\/www.jovagro.pt\\\/#website\",\"url\":\"https:\\\/\\\/www.jovagro.pt\\\/\",\"name\":\"Jovagro\",\"description\":\"Sempre com a Natureza\",\"publisher\":{\"@id\":\"https:\\\/\\\/www.jovagro.pt\\\/#organization\"},\"potentialAction\":[{\"@type\":\"SearchAction\",\"target\":{\"@type\":\"EntryPoint\",\"urlTemplate\":\"https:\\\/\\\/www.jovagro.pt\\\/?s={search_term_string}\"},\"query-input\":{\"@type\":\"PropertyValueSpecification\",\"valueRequired\":true,\"valueName\":\"search_term_string\"}}],\"inLanguage\":\"en-GB\"},{\"@type\":\"Organization\",\"@id\":\"https:\\\/\\\/www.jovagro.pt\\\/#organization\",\"name\":\"Jovagro\",\"url\":\"https:\\\/\\\/www.jovagro.pt\\\/\",\"logo\":{\"@type\":\"ImageObject\",\"inLanguage\":\"en-GB\",\"@id\":\"https:\\\/\\\/www.jovagro.pt\\\/#\\\/schema\\\/logo\\\/image\\\/\",\"url\":\"https:\\\/\\\/jovagro.pt\\\/wp-content\\\/uploads\\\/2019\\\/12\\\/7-01-01-scaled.jpg\",\"contentUrl\":\"https:\\\/\\\/jovagro.pt\\\/wp-content\\\/uploads\\\/2019\\\/12\\\/7-01-01-scaled.jpg\",\"width\":2560,\"height\":893,\"caption\":\"Jovagro\"},\"image\":{\"@id\":\"https:\\\/\\\/www.jovagro.pt\\\/#\\\/schema\\\/logo\\\/image\\\/\"},\"sameAs\":[\"https:\\\/\\\/www.facebook.com\\\/Jovagro\\\/\"]}]}<\/script>\n<!-- \/ Yoast SEO plugin. -->","yoast_head_json":{"title":"AgroCu Terra\u00ae - Jovagro","robots":{"index":"index","follow":"follow","max-snippet":"max-snippet:-1","max-image-preview":"max-image-preview:large","max-video-preview":"max-video-preview:-1"},"canonical":"https:\/\/www.zapaf.pt\/shop\/inovabio\/bioprotetores-organicos-de-solo\/agrocuterra\/","og_locale":"en_GB","og_type":"article","og_title":"AgroCu Terra\u00ae - Jovagro","og_description":"Agro Cu Terra \u00e9 um fertilizante l\u00edquido (Adubo inorg\u00e2nico com micronutrientes) \u00e0 base de (Cobre e Zinco e extractos vegetais com baixo peso molecular e excelente qualidade por serem derivados da ind\u00fastria aliment\u00edcia. Agro Cu Terra aplicado em momentos espec\u00edficos do desenvolvimento da planta protege e estimula a planta durante o seu desenvolvimento vegetativo. Quando injetamos Agro Cu Terra em solos ou substratos de planta\u00e7\u00e3o, o produto entra no solo de acordo com o grau de humidade. Uma vez no ch\u00e3o, ele gaseifica progressivamente. A dura\u00e7\u00e3o do tratamento depende do tipo de solo. Os solos bem descompactados e preparados aumentam a efic\u00e1cia das aplica\u00e7\u00f5es. A gaseifica\u00e7\u00e3o interna melhora a estrutura do solo.","og_url":"https:\/\/www.zapaf.pt\/shop\/inovabio\/bioprotetores-organicos-de-solo\/agrocuterra\/","og_site_name":"Jovagro","article_publisher":"https:\/\/www.facebook.com\/Jovagro\/","article_modified_time":"2025-04-29T10:43:42+00:00","og_image":[{"width":626,"height":626,"url":"https:\/\/www.zapaf.pt\/wp-content\/uploads\/2023\/12\/AgroCu-Terra.png","type":"image\/png"}],"twitter_card":"summary_large_image","twitter_misc":{"Estimated reading time":"1 minute"},"schema":{"@context":"https:\/\/schema.org","@graph":[{"@type":"WebPage","@id":"https:\/\/www.zapaf.pt\/shop\/inovabio\/bioprotetores-organicos-de-solo\/agrocuterra\/","url":"https:\/\/www.zapaf.pt\/shop\/inovabio\/bioprotetores-organicos-de-solo\/agrocuterra\/","name":"AgroCu Terra\u00ae - Jovagro","isPartOf":{"@id":"https:\/\/www.jovagro.pt\/#website"},"primaryImageOfPage":{"@id":"https:\/\/www.zapaf.pt\/shop\/inovabio\/bioprotetores-organicos-de-solo\/agrocuterra\/#primaryimage"},"image":{"@id":"https:\/\/www.zapaf.pt\/shop\/inovabio\/bioprotetores-organicos-de-solo\/agrocuterra\/#primaryimage"},"thumbnailUrl":"https:\/\/zapaf.pt\/wp-content\/uploads\/2023\/12\/AgroCu-Terra.png","datePublished":"2023-06-12T13:39:50+00:00","dateModified":"2025-04-29T10:43:42+00:00","breadcrumb":{"@id":"https:\/\/www.zapaf.pt\/shop\/inovabio\/bioprotetores-organicos-de-solo\/agrocuterra\/#breadcrumb"},"inLanguage":"en-GB","potentialAction":[{"@type":"ReadAction","target":["https:\/\/www.zapaf.pt\/shop\/inovabio\/bioprotetores-organicos-de-solo\/agrocuterra\/"]}]},{"@type":"ImageObject","inLanguage":"en-GB","@id":"https:\/\/www.zapaf.pt\/shop\/inovabio\/bioprotetores-organicos-de-solo\/agrocuterra\/#primaryimage","url":"https:\/\/zapaf.pt\/wp-content\/uploads\/2023\/12\/AgroCu-Terra.png","contentUrl":"https:\/\/zapaf.pt\/wp-content\/uploads\/2023\/12\/AgroCu-Terra.png","width":626,"height":626},{"@type":"BreadcrumbList","@id":"https:\/\/www.zapaf.pt\/shop\/inovabio\/bioprotetores-organicos-de-solo\/agrocuterra\/#breadcrumb","itemListElement":[{"@type":"ListItem","position":1,"name":"Home","item":"https:\/\/www.jovagro.pt\/"},{"@type":"ListItem","position":2,"name":"Loja","item":"https:\/\/www.jovagro.pt\/loja\/"},{"@type":"ListItem","position":3,"name":"AgroCu Terra\u00ae"}]},{"@type":"WebSite","@id":"https:\/\/www.jovagro.pt\/#website","url":"https:\/\/www.jovagro.pt\/","name":"Jovagro","description":"Sempre com a Natureza","publisher":{"@id":"https:\/\/www.jovagro.pt\/#organization"},"potentialAction":[{"@type":"SearchAction","target":{"@type":"EntryPoint","urlTemplate":"https:\/\/www.jovagro.pt\/?s={search_term_string}"},"query-input":{"@type":"PropertyValueSpecification","valueRequired":true,"valueName":"search_term_string"}}],"inLanguage":"en-GB"},{"@type":"Organization","@id":"https:\/\/www.jovagro.pt\/#organization","name":"Jovagro","url":"https:\/\/www.jovagro.pt\/","logo":{"@type":"ImageObject","inLanguage":"en-GB","@id":"https:\/\/www.jovagro.pt\/#\/schema\/logo\/image\/","url":"https:\/\/jovagro.pt\/wp-content\/uploads\/2019\/12\/7-01-01-scaled.jpg","contentUrl":"https:\/\/jovagro.pt\/wp-content\/uploads\/2019\/12\/7-01-01-scaled.jpg","width":2560,"height":893,"caption":"Jovagro"},"image":{"@id":"https:\/\/www.jovagro.pt\/#\/schema\/logo\/image\/"},"sameAs":["https:\/\/www.facebook.com\/Jovagro\/"]}]}},"_links":{"self":[{"href":"https:\/\/zapaf.pt\/en\/wp-json\/wp\/v2\/product\/37734","targetHints":{"allow":["GET"]}}],"collection":[{"href":"https:\/\/zapaf.pt\/en\/wp-json\/wp\/v2\/product"}],"about":[{"href":"https:\/\/zapaf.pt\/en\/wp-json\/wp\/v2\/types\/product"}],"wp:featuredmedia":[{"embeddable":true,"href":"https:\/\/zapaf.pt\/en\/wp-json\/wp\/v2\/media\/37863"}],"wp:attachment":[{"href":"https:\/\/zapaf.pt\/en\/wp-json\/wp\/v2\/media?parent=37734"}],"wp:term":[{"taxonomy":"product_brand","embeddable":true,"href":"https:\/\/zapaf.pt\/en\/wp-json\/wp\/v2\/product_brand?post=37734"},{"taxonomy":"product_cat","embeddable":true,"href":"https:\/\/zapaf.pt\/en\/wp-json\/wp\/v2\/product_cat?post=37734"},{"taxonomy":"product_tag","embeddable":true,"href":"https:\/\/zapaf.pt\/en\/wp-json\/wp\/v2\/product_tag?post=37734"}],"curies":[{"name":"wp","href":"https:\/\/api.w.org\/{rel}","templated":true}]}}