{"id":38174,"date":"2025-04-01T11:36:24","date_gmt":"2025-04-01T11:36:24","guid":{"rendered":"https:\/\/www.jovagro.pt\/?post_type=product&#038;p=38174"},"modified":"2025-04-04T10:27:17","modified_gmt":"2025-04-04T10:27:17","slug":"oni-trax","status":"publish","type":"product","link":"https:\/\/zapaf.pt\/en\/shop\/inovabio\/indutores-de-autodefesa-a-doencas\/oni-trax\/","title":{"rendered":"Oni-Trax\u00ae"},"content":{"rendered":"<style type=\"text\/css\"> \n#cmsms_row_69e09d3f67a11 .cmsms_row_outer_parent { \n\tpadding-top: 0px; \n} \n\n#cmsms_row_69e09d3f67a11 .cmsms_row_outer_parent { \n\tpadding-bottom: 50px; \n} \n\n<\/style><div id=\"cmsms_row_69e09d3f67a11\" class=\"cmsms_row cmsms_color_scheme_default\">\n<div class=\"cmsms_row_outer_parent\">\n<div class=\"cmsms_row_outer\">\n<div class=\"cmsms_row_inner\">\n<div class=\"cmsms_row_margin\">\n<div class=\"cmsms_column one_first\">\n<div class=\"custom_html\">\n<table class=\"woocommerce-product-attributes shop_attributes\">\n<tbody>\n<tr class=\"woocommerce-product-attributes-item woocommerce-product-attributes-item--attribute_pa_aplicacao\">\n<th class=\"woocommerce-product-attributes-item__label\">Composition<\/th>\n<td class=\"woocommerce-product-attributes-item__value\">Cloreto de s\u00f3dio.<\/td>\n<\/tr>\n<\/tbody>\n<\/table>\n<\/div>\n<\/div>\n<\/div>\n<\/div>\n<\/div>\n<\/div>\n<\/div>","protected":false},"excerpt":{"rendered":"<p>Subst\u00e2ncia aromatizante de alho para aplica\u00e7\u00e3o em alimentos. N\u00e3o necessita de recobrir na totalidade o alimento a tratar, devido ao seu forte odor o produto tem efic\u00e1cia em toda a zona tratada.<\/p>","protected":false},"featured_media":38176,"template":"","meta":{"_monsterinsights_skip_tracking":false,"_monsterinsights_sitenote_active":false,"_monsterinsights_sitenote_note":"","_monsterinsights_sitenote_category":0},"product_brand":[],"product_cat":[510,408],"product_tag":[],"class_list":{"0":"post-38174","1":"product","2":"type-product","3":"status-publish","4":"has-post-thumbnail","6":"product_cat-indutores-de-autodefesa-a-doencas","7":"product_cat-inovabio","9":"first","10":"instock","11":"taxable","12":"shipping-taxable","13":"purchasable","14":"product-type-variable","15":"has-default-attributes"},"yoast_head":"<!-- This site is optimized with the Yoast SEO plugin v27.4 - https:\/\/yoast.com\/product\/yoast-seo-wordpress\/ -->\n<title>Oni-Trax\u00ae - Jovagro<\/title>\n<meta name=\"robots\" content=\"index, follow, max-snippet:-1, max-image-preview:large, max-video-preview:-1\" \/>\n<link rel=\"canonical\" href=\"https:\/\/www.manonunes.pt\/shop\/inovabio\/indutores-de-autodefesa-a-doencas\/oni-trax\/\" \/>\n<meta property=\"og:locale\" content=\"en_GB\" \/>\n<meta property=\"og:type\" content=\"article\" \/>\n<meta property=\"og:title\" content=\"Oni-Trax\u00ae - Jovagro\" \/>\n<meta property=\"og:description\" content=\"Subst\u00e2ncia aromatizante de alho para aplica\u00e7\u00e3o em alimentos. N\u00e3o necessita de recobrir na totalidade o alimento a tratar, devido ao seu forte odor o produto tem efic\u00e1cia em toda a zona tratada.\" \/>\n<meta property=\"og:url\" content=\"https:\/\/www.manonunes.pt\/shop\/inovabio\/indutores-de-autodefesa-a-doencas\/oni-trax\/\" \/>\n<meta property=\"og:site_name\" content=\"Jovagro\" \/>\n<meta property=\"article:publisher\" content=\"https:\/\/www.facebook.com\/Jovagro\/\" \/>\n<meta property=\"article:modified_time\" content=\"2025-04-04T10:27:17+00:00\" \/>\n<meta property=\"og:image\" content=\"https:\/\/www.manonunes.pt\/wp-content\/uploads\/2025\/04\/talqueira-onitrax.png\" \/>\n\t<meta property=\"og:image:width\" content=\"626\" \/>\n\t<meta property=\"og:image:height\" content=\"626\" \/>\n\t<meta property=\"og:image:type\" content=\"image\/png\" \/>\n<meta name=\"twitter:card\" content=\"summary_large_image\" \/>\n<meta name=\"twitter:label1\" content=\"Estimated reading time\" \/>\n\t<meta name=\"twitter:data1\" content=\"1 minute\" \/>\n<script type=\"application\/ld+json\" class=\"yoast-schema-graph\">{\"@context\":\"https:\\\/\\\/schema.org\",\"@graph\":[{\"@type\":\"WebPage\",\"@id\":\"https:\\\/\\\/www.manonunes.pt\\\/shop\\\/inovabio\\\/indutores-de-autodefesa-a-doencas\\\/oni-trax\\\/\",\"url\":\"https:\\\/\\\/www.manonunes.pt\\\/shop\\\/inovabio\\\/indutores-de-autodefesa-a-doencas\\\/oni-trax\\\/\",\"name\":\"Oni-Trax\u00ae - Jovagro\",\"isPartOf\":{\"@id\":\"https:\\\/\\\/www.jovagro.pt\\\/#website\"},\"primaryImageOfPage\":{\"@id\":\"https:\\\/\\\/www.manonunes.pt\\\/shop\\\/inovabio\\\/indutores-de-autodefesa-a-doencas\\\/oni-trax\\\/#primaryimage\"},\"image\":{\"@id\":\"https:\\\/\\\/www.manonunes.pt\\\/shop\\\/inovabio\\\/indutores-de-autodefesa-a-doencas\\\/oni-trax\\\/#primaryimage\"},\"thumbnailUrl\":\"https:\\\/\\\/zapaf.pt\\\/wp-content\\\/uploads\\\/2025\\\/04\\\/talqueira-onitrax.png\",\"datePublished\":\"2025-04-01T11:36:24+00:00\",\"dateModified\":\"2025-04-04T10:27:17+00:00\",\"breadcrumb\":{\"@id\":\"https:\\\/\\\/www.manonunes.pt\\\/shop\\\/inovabio\\\/indutores-de-autodefesa-a-doencas\\\/oni-trax\\\/#breadcrumb\"},\"inLanguage\":\"en-GB\",\"potentialAction\":[{\"@type\":\"ReadAction\",\"target\":[\"https:\\\/\\\/www.manonunes.pt\\\/shop\\\/inovabio\\\/indutores-de-autodefesa-a-doencas\\\/oni-trax\\\/\"]}]},{\"@type\":\"ImageObject\",\"inLanguage\":\"en-GB\",\"@id\":\"https:\\\/\\\/www.manonunes.pt\\\/shop\\\/inovabio\\\/indutores-de-autodefesa-a-doencas\\\/oni-trax\\\/#primaryimage\",\"url\":\"https:\\\/\\\/zapaf.pt\\\/wp-content\\\/uploads\\\/2025\\\/04\\\/talqueira-onitrax.png\",\"contentUrl\":\"https:\\\/\\\/zapaf.pt\\\/wp-content\\\/uploads\\\/2025\\\/04\\\/talqueira-onitrax.png\",\"width\":626,\"height\":626},{\"@type\":\"BreadcrumbList\",\"@id\":\"https:\\\/\\\/www.manonunes.pt\\\/shop\\\/inovabio\\\/indutores-de-autodefesa-a-doencas\\\/oni-trax\\\/#breadcrumb\",\"itemListElement\":[{\"@type\":\"ListItem\",\"position\":1,\"name\":\"Home\",\"item\":\"https:\\\/\\\/www.jovagro.pt\\\/\"},{\"@type\":\"ListItem\",\"position\":2,\"name\":\"Loja\",\"item\":\"https:\\\/\\\/www.jovagro.pt\\\/loja\\\/\"},{\"@type\":\"ListItem\",\"position\":3,\"name\":\"Oni-Trax\u00ae\"}]},{\"@type\":\"WebSite\",\"@id\":\"https:\\\/\\\/www.jovagro.pt\\\/#website\",\"url\":\"https:\\\/\\\/www.jovagro.pt\\\/\",\"name\":\"Jovagro\",\"description\":\"Sempre com a Natureza\",\"publisher\":{\"@id\":\"https:\\\/\\\/www.jovagro.pt\\\/#organization\"},\"potentialAction\":[{\"@type\":\"SearchAction\",\"target\":{\"@type\":\"EntryPoint\",\"urlTemplate\":\"https:\\\/\\\/www.jovagro.pt\\\/?s={search_term_string}\"},\"query-input\":{\"@type\":\"PropertyValueSpecification\",\"valueRequired\":true,\"valueName\":\"search_term_string\"}}],\"inLanguage\":\"en-GB\"},{\"@type\":\"Organization\",\"@id\":\"https:\\\/\\\/www.jovagro.pt\\\/#organization\",\"name\":\"Jovagro\",\"url\":\"https:\\\/\\\/www.jovagro.pt\\\/\",\"logo\":{\"@type\":\"ImageObject\",\"inLanguage\":\"en-GB\",\"@id\":\"https:\\\/\\\/www.jovagro.pt\\\/#\\\/schema\\\/logo\\\/image\\\/\",\"url\":\"https:\\\/\\\/jovagro.pt\\\/wp-content\\\/uploads\\\/2019\\\/12\\\/7-01-01-scaled.jpg\",\"contentUrl\":\"https:\\\/\\\/jovagro.pt\\\/wp-content\\\/uploads\\\/2019\\\/12\\\/7-01-01-scaled.jpg\",\"width\":2560,\"height\":893,\"caption\":\"Jovagro\"},\"image\":{\"@id\":\"https:\\\/\\\/www.jovagro.pt\\\/#\\\/schema\\\/logo\\\/image\\\/\"},\"sameAs\":[\"https:\\\/\\\/www.facebook.com\\\/Jovagro\\\/\"]}]}<\/script>\n<!-- \/ Yoast SEO plugin. -->","yoast_head_json":{"title":"Oni-Trax\u00ae - Jovagro","robots":{"index":"index","follow":"follow","max-snippet":"max-snippet:-1","max-image-preview":"max-image-preview:large","max-video-preview":"max-video-preview:-1"},"canonical":"https:\/\/www.manonunes.pt\/shop\/inovabio\/indutores-de-autodefesa-a-doencas\/oni-trax\/","og_locale":"en_GB","og_type":"article","og_title":"Oni-Trax\u00ae - Jovagro","og_description":"Subst\u00e2ncia aromatizante de alho para aplica\u00e7\u00e3o em alimentos. N\u00e3o necessita de recobrir na totalidade o alimento a tratar, devido ao seu forte odor o produto tem efic\u00e1cia em toda a zona tratada.","og_url":"https:\/\/www.manonunes.pt\/shop\/inovabio\/indutores-de-autodefesa-a-doencas\/oni-trax\/","og_site_name":"Jovagro","article_publisher":"https:\/\/www.facebook.com\/Jovagro\/","article_modified_time":"2025-04-04T10:27:17+00:00","og_image":[{"width":626,"height":626,"url":"https:\/\/www.manonunes.pt\/wp-content\/uploads\/2025\/04\/talqueira-onitrax.png","type":"image\/png"}],"twitter_card":"summary_large_image","twitter_misc":{"Estimated reading time":"1 minute"},"schema":{"@context":"https:\/\/schema.org","@graph":[{"@type":"WebPage","@id":"https:\/\/www.manonunes.pt\/shop\/inovabio\/indutores-de-autodefesa-a-doencas\/oni-trax\/","url":"https:\/\/www.manonunes.pt\/shop\/inovabio\/indutores-de-autodefesa-a-doencas\/oni-trax\/","name":"Oni-Trax\u00ae - Jovagro","isPartOf":{"@id":"https:\/\/www.jovagro.pt\/#website"},"primaryImageOfPage":{"@id":"https:\/\/www.manonunes.pt\/shop\/inovabio\/indutores-de-autodefesa-a-doencas\/oni-trax\/#primaryimage"},"image":{"@id":"https:\/\/www.manonunes.pt\/shop\/inovabio\/indutores-de-autodefesa-a-doencas\/oni-trax\/#primaryimage"},"thumbnailUrl":"https:\/\/zapaf.pt\/wp-content\/uploads\/2025\/04\/talqueira-onitrax.png","datePublished":"2025-04-01T11:36:24+00:00","dateModified":"2025-04-04T10:27:17+00:00","breadcrumb":{"@id":"https:\/\/www.manonunes.pt\/shop\/inovabio\/indutores-de-autodefesa-a-doencas\/oni-trax\/#breadcrumb"},"inLanguage":"en-GB","potentialAction":[{"@type":"ReadAction","target":["https:\/\/www.manonunes.pt\/shop\/inovabio\/indutores-de-autodefesa-a-doencas\/oni-trax\/"]}]},{"@type":"ImageObject","inLanguage":"en-GB","@id":"https:\/\/www.manonunes.pt\/shop\/inovabio\/indutores-de-autodefesa-a-doencas\/oni-trax\/#primaryimage","url":"https:\/\/zapaf.pt\/wp-content\/uploads\/2025\/04\/talqueira-onitrax.png","contentUrl":"https:\/\/zapaf.pt\/wp-content\/uploads\/2025\/04\/talqueira-onitrax.png","width":626,"height":626},{"@type":"BreadcrumbList","@id":"https:\/\/www.manonunes.pt\/shop\/inovabio\/indutores-de-autodefesa-a-doencas\/oni-trax\/#breadcrumb","itemListElement":[{"@type":"ListItem","position":1,"name":"Home","item":"https:\/\/www.jovagro.pt\/"},{"@type":"ListItem","position":2,"name":"Loja","item":"https:\/\/www.jovagro.pt\/loja\/"},{"@type":"ListItem","position":3,"name":"Oni-Trax\u00ae"}]},{"@type":"WebSite","@id":"https:\/\/www.jovagro.pt\/#website","url":"https:\/\/www.jovagro.pt\/","name":"Jovagro","description":"Sempre com a Natureza","publisher":{"@id":"https:\/\/www.jovagro.pt\/#organization"},"potentialAction":[{"@type":"SearchAction","target":{"@type":"EntryPoint","urlTemplate":"https:\/\/www.jovagro.pt\/?s={search_term_string}"},"query-input":{"@type":"PropertyValueSpecification","valueRequired":true,"valueName":"search_term_string"}}],"inLanguage":"en-GB"},{"@type":"Organization","@id":"https:\/\/www.jovagro.pt\/#organization","name":"Jovagro","url":"https:\/\/www.jovagro.pt\/","logo":{"@type":"ImageObject","inLanguage":"en-GB","@id":"https:\/\/www.jovagro.pt\/#\/schema\/logo\/image\/","url":"https:\/\/jovagro.pt\/wp-content\/uploads\/2019\/12\/7-01-01-scaled.jpg","contentUrl":"https:\/\/jovagro.pt\/wp-content\/uploads\/2019\/12\/7-01-01-scaled.jpg","width":2560,"height":893,"caption":"Jovagro"},"image":{"@id":"https:\/\/www.jovagro.pt\/#\/schema\/logo\/image\/"},"sameAs":["https:\/\/www.facebook.com\/Jovagro\/"]}]}},"_links":{"self":[{"href":"https:\/\/zapaf.pt\/en\/wp-json\/wp\/v2\/product\/38174","targetHints":{"allow":["GET"]}}],"collection":[{"href":"https:\/\/zapaf.pt\/en\/wp-json\/wp\/v2\/product"}],"about":[{"href":"https:\/\/zapaf.pt\/en\/wp-json\/wp\/v2\/types\/product"}],"wp:featuredmedia":[{"embeddable":true,"href":"https:\/\/zapaf.pt\/en\/wp-json\/wp\/v2\/media\/38176"}],"wp:attachment":[{"href":"https:\/\/zapaf.pt\/en\/wp-json\/wp\/v2\/media?parent=38174"}],"wp:term":[{"taxonomy":"product_brand","embeddable":true,"href":"https:\/\/zapaf.pt\/en\/wp-json\/wp\/v2\/product_brand?post=38174"},{"taxonomy":"product_cat","embeddable":true,"href":"https:\/\/zapaf.pt\/en\/wp-json\/wp\/v2\/product_cat?post=38174"},{"taxonomy":"product_tag","embeddable":true,"href":"https:\/\/zapaf.pt\/en\/wp-json\/wp\/v2\/product_tag?post=38174"}],"curies":[{"name":"wp","href":"https:\/\/api.w.org\/{rel}","templated":true}]}}