{"id":38184,"date":"2025-04-01T16:37:03","date_gmt":"2025-04-01T16:37:03","guid":{"rendered":"https:\/\/jovagro.pt\/?post_type=product&#038;p=38184"},"modified":"2025-04-07T13:47:41","modified_gmt":"2025-04-07T13:47:41","slug":"patrazol","status":"publish","type":"product","link":"https:\/\/zapaf.pt\/en\/shop\/fitofarmacos\/patrazol\/","title":{"rendered":"Patrazol\u00ae"},"content":{"rendered":"<style type=\"text\/css\"> \n#cmsms_row_69e127d3353a8 .cmsms_row_outer_parent { \n\tpadding-top: 0px; \n} \n\n#cmsms_row_69e127d3353a8 .cmsms_row_outer_parent { \n\tpadding-bottom: 50px; \n} \n\n<\/style><div id=\"cmsms_row_69e127d3353a8\" class=\"cmsms_row cmsms_color_scheme_default\">\n<div class=\"cmsms_row_outer_parent\">\n<div class=\"cmsms_row_outer\">\n<div class=\"cmsms_row_inner\">\n<div class=\"cmsms_row_margin\">\n<div class=\"cmsms_column one_first\">\n<div class=\"cmsms_text\">\n<p>Paclobutrazol (250 g\/L ou 23.6 %(p\/p) )<\/p>\n<\/div>\n<\/div>\n<\/div>\n<\/div>\n<\/div>\n<\/div>\n<\/div>","protected":false},"excerpt":{"rendered":"<p style=\"text-align: left;\">O Patrazol \u00e9 um regulador de crescimento de a\u00e7\u00e3o sist\u00e9mica que atua inibindo a s\u00edntese das giberelinas. As plantas absorvem o produto atrav\u00e9s das ra\u00edzes nas aplica\u00e7\u00f5es ao solo e atrav\u00e9s das folhas e dos rebentos nas aplica\u00e7\u00f5es foliares. O efeito principal \u00e9 a redu\u00e7\u00e3o do crescimento vegetativo. O vigor \u00e9 controlado reduzindo o comprimento dos entren\u00f3s dos novos rebentos e a forma\u00e7\u00e3o precoce de rebentos laterais. Tamb\u00e9m pode influenciar favoravelmente na forma\u00e7\u00e3o de bot\u00f5es florais, na qualidade dos frutos e nas colheitas. Favorece a forma\u00e7\u00e3o de \u00e1rvores mais pequenas e f\u00e1ceis de gerir, reduzindo o n\u00famero e a intensidade das\u00a0mesmas.<\/p>","protected":false},"featured_media":38186,"template":"","meta":{"_monsterinsights_skip_tracking":false,"_monsterinsights_sitenote_active":false,"_monsterinsights_sitenote_note":"","_monsterinsights_sitenote_category":0},"product_brand":[],"product_cat":[407],"product_tag":[],"class_list":{"0":"post-38184","1":"product","2":"type-product","3":"status-publish","4":"has-post-thumbnail","6":"product_cat-fitofarmacos","8":"first","9":"instock","10":"taxable","11":"shipping-taxable","12":"purchasable","13":"product-type-variable"},"yoast_head":"<!-- This site is optimized with the Yoast SEO plugin v27.4 - https:\/\/yoast.com\/product\/yoast-seo-wordpress\/ -->\n<title>Patrazol\u00ae - Jovagro<\/title>\n<meta name=\"robots\" content=\"index, follow, max-snippet:-1, max-image-preview:large, max-video-preview:-1\" \/>\n<link rel=\"canonical\" href=\"http:\/\/www.jovagro.pt\/en\/shop\/fitofarmacos\/patrazol\/\" \/>\n<meta property=\"og:locale\" content=\"en_GB\" \/>\n<meta property=\"og:type\" content=\"article\" \/>\n<meta property=\"og:title\" content=\"Patrazol\u00ae - Jovagro\" \/>\n<meta property=\"og:description\" content=\"O Patrazol \u00e9 um regulador de crescimento de a\u00e7\u00e3o sist\u00e9mica que atua inibindo a s\u00edntese das giberelinas. As plantas absorvem o produto atrav\u00e9s das ra\u00edzes nas aplica\u00e7\u00f5es ao solo e atrav\u00e9s das folhas e dos rebentos nas aplica\u00e7\u00f5es foliares. O efeito principal \u00e9 a redu\u00e7\u00e3o do crescimento vegetativo. O vigor \u00e9 controlado reduzindo o comprimento dos entren\u00f3s dos novos rebentos e a forma\u00e7\u00e3o precoce de rebentos laterais. Tamb\u00e9m pode influenciar favoravelmente na forma\u00e7\u00e3o de bot\u00f5es florais, na qualidade dos frutos e nas colheitas. Favorece a forma\u00e7\u00e3o de \u00e1rvores mais pequenas e f\u00e1ceis de gerir, reduzindo o n\u00famero e a intensidade das\u00a0mesmas.\" \/>\n<meta property=\"og:url\" content=\"http:\/\/www.jovagro.pt\/en\/shop\/fitofarmacos\/patrazol\/\" \/>\n<meta property=\"og:site_name\" content=\"Jovagro\" \/>\n<meta property=\"article:publisher\" content=\"https:\/\/www.facebook.com\/Jovagro\/\" \/>\n<meta property=\"article:modified_time\" content=\"2025-04-07T13:47:41+00:00\" \/>\n<meta property=\"og:image\" content=\"https:\/\/www.jovagro.pt\/wp-content\/uploads\/2025\/04\/patrazol-1l.png\" \/>\n\t<meta property=\"og:image:width\" content=\"626\" \/>\n\t<meta property=\"og:image:height\" content=\"626\" \/>\n\t<meta property=\"og:image:type\" content=\"image\/png\" \/>\n<meta name=\"twitter:card\" content=\"summary_large_image\" \/>\n<meta name=\"twitter:label1\" content=\"Estimated reading time\" \/>\n\t<meta name=\"twitter:data1\" content=\"1 minute\" \/>\n<script type=\"application\/ld+json\" class=\"yoast-schema-graph\">{\"@context\":\"https:\\\/\\\/schema.org\",\"@graph\":[{\"@type\":\"WebPage\",\"@id\":\"http:\\\/\\\/www.jovagro.pt\\\/en\\\/shop\\\/fitofarmacos\\\/patrazol\\\/\",\"url\":\"http:\\\/\\\/www.jovagro.pt\\\/en\\\/shop\\\/fitofarmacos\\\/patrazol\\\/\",\"name\":\"Patrazol\u00ae - Jovagro\",\"isPartOf\":{\"@id\":\"https:\\\/\\\/www.jovagro.pt\\\/#website\"},\"primaryImageOfPage\":{\"@id\":\"http:\\\/\\\/www.jovagro.pt\\\/en\\\/shop\\\/fitofarmacos\\\/patrazol\\\/#primaryimage\"},\"image\":{\"@id\":\"http:\\\/\\\/www.jovagro.pt\\\/en\\\/shop\\\/fitofarmacos\\\/patrazol\\\/#primaryimage\"},\"thumbnailUrl\":\"https:\\\/\\\/zapaf.pt\\\/wp-content\\\/uploads\\\/2025\\\/04\\\/patrazol-1l.png\",\"datePublished\":\"2025-04-01T16:37:03+00:00\",\"dateModified\":\"2025-04-07T13:47:41+00:00\",\"breadcrumb\":{\"@id\":\"http:\\\/\\\/www.jovagro.pt\\\/en\\\/shop\\\/fitofarmacos\\\/patrazol\\\/#breadcrumb\"},\"inLanguage\":\"en-GB\",\"potentialAction\":[{\"@type\":\"ReadAction\",\"target\":[\"http:\\\/\\\/www.jovagro.pt\\\/en\\\/shop\\\/fitofarmacos\\\/patrazol\\\/\"]}]},{\"@type\":\"ImageObject\",\"inLanguage\":\"en-GB\",\"@id\":\"http:\\\/\\\/www.jovagro.pt\\\/en\\\/shop\\\/fitofarmacos\\\/patrazol\\\/#primaryimage\",\"url\":\"https:\\\/\\\/zapaf.pt\\\/wp-content\\\/uploads\\\/2025\\\/04\\\/patrazol-1l.png\",\"contentUrl\":\"https:\\\/\\\/zapaf.pt\\\/wp-content\\\/uploads\\\/2025\\\/04\\\/patrazol-1l.png\",\"width\":626,\"height\":626},{\"@type\":\"BreadcrumbList\",\"@id\":\"http:\\\/\\\/www.jovagro.pt\\\/en\\\/shop\\\/fitofarmacos\\\/patrazol\\\/#breadcrumb\",\"itemListElement\":[{\"@type\":\"ListItem\",\"position\":1,\"name\":\"Home\",\"item\":\"https:\\\/\\\/www.jovagro.pt\\\/\"},{\"@type\":\"ListItem\",\"position\":2,\"name\":\"Loja\",\"item\":\"https:\\\/\\\/www.jovagro.pt\\\/loja\\\/\"},{\"@type\":\"ListItem\",\"position\":3,\"name\":\"Patrazol\u00ae\"}]},{\"@type\":\"WebSite\",\"@id\":\"https:\\\/\\\/www.jovagro.pt\\\/#website\",\"url\":\"https:\\\/\\\/www.jovagro.pt\\\/\",\"name\":\"Jovagro\",\"description\":\"Sempre com a Natureza\",\"publisher\":{\"@id\":\"https:\\\/\\\/www.jovagro.pt\\\/#organization\"},\"potentialAction\":[{\"@type\":\"SearchAction\",\"target\":{\"@type\":\"EntryPoint\",\"urlTemplate\":\"https:\\\/\\\/www.jovagro.pt\\\/?s={search_term_string}\"},\"query-input\":{\"@type\":\"PropertyValueSpecification\",\"valueRequired\":true,\"valueName\":\"search_term_string\"}}],\"inLanguage\":\"en-GB\"},{\"@type\":\"Organization\",\"@id\":\"https:\\\/\\\/www.jovagro.pt\\\/#organization\",\"name\":\"Jovagro\",\"url\":\"https:\\\/\\\/www.jovagro.pt\\\/\",\"logo\":{\"@type\":\"ImageObject\",\"inLanguage\":\"en-GB\",\"@id\":\"https:\\\/\\\/www.jovagro.pt\\\/#\\\/schema\\\/logo\\\/image\\\/\",\"url\":\"https:\\\/\\\/jovagro.pt\\\/wp-content\\\/uploads\\\/2019\\\/12\\\/7-01-01-scaled.jpg\",\"contentUrl\":\"https:\\\/\\\/jovagro.pt\\\/wp-content\\\/uploads\\\/2019\\\/12\\\/7-01-01-scaled.jpg\",\"width\":2560,\"height\":893,\"caption\":\"Jovagro\"},\"image\":{\"@id\":\"https:\\\/\\\/www.jovagro.pt\\\/#\\\/schema\\\/logo\\\/image\\\/\"},\"sameAs\":[\"https:\\\/\\\/www.facebook.com\\\/Jovagro\\\/\"]}]}<\/script>\n<!-- \/ Yoast SEO plugin. -->","yoast_head_json":{"title":"Patrazol\u00ae - Jovagro","robots":{"index":"index","follow":"follow","max-snippet":"max-snippet:-1","max-image-preview":"max-image-preview:large","max-video-preview":"max-video-preview:-1"},"canonical":"http:\/\/www.jovagro.pt\/en\/shop\/fitofarmacos\/patrazol\/","og_locale":"en_GB","og_type":"article","og_title":"Patrazol\u00ae - Jovagro","og_description":"O Patrazol \u00e9 um regulador de crescimento de a\u00e7\u00e3o sist\u00e9mica que atua inibindo a s\u00edntese das giberelinas. As plantas absorvem o produto atrav\u00e9s das ra\u00edzes nas aplica\u00e7\u00f5es ao solo e atrav\u00e9s das folhas e dos rebentos nas aplica\u00e7\u00f5es foliares. O efeito principal \u00e9 a redu\u00e7\u00e3o do crescimento vegetativo. O vigor \u00e9 controlado reduzindo o comprimento dos entren\u00f3s dos novos rebentos e a forma\u00e7\u00e3o precoce de rebentos laterais. Tamb\u00e9m pode influenciar favoravelmente na forma\u00e7\u00e3o de bot\u00f5es florais, na qualidade dos frutos e nas colheitas. Favorece a forma\u00e7\u00e3o de \u00e1rvores mais pequenas e f\u00e1ceis de gerir, reduzindo o n\u00famero e a intensidade das\u00a0mesmas.","og_url":"http:\/\/www.jovagro.pt\/en\/shop\/fitofarmacos\/patrazol\/","og_site_name":"Jovagro","article_publisher":"https:\/\/www.facebook.com\/Jovagro\/","article_modified_time":"2025-04-07T13:47:41+00:00","og_image":[{"width":626,"height":626,"url":"https:\/\/www.jovagro.pt\/wp-content\/uploads\/2025\/04\/patrazol-1l.png","type":"image\/png"}],"twitter_card":"summary_large_image","twitter_misc":{"Estimated reading time":"1 minute"},"schema":{"@context":"https:\/\/schema.org","@graph":[{"@type":"WebPage","@id":"http:\/\/www.jovagro.pt\/en\/shop\/fitofarmacos\/patrazol\/","url":"http:\/\/www.jovagro.pt\/en\/shop\/fitofarmacos\/patrazol\/","name":"Patrazol\u00ae - Jovagro","isPartOf":{"@id":"https:\/\/www.jovagro.pt\/#website"},"primaryImageOfPage":{"@id":"http:\/\/www.jovagro.pt\/en\/shop\/fitofarmacos\/patrazol\/#primaryimage"},"image":{"@id":"http:\/\/www.jovagro.pt\/en\/shop\/fitofarmacos\/patrazol\/#primaryimage"},"thumbnailUrl":"https:\/\/zapaf.pt\/wp-content\/uploads\/2025\/04\/patrazol-1l.png","datePublished":"2025-04-01T16:37:03+00:00","dateModified":"2025-04-07T13:47:41+00:00","breadcrumb":{"@id":"http:\/\/www.jovagro.pt\/en\/shop\/fitofarmacos\/patrazol\/#breadcrumb"},"inLanguage":"en-GB","potentialAction":[{"@type":"ReadAction","target":["http:\/\/www.jovagro.pt\/en\/shop\/fitofarmacos\/patrazol\/"]}]},{"@type":"ImageObject","inLanguage":"en-GB","@id":"http:\/\/www.jovagro.pt\/en\/shop\/fitofarmacos\/patrazol\/#primaryimage","url":"https:\/\/zapaf.pt\/wp-content\/uploads\/2025\/04\/patrazol-1l.png","contentUrl":"https:\/\/zapaf.pt\/wp-content\/uploads\/2025\/04\/patrazol-1l.png","width":626,"height":626},{"@type":"BreadcrumbList","@id":"http:\/\/www.jovagro.pt\/en\/shop\/fitofarmacos\/patrazol\/#breadcrumb","itemListElement":[{"@type":"ListItem","position":1,"name":"Home","item":"https:\/\/www.jovagro.pt\/"},{"@type":"ListItem","position":2,"name":"Loja","item":"https:\/\/www.jovagro.pt\/loja\/"},{"@type":"ListItem","position":3,"name":"Patrazol\u00ae"}]},{"@type":"WebSite","@id":"https:\/\/www.jovagro.pt\/#website","url":"https:\/\/www.jovagro.pt\/","name":"Jovagro","description":"Sempre com a Natureza","publisher":{"@id":"https:\/\/www.jovagro.pt\/#organization"},"potentialAction":[{"@type":"SearchAction","target":{"@type":"EntryPoint","urlTemplate":"https:\/\/www.jovagro.pt\/?s={search_term_string}"},"query-input":{"@type":"PropertyValueSpecification","valueRequired":true,"valueName":"search_term_string"}}],"inLanguage":"en-GB"},{"@type":"Organization","@id":"https:\/\/www.jovagro.pt\/#organization","name":"Jovagro","url":"https:\/\/www.jovagro.pt\/","logo":{"@type":"ImageObject","inLanguage":"en-GB","@id":"https:\/\/www.jovagro.pt\/#\/schema\/logo\/image\/","url":"https:\/\/jovagro.pt\/wp-content\/uploads\/2019\/12\/7-01-01-scaled.jpg","contentUrl":"https:\/\/jovagro.pt\/wp-content\/uploads\/2019\/12\/7-01-01-scaled.jpg","width":2560,"height":893,"caption":"Jovagro"},"image":{"@id":"https:\/\/www.jovagro.pt\/#\/schema\/logo\/image\/"},"sameAs":["https:\/\/www.facebook.com\/Jovagro\/"]}]}},"_links":{"self":[{"href":"https:\/\/zapaf.pt\/en\/wp-json\/wp\/v2\/product\/38184","targetHints":{"allow":["GET"]}}],"collection":[{"href":"https:\/\/zapaf.pt\/en\/wp-json\/wp\/v2\/product"}],"about":[{"href":"https:\/\/zapaf.pt\/en\/wp-json\/wp\/v2\/types\/product"}],"wp:featuredmedia":[{"embeddable":true,"href":"https:\/\/zapaf.pt\/en\/wp-json\/wp\/v2\/media\/38186"}],"wp:attachment":[{"href":"https:\/\/zapaf.pt\/en\/wp-json\/wp\/v2\/media?parent=38184"}],"wp:term":[{"taxonomy":"product_brand","embeddable":true,"href":"https:\/\/zapaf.pt\/en\/wp-json\/wp\/v2\/product_brand?post=38184"},{"taxonomy":"product_cat","embeddable":true,"href":"https:\/\/zapaf.pt\/en\/wp-json\/wp\/v2\/product_cat?post=38184"},{"taxonomy":"product_tag","embeddable":true,"href":"https:\/\/zapaf.pt\/en\/wp-json\/wp\/v2\/product_tag?post=38184"}],"curies":[{"name":"wp","href":"https:\/\/api.w.org\/{rel}","templated":true}]}}