{"id":38192,"date":"2025-04-01T16:58:01","date_gmt":"2025-04-01T16:58:01","guid":{"rendered":"https:\/\/jovagro.pt\/?post_type=product&#038;p=38192"},"modified":"2025-04-22T11:17:41","modified_gmt":"2025-04-22T11:17:41","slug":"citromazinc","status":"publish","type":"product","link":"https:\/\/zapaf.pt\/en\/shop\/inovabio\/fitonutricao\/nutricao\/citromazinc\/","title":{"rendered":"Citromazinc\u00ae"},"content":{"rendered":"<style type=\"text\/css\"> \n#cmsms_row_69e04aaf313d7 .cmsms_row_outer_parent { \n\tpadding-top: 0px; \n} \n\n#cmsms_row_69e04aaf313d7 .cmsms_row_outer_parent { \n\tpadding-bottom: 50px; \n} \n\n<\/style><div id=\"cmsms_row_69e04aaf313d7\" class=\"cmsms_row cmsms_color_scheme_default\">\n<div class=\"cmsms_row_outer_parent\">\n<div class=\"cmsms_row_outer\">\n<div class=\"cmsms_row_inner\">\n<div class=\"cmsms_row_margin\">\n<div class=\"cmsms_column one_first\">\n<div class=\"cmsms_text\">\n<p>Zinco (Zn) sol\u00favel em agua 2.3 % (p\/p)<\/p>\n<p>Mangan\u00eas (Mn) sol\u00favel em agua 1.1 % (p\/p)<\/p>\n<\/div>\n<\/div>\n<\/div>\n<\/div>\n<\/div>\n<\/div>\n<\/div>","protected":false},"excerpt":{"rendered":"<p style=\"text-align: left;\">Citromazinc cont\u00e9m Mn e Zn. Pelas suas caracter\u00edsticas e formula\u00e7\u00e3o \u00e9 especialmente adequada para o cultivo de \u00e1rvores frut\u00edferas e especialmente para \u00e1rvores c\u00edtricas. Aumenta a capacidade de reten\u00e7\u00e3o devido a uma melhor distribui\u00e7\u00e3o das gotas de pulveriza\u00e7\u00e3o e melhor ades\u00e3o. Consegue aumentar a capacidade de reten\u00e7\u00e3o, o que por sua vez permite uma melhor intera\u00e7\u00e3o das mol\u00e9culas fitossanit\u00e1rias ou nutricionais com a cut\u00edcula foliar. Citromazinc pode ser aplicado em todos os tipos de culturas, especialmente adequados para tratamentos em citrinos. Al\u00e9m de azeitonas, uvas, frutas de caro\u00e7o, e pom\u00f3ideas, abacate, hortali\u00e7as, tanto ao ar livre com em estufas, morangos, culturas industriais e planta\u00e7\u00f5es ornamentais, e \u00e1reas verdes, parque e jardins.<\/p>\n<p><img loading=\"lazy\" decoding=\"async\" class=\"alignnone size-full wp-image-38350\" src=\"https:\/\/jovagro.pt\/wp-content\/uploads\/2023\/06\/OMRI-listed-logo-cmyk.png\" alt=\"\" width=\"80\" height=\"80\" srcset=\"https:\/\/zapaf.pt\/wp-content\/uploads\/2023\/06\/OMRI-listed-logo-cmyk.png 80w, https:\/\/zapaf.pt\/wp-content\/uploads\/2023\/06\/OMRI-listed-logo-cmyk-12x12.png 12w, https:\/\/zapaf.pt\/wp-content\/uploads\/2023\/06\/OMRI-listed-logo-cmyk-55x55.png 55w\" sizes=\"auto, (max-width: 80px) 100vw, 80px\" \/><\/p>","protected":false},"featured_media":38196,"template":"","meta":{"_monsterinsights_skip_tracking":false,"_monsterinsights_sitenote_active":false,"_monsterinsights_sitenote_note":"","_monsterinsights_sitenote_category":0},"product_brand":[],"product_cat":[408,534],"product_tag":[],"class_list":{"0":"post-38192","1":"product","2":"type-product","3":"status-publish","4":"has-post-thumbnail","6":"product_cat-inovabio","7":"product_cat-nutricao","9":"first","10":"instock","11":"taxable","12":"shipping-taxable","13":"purchasable","14":"product-type-variable"},"yoast_head":"<!-- This site is optimized with the Yoast SEO plugin v27.4 - https:\/\/yoast.com\/product\/yoast-seo-wordpress\/ -->\n<title>Citromazinc\u00ae - Jovagro<\/title>\n<meta name=\"robots\" content=\"index, follow, max-snippet:-1, max-image-preview:large, max-video-preview:-1\" \/>\n<link rel=\"canonical\" href=\"https:\/\/www.jovagro.pt\/shop\/inovabio\/fitonutricao\/nutricao\/citromazinc\/\" \/>\n<meta property=\"og:locale\" content=\"en_GB\" \/>\n<meta property=\"og:type\" content=\"article\" \/>\n<meta property=\"og:title\" content=\"Citromazinc\u00ae - Jovagro\" \/>\n<meta property=\"og:description\" content=\"Citromazinc cont\u00e9m Mn e Zn. Pelas suas caracter\u00edsticas e formula\u00e7\u00e3o \u00e9 especialmente adequada para o cultivo de \u00e1rvores frut\u00edferas e especialmente para \u00e1rvores c\u00edtricas. Aumenta a capacidade de reten\u00e7\u00e3o devido a uma melhor distribui\u00e7\u00e3o das gotas de pulveriza\u00e7\u00e3o e melhor ades\u00e3o. Consegue aumentar a capacidade de reten\u00e7\u00e3o, o que por sua vez permite uma melhor intera\u00e7\u00e3o das mol\u00e9culas fitossanit\u00e1rias ou nutricionais com a cut\u00edcula foliar. Citromazinc pode ser aplicado em todos os tipos de culturas, especialmente adequados para tratamentos em citrinos. Al\u00e9m de azeitonas, uvas, frutas de caro\u00e7o, e pom\u00f3ideas, abacate, hortali\u00e7as, tanto ao ar livre com em estufas, morangos, culturas industriais e planta\u00e7\u00f5es ornamentais, e \u00e1reas verdes, parque e jardins.\" \/>\n<meta property=\"og:url\" content=\"https:\/\/www.jovagro.pt\/shop\/inovabio\/fitonutricao\/nutricao\/citromazinc\/\" \/>\n<meta property=\"og:site_name\" content=\"Jovagro\" \/>\n<meta property=\"article:publisher\" content=\"https:\/\/www.facebook.com\/Jovagro\/\" \/>\n<meta property=\"article:modified_time\" content=\"2025-04-22T11:17:41+00:00\" \/>\n<meta property=\"og:image\" content=\"https:\/\/www.jovagro.pt\/wp-content\/uploads\/2025\/04\/citromazinc_1l.png\" \/>\n\t<meta property=\"og:image:width\" content=\"626\" \/>\n\t<meta property=\"og:image:height\" content=\"626\" \/>\n\t<meta property=\"og:image:type\" content=\"image\/png\" \/>\n<meta name=\"twitter:card\" content=\"summary_large_image\" \/>\n<meta name=\"twitter:label1\" content=\"Estimated reading time\" \/>\n\t<meta name=\"twitter:data1\" content=\"1 minute\" \/>\n<script type=\"application\/ld+json\" class=\"yoast-schema-graph\">{\"@context\":\"https:\\\/\\\/schema.org\",\"@graph\":[{\"@type\":\"WebPage\",\"@id\":\"https:\\\/\\\/www.jovagro.pt\\\/shop\\\/inovabio\\\/fitonutricao\\\/nutricao\\\/citromazinc\\\/\",\"url\":\"https:\\\/\\\/www.jovagro.pt\\\/shop\\\/inovabio\\\/fitonutricao\\\/nutricao\\\/citromazinc\\\/\",\"name\":\"Citromazinc\u00ae - Jovagro\",\"isPartOf\":{\"@id\":\"https:\\\/\\\/www.jovagro.pt\\\/#website\"},\"primaryImageOfPage\":{\"@id\":\"https:\\\/\\\/www.jovagro.pt\\\/shop\\\/inovabio\\\/fitonutricao\\\/nutricao\\\/citromazinc\\\/#primaryimage\"},\"image\":{\"@id\":\"https:\\\/\\\/www.jovagro.pt\\\/shop\\\/inovabio\\\/fitonutricao\\\/nutricao\\\/citromazinc\\\/#primaryimage\"},\"thumbnailUrl\":\"https:\\\/\\\/zapaf.pt\\\/wp-content\\\/uploads\\\/2025\\\/04\\\/citromazinc_1l.png\",\"datePublished\":\"2025-04-01T16:58:01+00:00\",\"dateModified\":\"2025-04-22T11:17:41+00:00\",\"breadcrumb\":{\"@id\":\"https:\\\/\\\/www.jovagro.pt\\\/shop\\\/inovabio\\\/fitonutricao\\\/nutricao\\\/citromazinc\\\/#breadcrumb\"},\"inLanguage\":\"en-GB\",\"potentialAction\":[{\"@type\":\"ReadAction\",\"target\":[\"https:\\\/\\\/www.jovagro.pt\\\/shop\\\/inovabio\\\/fitonutricao\\\/nutricao\\\/citromazinc\\\/\"]}]},{\"@type\":\"ImageObject\",\"inLanguage\":\"en-GB\",\"@id\":\"https:\\\/\\\/www.jovagro.pt\\\/shop\\\/inovabio\\\/fitonutricao\\\/nutricao\\\/citromazinc\\\/#primaryimage\",\"url\":\"https:\\\/\\\/zapaf.pt\\\/wp-content\\\/uploads\\\/2025\\\/04\\\/citromazinc_1l.png\",\"contentUrl\":\"https:\\\/\\\/zapaf.pt\\\/wp-content\\\/uploads\\\/2025\\\/04\\\/citromazinc_1l.png\",\"width\":626,\"height\":626},{\"@type\":\"BreadcrumbList\",\"@id\":\"https:\\\/\\\/www.jovagro.pt\\\/shop\\\/inovabio\\\/fitonutricao\\\/nutricao\\\/citromazinc\\\/#breadcrumb\",\"itemListElement\":[{\"@type\":\"ListItem\",\"position\":1,\"name\":\"Home\",\"item\":\"https:\\\/\\\/www.jovagro.pt\\\/\"},{\"@type\":\"ListItem\",\"position\":2,\"name\":\"Loja\",\"item\":\"https:\\\/\\\/www.jovagro.pt\\\/loja\\\/\"},{\"@type\":\"ListItem\",\"position\":3,\"name\":\"Citromazinc\u00ae\"}]},{\"@type\":\"WebSite\",\"@id\":\"https:\\\/\\\/www.jovagro.pt\\\/#website\",\"url\":\"https:\\\/\\\/www.jovagro.pt\\\/\",\"name\":\"Jovagro\",\"description\":\"Sempre com a Natureza\",\"publisher\":{\"@id\":\"https:\\\/\\\/www.jovagro.pt\\\/#organization\"},\"potentialAction\":[{\"@type\":\"SearchAction\",\"target\":{\"@type\":\"EntryPoint\",\"urlTemplate\":\"https:\\\/\\\/www.jovagro.pt\\\/?s={search_term_string}\"},\"query-input\":{\"@type\":\"PropertyValueSpecification\",\"valueRequired\":true,\"valueName\":\"search_term_string\"}}],\"inLanguage\":\"en-GB\"},{\"@type\":\"Organization\",\"@id\":\"https:\\\/\\\/www.jovagro.pt\\\/#organization\",\"name\":\"Jovagro\",\"url\":\"https:\\\/\\\/www.jovagro.pt\\\/\",\"logo\":{\"@type\":\"ImageObject\",\"inLanguage\":\"en-GB\",\"@id\":\"https:\\\/\\\/www.jovagro.pt\\\/#\\\/schema\\\/logo\\\/image\\\/\",\"url\":\"https:\\\/\\\/jovagro.pt\\\/wp-content\\\/uploads\\\/2019\\\/12\\\/7-01-01-scaled.jpg\",\"contentUrl\":\"https:\\\/\\\/jovagro.pt\\\/wp-content\\\/uploads\\\/2019\\\/12\\\/7-01-01-scaled.jpg\",\"width\":2560,\"height\":893,\"caption\":\"Jovagro\"},\"image\":{\"@id\":\"https:\\\/\\\/www.jovagro.pt\\\/#\\\/schema\\\/logo\\\/image\\\/\"},\"sameAs\":[\"https:\\\/\\\/www.facebook.com\\\/Jovagro\\\/\"]}]}<\/script>\n<!-- \/ Yoast SEO plugin. -->","yoast_head_json":{"title":"Citromazinc\u00ae - Jovagro","robots":{"index":"index","follow":"follow","max-snippet":"max-snippet:-1","max-image-preview":"max-image-preview:large","max-video-preview":"max-video-preview:-1"},"canonical":"https:\/\/www.jovagro.pt\/shop\/inovabio\/fitonutricao\/nutricao\/citromazinc\/","og_locale":"en_GB","og_type":"article","og_title":"Citromazinc\u00ae - Jovagro","og_description":"Citromazinc cont\u00e9m Mn e Zn. Pelas suas caracter\u00edsticas e formula\u00e7\u00e3o \u00e9 especialmente adequada para o cultivo de \u00e1rvores frut\u00edferas e especialmente para \u00e1rvores c\u00edtricas. Aumenta a capacidade de reten\u00e7\u00e3o devido a uma melhor distribui\u00e7\u00e3o das gotas de pulveriza\u00e7\u00e3o e melhor ades\u00e3o. Consegue aumentar a capacidade de reten\u00e7\u00e3o, o que por sua vez permite uma melhor intera\u00e7\u00e3o das mol\u00e9culas fitossanit\u00e1rias ou nutricionais com a cut\u00edcula foliar. Citromazinc pode ser aplicado em todos os tipos de culturas, especialmente adequados para tratamentos em citrinos. Al\u00e9m de azeitonas, uvas, frutas de caro\u00e7o, e pom\u00f3ideas, abacate, hortali\u00e7as, tanto ao ar livre com em estufas, morangos, culturas industriais e planta\u00e7\u00f5es ornamentais, e \u00e1reas verdes, parque e jardins.","og_url":"https:\/\/www.jovagro.pt\/shop\/inovabio\/fitonutricao\/nutricao\/citromazinc\/","og_site_name":"Jovagro","article_publisher":"https:\/\/www.facebook.com\/Jovagro\/","article_modified_time":"2025-04-22T11:17:41+00:00","og_image":[{"width":626,"height":626,"url":"https:\/\/www.jovagro.pt\/wp-content\/uploads\/2025\/04\/citromazinc_1l.png","type":"image\/png"}],"twitter_card":"summary_large_image","twitter_misc":{"Estimated reading time":"1 minute"},"schema":{"@context":"https:\/\/schema.org","@graph":[{"@type":"WebPage","@id":"https:\/\/www.jovagro.pt\/shop\/inovabio\/fitonutricao\/nutricao\/citromazinc\/","url":"https:\/\/www.jovagro.pt\/shop\/inovabio\/fitonutricao\/nutricao\/citromazinc\/","name":"Citromazinc\u00ae - Jovagro","isPartOf":{"@id":"https:\/\/www.jovagro.pt\/#website"},"primaryImageOfPage":{"@id":"https:\/\/www.jovagro.pt\/shop\/inovabio\/fitonutricao\/nutricao\/citromazinc\/#primaryimage"},"image":{"@id":"https:\/\/www.jovagro.pt\/shop\/inovabio\/fitonutricao\/nutricao\/citromazinc\/#primaryimage"},"thumbnailUrl":"https:\/\/zapaf.pt\/wp-content\/uploads\/2025\/04\/citromazinc_1l.png","datePublished":"2025-04-01T16:58:01+00:00","dateModified":"2025-04-22T11:17:41+00:00","breadcrumb":{"@id":"https:\/\/www.jovagro.pt\/shop\/inovabio\/fitonutricao\/nutricao\/citromazinc\/#breadcrumb"},"inLanguage":"en-GB","potentialAction":[{"@type":"ReadAction","target":["https:\/\/www.jovagro.pt\/shop\/inovabio\/fitonutricao\/nutricao\/citromazinc\/"]}]},{"@type":"ImageObject","inLanguage":"en-GB","@id":"https:\/\/www.jovagro.pt\/shop\/inovabio\/fitonutricao\/nutricao\/citromazinc\/#primaryimage","url":"https:\/\/zapaf.pt\/wp-content\/uploads\/2025\/04\/citromazinc_1l.png","contentUrl":"https:\/\/zapaf.pt\/wp-content\/uploads\/2025\/04\/citromazinc_1l.png","width":626,"height":626},{"@type":"BreadcrumbList","@id":"https:\/\/www.jovagro.pt\/shop\/inovabio\/fitonutricao\/nutricao\/citromazinc\/#breadcrumb","itemListElement":[{"@type":"ListItem","position":1,"name":"Home","item":"https:\/\/www.jovagro.pt\/"},{"@type":"ListItem","position":2,"name":"Loja","item":"https:\/\/www.jovagro.pt\/loja\/"},{"@type":"ListItem","position":3,"name":"Citromazinc\u00ae"}]},{"@type":"WebSite","@id":"https:\/\/www.jovagro.pt\/#website","url":"https:\/\/www.jovagro.pt\/","name":"Jovagro","description":"Sempre com a Natureza","publisher":{"@id":"https:\/\/www.jovagro.pt\/#organization"},"potentialAction":[{"@type":"SearchAction","target":{"@type":"EntryPoint","urlTemplate":"https:\/\/www.jovagro.pt\/?s={search_term_string}"},"query-input":{"@type":"PropertyValueSpecification","valueRequired":true,"valueName":"search_term_string"}}],"inLanguage":"en-GB"},{"@type":"Organization","@id":"https:\/\/www.jovagro.pt\/#organization","name":"Jovagro","url":"https:\/\/www.jovagro.pt\/","logo":{"@type":"ImageObject","inLanguage":"en-GB","@id":"https:\/\/www.jovagro.pt\/#\/schema\/logo\/image\/","url":"https:\/\/jovagro.pt\/wp-content\/uploads\/2019\/12\/7-01-01-scaled.jpg","contentUrl":"https:\/\/jovagro.pt\/wp-content\/uploads\/2019\/12\/7-01-01-scaled.jpg","width":2560,"height":893,"caption":"Jovagro"},"image":{"@id":"https:\/\/www.jovagro.pt\/#\/schema\/logo\/image\/"},"sameAs":["https:\/\/www.facebook.com\/Jovagro\/"]}]}},"_links":{"self":[{"href":"https:\/\/zapaf.pt\/en\/wp-json\/wp\/v2\/product\/38192","targetHints":{"allow":["GET"]}}],"collection":[{"href":"https:\/\/zapaf.pt\/en\/wp-json\/wp\/v2\/product"}],"about":[{"href":"https:\/\/zapaf.pt\/en\/wp-json\/wp\/v2\/types\/product"}],"wp:featuredmedia":[{"embeddable":true,"href":"https:\/\/zapaf.pt\/en\/wp-json\/wp\/v2\/media\/38196"}],"wp:attachment":[{"href":"https:\/\/zapaf.pt\/en\/wp-json\/wp\/v2\/media?parent=38192"}],"wp:term":[{"taxonomy":"product_brand","embeddable":true,"href":"https:\/\/zapaf.pt\/en\/wp-json\/wp\/v2\/product_brand?post=38192"},{"taxonomy":"product_cat","embeddable":true,"href":"https:\/\/zapaf.pt\/en\/wp-json\/wp\/v2\/product_cat?post=38192"},{"taxonomy":"product_tag","embeddable":true,"href":"https:\/\/zapaf.pt\/en\/wp-json\/wp\/v2\/product_tag?post=38192"}],"curies":[{"name":"wp","href":"https:\/\/api.w.org\/{rel}","templated":true}]}}