{"id":38204,"date":"2025-04-03T11:36:50","date_gmt":"2025-04-03T11:36:50","guid":{"rendered":"https:\/\/jovagro.pt\/?post_type=product&#038;p=38204"},"modified":"2025-04-07T13:46:42","modified_gmt":"2025-04-07T13:46:42","slug":"ribatop","status":"publish","type":"product","link":"https:\/\/zapaf.pt\/en\/shop\/inovabio\/bioprotetores-organicos-de-solo\/ribatop\/","title":{"rendered":"Ribatop\u00ae5"},"content":{"rendered":"<style type=\"text\/css\"> \n#cmsms_row_69e0646788682 .cmsms_row_outer_parent { \n\tpadding-top: 0px; \n} \n\n#cmsms_row_69e0646788682 .cmsms_row_outer_parent { \n\tpadding-bottom: 50px; \n} \n\n<\/style><div id=\"cmsms_row_69e0646788682\" class=\"cmsms_row cmsms_color_scheme_default\">\n<div class=\"cmsms_row_outer_parent\">\n<div class=\"cmsms_row_outer\">\n<div class=\"cmsms_row_inner\">\n<div class=\"cmsms_row_margin\">\n<div class=\"cmsms_column one_first\">\n<div class=\"cmsms_text\">\n<p>Bacillus amyloliquefaciens, B. licheniformis, B. pumilus, B simplex, B. subtilis (6x<em>10<sup>9<\/sup><\/em><\/p>\n<p>Trichoderma harzianum (1,2&#215;10\u2078 UFC\/g)<\/p>\n<\/div>\n<\/div>\n<\/div>\n<\/div>\n<\/div>\n<\/div>\n<\/div>","protected":false},"excerpt":{"rendered":"<p>Ribatop\u00ae 5 \u00e9 um melhorador de solo em p\u00f3, sol\u00favel em \u00e1gua, que estimula o crescimento das ra\u00edzes e liberta nutrientes para as plantas. O produto cont\u00e9m cinco esp\u00e9cies de Bacillus e Trichoderma. V\u00e1rias bact\u00e9rias produtoras de hormonas de crescimento vegetal (giberelinas, citoquininas), como Bacillus megaterium, s\u00e3o combinadas com bact\u00e9rias que estimulam vigorosamente o fortalecimento do sistema radicular durante todo o per\u00edodo de crescimento. As bact\u00e9rias dissolvem o f\u00f3sforo quimicamente inacess\u00edvel que as plantas por si pr\u00f3prias n\u00e3o conseguem absorver. Tamb\u00e9m libertam pot\u00e1ssio do substrato rochoso. Trichoderma estimula um forte crescimento das ra\u00edzes durante todo o per\u00edodo de desenvolvimento. Al\u00e9m disso, s\u00e3o ferramentas indispens\u00e1veis durante a fase de germina\u00e7\u00e3o da planta ou durante a restaura\u00e7\u00e3o de ra\u00edzes danificadas. Os microrganismos s\u00e3o complementados com bioestimulantes que estimulam a divis\u00e3o celular e o desenvolvimento dos bot\u00f5es laterais, para al\u00e9m disso atrasam o envelhecimento dos tecidos vegetais<\/p>","protected":false},"featured_media":38206,"template":"","meta":{"_monsterinsights_skip_tracking":false,"_monsterinsights_sitenote_active":false,"_monsterinsights_sitenote_note":"","_monsterinsights_sitenote_category":0},"product_brand":[],"product_cat":[415,408],"product_tag":[],"class_list":{"0":"post-38204","1":"product","2":"type-product","3":"status-publish","4":"has-post-thumbnail","6":"product_cat-bioprotetores-organicos-de-solo","7":"product_cat-inovabio","9":"first","10":"instock","11":"taxable","12":"shipping-taxable","13":"purchasable","14":"product-type-variable"},"yoast_head":"<!-- This site is optimized with the Yoast SEO plugin v27.4 - https:\/\/yoast.com\/product\/yoast-seo-wordpress\/ -->\n<title>Ribatop\u00ae5 - Jovagro<\/title>\n<meta name=\"robots\" content=\"index, follow, max-snippet:-1, max-image-preview:large, max-video-preview:-1\" \/>\n<link rel=\"canonical\" href=\"https:\/\/www.jovagro.pt\/shop\/inovabio\/bioprotetores-organicos-de-solo\/ribatop\/\" \/>\n<meta property=\"og:locale\" content=\"en_GB\" \/>\n<meta property=\"og:type\" content=\"article\" \/>\n<meta property=\"og:title\" content=\"Ribatop\u00ae5 - Jovagro\" \/>\n<meta property=\"og:description\" content=\"Ribatop\u00ae 5 \u00e9 um melhorador de solo em p\u00f3, sol\u00favel em \u00e1gua, que estimula o crescimento das ra\u00edzes e liberta nutrientes para as plantas. O produto cont\u00e9m cinco esp\u00e9cies de Bacillus e Trichoderma. V\u00e1rias bact\u00e9rias produtoras de hormonas de crescimento vegetal (giberelinas, citoquininas), como Bacillus megaterium, s\u00e3o combinadas com bact\u00e9rias que estimulam vigorosamente o fortalecimento do sistema radicular durante todo o per\u00edodo de crescimento. As bact\u00e9rias dissolvem o f\u00f3sforo quimicamente inacess\u00edvel que as plantas por si pr\u00f3prias n\u00e3o conseguem absorver. Tamb\u00e9m libertam pot\u00e1ssio do substrato rochoso. Trichoderma estimula um forte crescimento das ra\u00edzes durante todo o per\u00edodo de desenvolvimento. Al\u00e9m disso, s\u00e3o ferramentas indispens\u00e1veis durante a fase de germina\u00e7\u00e3o da planta ou durante a restaura\u00e7\u00e3o de ra\u00edzes danificadas. Os microrganismos s\u00e3o complementados com bioestimulantes que estimulam a divis\u00e3o celular e o desenvolvimento dos bot\u00f5es laterais, para al\u00e9m disso atrasam o envelhecimento dos tecidos vegetais\" \/>\n<meta property=\"og:url\" content=\"https:\/\/www.jovagro.pt\/shop\/inovabio\/bioprotetores-organicos-de-solo\/ribatop\/\" \/>\n<meta property=\"og:site_name\" content=\"Jovagro\" \/>\n<meta property=\"article:publisher\" content=\"https:\/\/www.facebook.com\/Jovagro\/\" \/>\n<meta property=\"article:modified_time\" content=\"2025-04-07T13:46:42+00:00\" \/>\n<meta property=\"og:image\" content=\"https:\/\/www.jovagro.pt\/wp-content\/uploads\/2025\/04\/ribatop.png\" \/>\n\t<meta property=\"og:image:width\" content=\"626\" \/>\n\t<meta property=\"og:image:height\" content=\"626\" \/>\n\t<meta property=\"og:image:type\" content=\"image\/png\" \/>\n<meta name=\"twitter:card\" content=\"summary_large_image\" \/>\n<meta name=\"twitter:label1\" content=\"Estimated reading time\" \/>\n\t<meta name=\"twitter:data1\" content=\"1 minute\" \/>\n<script type=\"application\/ld+json\" class=\"yoast-schema-graph\">{\"@context\":\"https:\\\/\\\/schema.org\",\"@graph\":[{\"@type\":\"WebPage\",\"@id\":\"https:\\\/\\\/www.jovagro.pt\\\/shop\\\/inovabio\\\/bioprotetores-organicos-de-solo\\\/ribatop\\\/\",\"url\":\"https:\\\/\\\/www.jovagro.pt\\\/shop\\\/inovabio\\\/bioprotetores-organicos-de-solo\\\/ribatop\\\/\",\"name\":\"Ribatop\u00ae5 - Jovagro\",\"isPartOf\":{\"@id\":\"https:\\\/\\\/www.jovagro.pt\\\/#website\"},\"primaryImageOfPage\":{\"@id\":\"https:\\\/\\\/www.jovagro.pt\\\/shop\\\/inovabio\\\/bioprotetores-organicos-de-solo\\\/ribatop\\\/#primaryimage\"},\"image\":{\"@id\":\"https:\\\/\\\/www.jovagro.pt\\\/shop\\\/inovabio\\\/bioprotetores-organicos-de-solo\\\/ribatop\\\/#primaryimage\"},\"thumbnailUrl\":\"https:\\\/\\\/zapaf.pt\\\/wp-content\\\/uploads\\\/2025\\\/04\\\/ribatop.png\",\"datePublished\":\"2025-04-03T11:36:50+00:00\",\"dateModified\":\"2025-04-07T13:46:42+00:00\",\"breadcrumb\":{\"@id\":\"https:\\\/\\\/www.jovagro.pt\\\/shop\\\/inovabio\\\/bioprotetores-organicos-de-solo\\\/ribatop\\\/#breadcrumb\"},\"inLanguage\":\"en-GB\",\"potentialAction\":[{\"@type\":\"ReadAction\",\"target\":[\"https:\\\/\\\/www.jovagro.pt\\\/shop\\\/inovabio\\\/bioprotetores-organicos-de-solo\\\/ribatop\\\/\"]}]},{\"@type\":\"ImageObject\",\"inLanguage\":\"en-GB\",\"@id\":\"https:\\\/\\\/www.jovagro.pt\\\/shop\\\/inovabio\\\/bioprotetores-organicos-de-solo\\\/ribatop\\\/#primaryimage\",\"url\":\"https:\\\/\\\/zapaf.pt\\\/wp-content\\\/uploads\\\/2025\\\/04\\\/ribatop.png\",\"contentUrl\":\"https:\\\/\\\/zapaf.pt\\\/wp-content\\\/uploads\\\/2025\\\/04\\\/ribatop.png\",\"width\":626,\"height\":626},{\"@type\":\"BreadcrumbList\",\"@id\":\"https:\\\/\\\/www.jovagro.pt\\\/shop\\\/inovabio\\\/bioprotetores-organicos-de-solo\\\/ribatop\\\/#breadcrumb\",\"itemListElement\":[{\"@type\":\"ListItem\",\"position\":1,\"name\":\"Home\",\"item\":\"https:\\\/\\\/www.jovagro.pt\\\/\"},{\"@type\":\"ListItem\",\"position\":2,\"name\":\"Loja\",\"item\":\"https:\\\/\\\/www.jovagro.pt\\\/loja\\\/\"},{\"@type\":\"ListItem\",\"position\":3,\"name\":\"Ribatop\u00ae5\"}]},{\"@type\":\"WebSite\",\"@id\":\"https:\\\/\\\/www.jovagro.pt\\\/#website\",\"url\":\"https:\\\/\\\/www.jovagro.pt\\\/\",\"name\":\"Jovagro\",\"description\":\"Sempre com a Natureza\",\"publisher\":{\"@id\":\"https:\\\/\\\/www.jovagro.pt\\\/#organization\"},\"potentialAction\":[{\"@type\":\"SearchAction\",\"target\":{\"@type\":\"EntryPoint\",\"urlTemplate\":\"https:\\\/\\\/www.jovagro.pt\\\/?s={search_term_string}\"},\"query-input\":{\"@type\":\"PropertyValueSpecification\",\"valueRequired\":true,\"valueName\":\"search_term_string\"}}],\"inLanguage\":\"en-GB\"},{\"@type\":\"Organization\",\"@id\":\"https:\\\/\\\/www.jovagro.pt\\\/#organization\",\"name\":\"Jovagro\",\"url\":\"https:\\\/\\\/www.jovagro.pt\\\/\",\"logo\":{\"@type\":\"ImageObject\",\"inLanguage\":\"en-GB\",\"@id\":\"https:\\\/\\\/www.jovagro.pt\\\/#\\\/schema\\\/logo\\\/image\\\/\",\"url\":\"https:\\\/\\\/jovagro.pt\\\/wp-content\\\/uploads\\\/2019\\\/12\\\/7-01-01-scaled.jpg\",\"contentUrl\":\"https:\\\/\\\/jovagro.pt\\\/wp-content\\\/uploads\\\/2019\\\/12\\\/7-01-01-scaled.jpg\",\"width\":2560,\"height\":893,\"caption\":\"Jovagro\"},\"image\":{\"@id\":\"https:\\\/\\\/www.jovagro.pt\\\/#\\\/schema\\\/logo\\\/image\\\/\"},\"sameAs\":[\"https:\\\/\\\/www.facebook.com\\\/Jovagro\\\/\"]}]}<\/script>\n<!-- \/ Yoast SEO plugin. -->","yoast_head_json":{"title":"Ribatop\u00ae5 - Jovagro","robots":{"index":"index","follow":"follow","max-snippet":"max-snippet:-1","max-image-preview":"max-image-preview:large","max-video-preview":"max-video-preview:-1"},"canonical":"https:\/\/www.jovagro.pt\/shop\/inovabio\/bioprotetores-organicos-de-solo\/ribatop\/","og_locale":"en_GB","og_type":"article","og_title":"Ribatop\u00ae5 - Jovagro","og_description":"Ribatop\u00ae 5 \u00e9 um melhorador de solo em p\u00f3, sol\u00favel em \u00e1gua, que estimula o crescimento das ra\u00edzes e liberta nutrientes para as plantas. O produto cont\u00e9m cinco esp\u00e9cies de Bacillus e Trichoderma. V\u00e1rias bact\u00e9rias produtoras de hormonas de crescimento vegetal (giberelinas, citoquininas), como Bacillus megaterium, s\u00e3o combinadas com bact\u00e9rias que estimulam vigorosamente o fortalecimento do sistema radicular durante todo o per\u00edodo de crescimento. As bact\u00e9rias dissolvem o f\u00f3sforo quimicamente inacess\u00edvel que as plantas por si pr\u00f3prias n\u00e3o conseguem absorver. Tamb\u00e9m libertam pot\u00e1ssio do substrato rochoso. Trichoderma estimula um forte crescimento das ra\u00edzes durante todo o per\u00edodo de desenvolvimento. Al\u00e9m disso, s\u00e3o ferramentas indispens\u00e1veis durante a fase de germina\u00e7\u00e3o da planta ou durante a restaura\u00e7\u00e3o de ra\u00edzes danificadas. Os microrganismos s\u00e3o complementados com bioestimulantes que estimulam a divis\u00e3o celular e o desenvolvimento dos bot\u00f5es laterais, para al\u00e9m disso atrasam o envelhecimento dos tecidos vegetais","og_url":"https:\/\/www.jovagro.pt\/shop\/inovabio\/bioprotetores-organicos-de-solo\/ribatop\/","og_site_name":"Jovagro","article_publisher":"https:\/\/www.facebook.com\/Jovagro\/","article_modified_time":"2025-04-07T13:46:42+00:00","og_image":[{"width":626,"height":626,"url":"https:\/\/www.jovagro.pt\/wp-content\/uploads\/2025\/04\/ribatop.png","type":"image\/png"}],"twitter_card":"summary_large_image","twitter_misc":{"Estimated reading time":"1 minute"},"schema":{"@context":"https:\/\/schema.org","@graph":[{"@type":"WebPage","@id":"https:\/\/www.jovagro.pt\/shop\/inovabio\/bioprotetores-organicos-de-solo\/ribatop\/","url":"https:\/\/www.jovagro.pt\/shop\/inovabio\/bioprotetores-organicos-de-solo\/ribatop\/","name":"Ribatop\u00ae5 - Jovagro","isPartOf":{"@id":"https:\/\/www.jovagro.pt\/#website"},"primaryImageOfPage":{"@id":"https:\/\/www.jovagro.pt\/shop\/inovabio\/bioprotetores-organicos-de-solo\/ribatop\/#primaryimage"},"image":{"@id":"https:\/\/www.jovagro.pt\/shop\/inovabio\/bioprotetores-organicos-de-solo\/ribatop\/#primaryimage"},"thumbnailUrl":"https:\/\/zapaf.pt\/wp-content\/uploads\/2025\/04\/ribatop.png","datePublished":"2025-04-03T11:36:50+00:00","dateModified":"2025-04-07T13:46:42+00:00","breadcrumb":{"@id":"https:\/\/www.jovagro.pt\/shop\/inovabio\/bioprotetores-organicos-de-solo\/ribatop\/#breadcrumb"},"inLanguage":"en-GB","potentialAction":[{"@type":"ReadAction","target":["https:\/\/www.jovagro.pt\/shop\/inovabio\/bioprotetores-organicos-de-solo\/ribatop\/"]}]},{"@type":"ImageObject","inLanguage":"en-GB","@id":"https:\/\/www.jovagro.pt\/shop\/inovabio\/bioprotetores-organicos-de-solo\/ribatop\/#primaryimage","url":"https:\/\/zapaf.pt\/wp-content\/uploads\/2025\/04\/ribatop.png","contentUrl":"https:\/\/zapaf.pt\/wp-content\/uploads\/2025\/04\/ribatop.png","width":626,"height":626},{"@type":"BreadcrumbList","@id":"https:\/\/www.jovagro.pt\/shop\/inovabio\/bioprotetores-organicos-de-solo\/ribatop\/#breadcrumb","itemListElement":[{"@type":"ListItem","position":1,"name":"Home","item":"https:\/\/www.jovagro.pt\/"},{"@type":"ListItem","position":2,"name":"Loja","item":"https:\/\/www.jovagro.pt\/loja\/"},{"@type":"ListItem","position":3,"name":"Ribatop\u00ae5"}]},{"@type":"WebSite","@id":"https:\/\/www.jovagro.pt\/#website","url":"https:\/\/www.jovagro.pt\/","name":"Jovagro","description":"Sempre com a Natureza","publisher":{"@id":"https:\/\/www.jovagro.pt\/#organization"},"potentialAction":[{"@type":"SearchAction","target":{"@type":"EntryPoint","urlTemplate":"https:\/\/www.jovagro.pt\/?s={search_term_string}"},"query-input":{"@type":"PropertyValueSpecification","valueRequired":true,"valueName":"search_term_string"}}],"inLanguage":"en-GB"},{"@type":"Organization","@id":"https:\/\/www.jovagro.pt\/#organization","name":"Jovagro","url":"https:\/\/www.jovagro.pt\/","logo":{"@type":"ImageObject","inLanguage":"en-GB","@id":"https:\/\/www.jovagro.pt\/#\/schema\/logo\/image\/","url":"https:\/\/jovagro.pt\/wp-content\/uploads\/2019\/12\/7-01-01-scaled.jpg","contentUrl":"https:\/\/jovagro.pt\/wp-content\/uploads\/2019\/12\/7-01-01-scaled.jpg","width":2560,"height":893,"caption":"Jovagro"},"image":{"@id":"https:\/\/www.jovagro.pt\/#\/schema\/logo\/image\/"},"sameAs":["https:\/\/www.facebook.com\/Jovagro\/"]}]}},"_links":{"self":[{"href":"https:\/\/zapaf.pt\/en\/wp-json\/wp\/v2\/product\/38204","targetHints":{"allow":["GET"]}}],"collection":[{"href":"https:\/\/zapaf.pt\/en\/wp-json\/wp\/v2\/product"}],"about":[{"href":"https:\/\/zapaf.pt\/en\/wp-json\/wp\/v2\/types\/product"}],"wp:featuredmedia":[{"embeddable":true,"href":"https:\/\/zapaf.pt\/en\/wp-json\/wp\/v2\/media\/38206"}],"wp:attachment":[{"href":"https:\/\/zapaf.pt\/en\/wp-json\/wp\/v2\/media?parent=38204"}],"wp:term":[{"taxonomy":"product_brand","embeddable":true,"href":"https:\/\/zapaf.pt\/en\/wp-json\/wp\/v2\/product_brand?post=38204"},{"taxonomy":"product_cat","embeddable":true,"href":"https:\/\/zapaf.pt\/en\/wp-json\/wp\/v2\/product_cat?post=38204"},{"taxonomy":"product_tag","embeddable":true,"href":"https:\/\/zapaf.pt\/en\/wp-json\/wp\/v2\/product_tag?post=38204"}],"curies":[{"name":"wp","href":"https:\/\/api.w.org\/{rel}","templated":true}]}}