{"id":38215,"date":"2025-04-04T10:04:37","date_gmt":"2025-04-04T10:04:37","guid":{"rendered":"https:\/\/jovagro.pt\/?post_type=product&#038;p=38215"},"modified":"2025-04-29T13:11:38","modified_gmt":"2025-04-29T13:11:38","slug":"radisan-pro","status":"publish","type":"product","link":"https:\/\/zapaf.pt\/en\/shop\/inovabio\/bioprotetores-organicos-de-solo\/radisan-pro\/","title":{"rendered":"Radisan Pro\u00ae"},"content":{"rendered":"<style type=\"text\/css\"> \n#cmsms_row_69e0972f4f89c .cmsms_row_outer_parent { \n\tpadding-top: 0px; \n} \n\n#cmsms_row_69e0972f4f89c .cmsms_row_outer_parent { \n\tpadding-bottom: 50px; \n} \n\n<\/style><div id=\"cmsms_row_69e0972f4f89c\" class=\"cmsms_row cmsms_color_scheme_default\">\n<div class=\"cmsms_row_outer_parent\">\n<div class=\"cmsms_row_outer\">\n<div class=\"cmsms_row_inner\">\n<div class=\"cmsms_row_margin\">\n<div class=\"cmsms_column one_first\">\n<div class=\"cmsms_text\">\n<p>L-Amino\u00e1cidos livres 19,0 (%p\/p)<\/p>\n<p>Azoto 6.0 (%p\/p)<\/p>\n<p>Boro 0.05 (%p\/p)<\/p>\n<p>Mang\u00e2nes 2.0 (%p\/p)<\/p>\n<p>Molibd\u00eanio 0.10 (%p\/p)<\/p>\n<p>Zinco 0.20\u00a0 (%p\/p)<\/p>\n<\/div>\n<\/div>\n<\/div>\n<\/div>\n<\/div>\n<\/div>\n<\/div>","protected":false},"excerpt":{"rendered":"<p>Bioestimulante para o desenvolvimento das ra\u00edzes. Melhora a estrutura das ra\u00edzes e refor\u00e7a o estado geral da planta. \u00c9 rico em amino\u00e1cidos, microelementos e percursores das rotas de s\u00edntese de fitohormonas (auxininas, citoxinas e giberalinas). Cont\u00e9m metabolitos secund\u00e1rios de estirpe B25 de Lysobacter enzymogenes e Corynebacterium flavescens B2575, que favorecem a estimula\u00e7\u00e3o e prote\u00e7\u00e3o das ra\u00edzes. Durante o desenvolvimento radicular produzemmoleculas bioativas, com atividade similar \u00e0 das auxininas e segregam compostos que estimulam o crescimento da planta.<\/p>","protected":false},"featured_media":38217,"template":"","meta":{"_monsterinsights_skip_tracking":false,"_monsterinsights_sitenote_active":false,"_monsterinsights_sitenote_note":"","_monsterinsights_sitenote_category":0},"product_brand":[],"product_cat":[415,408],"product_tag":[],"class_list":{"0":"post-38215","1":"product","2":"type-product","3":"status-publish","4":"has-post-thumbnail","6":"product_cat-bioprotetores-organicos-de-solo","7":"product_cat-inovabio","9":"first","10":"instock","11":"taxable","12":"shipping-taxable","13":"purchasable","14":"product-type-variable"},"yoast_head":"<!-- This site is optimized with the Yoast SEO plugin v27.4 - https:\/\/yoast.com\/product\/yoast-seo-wordpress\/ -->\n<title>Radisan Pro\u00ae - Jovagro<\/title>\n<meta name=\"robots\" content=\"index, follow, max-snippet:-1, max-image-preview:large, max-video-preview:-1\" \/>\n<link rel=\"canonical\" href=\"https:\/\/www.jovagro.pt\/shop\/inovabio\/bioprotetores-organicos-de-solo\/radisan-pro\/\" \/>\n<meta property=\"og:locale\" content=\"en_GB\" \/>\n<meta property=\"og:type\" content=\"article\" \/>\n<meta property=\"og:title\" content=\"Radisan Pro\u00ae - Jovagro\" \/>\n<meta property=\"og:description\" content=\"Bioestimulante para o desenvolvimento das ra\u00edzes. Melhora a estrutura das ra\u00edzes e refor\u00e7a o estado geral da planta. \u00c9 rico em amino\u00e1cidos, microelementos e percursores das rotas de s\u00edntese de fitohormonas (auxininas, citoxinas e giberalinas). Cont\u00e9m metabolitos secund\u00e1rios de estirpe B25 de Lysobacter enzymogenes e Corynebacterium flavescens B2575, que favorecem a estimula\u00e7\u00e3o e prote\u00e7\u00e3o das ra\u00edzes. Durante o desenvolvimento radicular produzemmoleculas bioativas, com atividade similar \u00e0 das auxininas e segregam compostos que estimulam o crescimento da planta.\" \/>\n<meta property=\"og:url\" content=\"https:\/\/www.jovagro.pt\/shop\/inovabio\/bioprotetores-organicos-de-solo\/radisan-pro\/\" \/>\n<meta property=\"og:site_name\" content=\"Jovagro\" \/>\n<meta property=\"article:publisher\" content=\"https:\/\/www.facebook.com\/Jovagro\/\" \/>\n<meta property=\"article:modified_time\" content=\"2025-04-29T13:11:38+00:00\" \/>\n<meta property=\"og:image\" content=\"https:\/\/www.jovagro.pt\/wp-content\/uploads\/2025\/04\/BAG-RADISAN-PRO-25KG.png\" \/>\n\t<meta property=\"og:image:width\" content=\"1774\" \/>\n\t<meta property=\"og:image:height\" content=\"1774\" \/>\n\t<meta property=\"og:image:type\" content=\"image\/png\" \/>\n<meta name=\"twitter:card\" content=\"summary_large_image\" \/>\n<meta name=\"twitter:label1\" content=\"Estimated reading time\" \/>\n\t<meta name=\"twitter:data1\" content=\"1 minute\" \/>\n<script type=\"application\/ld+json\" class=\"yoast-schema-graph\">{\"@context\":\"https:\\\/\\\/schema.org\",\"@graph\":[{\"@type\":\"WebPage\",\"@id\":\"https:\\\/\\\/www.jovagro.pt\\\/shop\\\/inovabio\\\/bioprotetores-organicos-de-solo\\\/radisan-pro\\\/\",\"url\":\"https:\\\/\\\/www.jovagro.pt\\\/shop\\\/inovabio\\\/bioprotetores-organicos-de-solo\\\/radisan-pro\\\/\",\"name\":\"Radisan Pro\u00ae - Jovagro\",\"isPartOf\":{\"@id\":\"https:\\\/\\\/www.jovagro.pt\\\/#website\"},\"primaryImageOfPage\":{\"@id\":\"https:\\\/\\\/www.jovagro.pt\\\/shop\\\/inovabio\\\/bioprotetores-organicos-de-solo\\\/radisan-pro\\\/#primaryimage\"},\"image\":{\"@id\":\"https:\\\/\\\/www.jovagro.pt\\\/shop\\\/inovabio\\\/bioprotetores-organicos-de-solo\\\/radisan-pro\\\/#primaryimage\"},\"thumbnailUrl\":\"https:\\\/\\\/zapaf.pt\\\/wp-content\\\/uploads\\\/2025\\\/04\\\/BAG-RADISAN-PRO-25KG.png\",\"datePublished\":\"2025-04-04T10:04:37+00:00\",\"dateModified\":\"2025-04-29T13:11:38+00:00\",\"breadcrumb\":{\"@id\":\"https:\\\/\\\/www.jovagro.pt\\\/shop\\\/inovabio\\\/bioprotetores-organicos-de-solo\\\/radisan-pro\\\/#breadcrumb\"},\"inLanguage\":\"en-GB\",\"potentialAction\":[{\"@type\":\"ReadAction\",\"target\":[\"https:\\\/\\\/www.jovagro.pt\\\/shop\\\/inovabio\\\/bioprotetores-organicos-de-solo\\\/radisan-pro\\\/\"]}]},{\"@type\":\"ImageObject\",\"inLanguage\":\"en-GB\",\"@id\":\"https:\\\/\\\/www.jovagro.pt\\\/shop\\\/inovabio\\\/bioprotetores-organicos-de-solo\\\/radisan-pro\\\/#primaryimage\",\"url\":\"https:\\\/\\\/zapaf.pt\\\/wp-content\\\/uploads\\\/2025\\\/04\\\/BAG-RADISAN-PRO-25KG.png\",\"contentUrl\":\"https:\\\/\\\/zapaf.pt\\\/wp-content\\\/uploads\\\/2025\\\/04\\\/BAG-RADISAN-PRO-25KG.png\",\"width\":1774,\"height\":1774},{\"@type\":\"BreadcrumbList\",\"@id\":\"https:\\\/\\\/www.jovagro.pt\\\/shop\\\/inovabio\\\/bioprotetores-organicos-de-solo\\\/radisan-pro\\\/#breadcrumb\",\"itemListElement\":[{\"@type\":\"ListItem\",\"position\":1,\"name\":\"Home\",\"item\":\"https:\\\/\\\/www.jovagro.pt\\\/\"},{\"@type\":\"ListItem\",\"position\":2,\"name\":\"Loja\",\"item\":\"https:\\\/\\\/www.jovagro.pt\\\/loja\\\/\"},{\"@type\":\"ListItem\",\"position\":3,\"name\":\"Radisan Pro\u00ae\"}]},{\"@type\":\"WebSite\",\"@id\":\"https:\\\/\\\/www.jovagro.pt\\\/#website\",\"url\":\"https:\\\/\\\/www.jovagro.pt\\\/\",\"name\":\"Jovagro\",\"description\":\"Sempre com a Natureza\",\"publisher\":{\"@id\":\"https:\\\/\\\/www.jovagro.pt\\\/#organization\"},\"potentialAction\":[{\"@type\":\"SearchAction\",\"target\":{\"@type\":\"EntryPoint\",\"urlTemplate\":\"https:\\\/\\\/www.jovagro.pt\\\/?s={search_term_string}\"},\"query-input\":{\"@type\":\"PropertyValueSpecification\",\"valueRequired\":true,\"valueName\":\"search_term_string\"}}],\"inLanguage\":\"en-GB\"},{\"@type\":\"Organization\",\"@id\":\"https:\\\/\\\/www.jovagro.pt\\\/#organization\",\"name\":\"Jovagro\",\"url\":\"https:\\\/\\\/www.jovagro.pt\\\/\",\"logo\":{\"@type\":\"ImageObject\",\"inLanguage\":\"en-GB\",\"@id\":\"https:\\\/\\\/www.jovagro.pt\\\/#\\\/schema\\\/logo\\\/image\\\/\",\"url\":\"https:\\\/\\\/jovagro.pt\\\/wp-content\\\/uploads\\\/2019\\\/12\\\/7-01-01-scaled.jpg\",\"contentUrl\":\"https:\\\/\\\/jovagro.pt\\\/wp-content\\\/uploads\\\/2019\\\/12\\\/7-01-01-scaled.jpg\",\"width\":2560,\"height\":893,\"caption\":\"Jovagro\"},\"image\":{\"@id\":\"https:\\\/\\\/www.jovagro.pt\\\/#\\\/schema\\\/logo\\\/image\\\/\"},\"sameAs\":[\"https:\\\/\\\/www.facebook.com\\\/Jovagro\\\/\"]}]}<\/script>\n<!-- \/ Yoast SEO plugin. -->","yoast_head_json":{"title":"Radisan Pro\u00ae - Jovagro","robots":{"index":"index","follow":"follow","max-snippet":"max-snippet:-1","max-image-preview":"max-image-preview:large","max-video-preview":"max-video-preview:-1"},"canonical":"https:\/\/www.jovagro.pt\/shop\/inovabio\/bioprotetores-organicos-de-solo\/radisan-pro\/","og_locale":"en_GB","og_type":"article","og_title":"Radisan Pro\u00ae - Jovagro","og_description":"Bioestimulante para o desenvolvimento das ra\u00edzes. Melhora a estrutura das ra\u00edzes e refor\u00e7a o estado geral da planta. \u00c9 rico em amino\u00e1cidos, microelementos e percursores das rotas de s\u00edntese de fitohormonas (auxininas, citoxinas e giberalinas). Cont\u00e9m metabolitos secund\u00e1rios de estirpe B25 de Lysobacter enzymogenes e Corynebacterium flavescens B2575, que favorecem a estimula\u00e7\u00e3o e prote\u00e7\u00e3o das ra\u00edzes. Durante o desenvolvimento radicular produzemmoleculas bioativas, com atividade similar \u00e0 das auxininas e segregam compostos que estimulam o crescimento da planta.","og_url":"https:\/\/www.jovagro.pt\/shop\/inovabio\/bioprotetores-organicos-de-solo\/radisan-pro\/","og_site_name":"Jovagro","article_publisher":"https:\/\/www.facebook.com\/Jovagro\/","article_modified_time":"2025-04-29T13:11:38+00:00","og_image":[{"width":1774,"height":1774,"url":"https:\/\/www.jovagro.pt\/wp-content\/uploads\/2025\/04\/BAG-RADISAN-PRO-25KG.png","type":"image\/png"}],"twitter_card":"summary_large_image","twitter_misc":{"Estimated reading time":"1 minute"},"schema":{"@context":"https:\/\/schema.org","@graph":[{"@type":"WebPage","@id":"https:\/\/www.jovagro.pt\/shop\/inovabio\/bioprotetores-organicos-de-solo\/radisan-pro\/","url":"https:\/\/www.jovagro.pt\/shop\/inovabio\/bioprotetores-organicos-de-solo\/radisan-pro\/","name":"Radisan Pro\u00ae - Jovagro","isPartOf":{"@id":"https:\/\/www.jovagro.pt\/#website"},"primaryImageOfPage":{"@id":"https:\/\/www.jovagro.pt\/shop\/inovabio\/bioprotetores-organicos-de-solo\/radisan-pro\/#primaryimage"},"image":{"@id":"https:\/\/www.jovagro.pt\/shop\/inovabio\/bioprotetores-organicos-de-solo\/radisan-pro\/#primaryimage"},"thumbnailUrl":"https:\/\/zapaf.pt\/wp-content\/uploads\/2025\/04\/BAG-RADISAN-PRO-25KG.png","datePublished":"2025-04-04T10:04:37+00:00","dateModified":"2025-04-29T13:11:38+00:00","breadcrumb":{"@id":"https:\/\/www.jovagro.pt\/shop\/inovabio\/bioprotetores-organicos-de-solo\/radisan-pro\/#breadcrumb"},"inLanguage":"en-GB","potentialAction":[{"@type":"ReadAction","target":["https:\/\/www.jovagro.pt\/shop\/inovabio\/bioprotetores-organicos-de-solo\/radisan-pro\/"]}]},{"@type":"ImageObject","inLanguage":"en-GB","@id":"https:\/\/www.jovagro.pt\/shop\/inovabio\/bioprotetores-organicos-de-solo\/radisan-pro\/#primaryimage","url":"https:\/\/zapaf.pt\/wp-content\/uploads\/2025\/04\/BAG-RADISAN-PRO-25KG.png","contentUrl":"https:\/\/zapaf.pt\/wp-content\/uploads\/2025\/04\/BAG-RADISAN-PRO-25KG.png","width":1774,"height":1774},{"@type":"BreadcrumbList","@id":"https:\/\/www.jovagro.pt\/shop\/inovabio\/bioprotetores-organicos-de-solo\/radisan-pro\/#breadcrumb","itemListElement":[{"@type":"ListItem","position":1,"name":"Home","item":"https:\/\/www.jovagro.pt\/"},{"@type":"ListItem","position":2,"name":"Loja","item":"https:\/\/www.jovagro.pt\/loja\/"},{"@type":"ListItem","position":3,"name":"Radisan Pro\u00ae"}]},{"@type":"WebSite","@id":"https:\/\/www.jovagro.pt\/#website","url":"https:\/\/www.jovagro.pt\/","name":"Jovagro","description":"Sempre com a Natureza","publisher":{"@id":"https:\/\/www.jovagro.pt\/#organization"},"potentialAction":[{"@type":"SearchAction","target":{"@type":"EntryPoint","urlTemplate":"https:\/\/www.jovagro.pt\/?s={search_term_string}"},"query-input":{"@type":"PropertyValueSpecification","valueRequired":true,"valueName":"search_term_string"}}],"inLanguage":"en-GB"},{"@type":"Organization","@id":"https:\/\/www.jovagro.pt\/#organization","name":"Jovagro","url":"https:\/\/www.jovagro.pt\/","logo":{"@type":"ImageObject","inLanguage":"en-GB","@id":"https:\/\/www.jovagro.pt\/#\/schema\/logo\/image\/","url":"https:\/\/jovagro.pt\/wp-content\/uploads\/2019\/12\/7-01-01-scaled.jpg","contentUrl":"https:\/\/jovagro.pt\/wp-content\/uploads\/2019\/12\/7-01-01-scaled.jpg","width":2560,"height":893,"caption":"Jovagro"},"image":{"@id":"https:\/\/www.jovagro.pt\/#\/schema\/logo\/image\/"},"sameAs":["https:\/\/www.facebook.com\/Jovagro\/"]}]}},"_links":{"self":[{"href":"https:\/\/zapaf.pt\/en\/wp-json\/wp\/v2\/product\/38215","targetHints":{"allow":["GET"]}}],"collection":[{"href":"https:\/\/zapaf.pt\/en\/wp-json\/wp\/v2\/product"}],"about":[{"href":"https:\/\/zapaf.pt\/en\/wp-json\/wp\/v2\/types\/product"}],"wp:featuredmedia":[{"embeddable":true,"href":"https:\/\/zapaf.pt\/en\/wp-json\/wp\/v2\/media\/38217"}],"wp:attachment":[{"href":"https:\/\/zapaf.pt\/en\/wp-json\/wp\/v2\/media?parent=38215"}],"wp:term":[{"taxonomy":"product_brand","embeddable":true,"href":"https:\/\/zapaf.pt\/en\/wp-json\/wp\/v2\/product_brand?post=38215"},{"taxonomy":"product_cat","embeddable":true,"href":"https:\/\/zapaf.pt\/en\/wp-json\/wp\/v2\/product_cat?post=38215"},{"taxonomy":"product_tag","embeddable":true,"href":"https:\/\/zapaf.pt\/en\/wp-json\/wp\/v2\/product_tag?post=38215"}],"curies":[{"name":"wp","href":"https:\/\/api.w.org\/{rel}","templated":true}]}}