{"id":38294,"date":"2025-04-07T16:13:55","date_gmt":"2025-04-07T16:13:55","guid":{"rendered":"https:\/\/jovagro.pt\/?post_type=product&#038;p=38294"},"modified":"2025-04-22T11:13:23","modified_gmt":"2025-04-22T11:13:23","slug":"keynyl","status":"publish","type":"product","link":"https:\/\/zapaf.pt\/en\/shop\/fitofarmacos\/herbicidas\/keynyl\/","title":{"rendered":"Keynyl\u00ae"},"content":{"rendered":"<style type=\"text\/css\"> \n#cmsms_row_69e10970bb66c .cmsms_row_outer_parent { \n\tpadding-top: 0px; \n} \n\n#cmsms_row_69e10970bb66c .cmsms_row_outer_parent { \n\tpadding-bottom: 50px; \n} \n\n<\/style><div id=\"cmsms_row_69e10970bb66c\" class=\"cmsms_row cmsms_color_scheme_default\">\n<div class=\"cmsms_row_outer_parent\">\n<div class=\"cmsms_row_outer\">\n<div class=\"cmsms_row_inner\">\n<div class=\"cmsms_row_margin\">\n<div class=\"cmsms_column one_first\">\n<div class=\"cmsms_text\">\n<p><b>Fluroxipir 19,40% (p\/p)\u00a0<\/b><\/p>\n<\/div>\n<\/div>\n<\/div>\n<\/div>\n<\/div>\n<\/div>\n<\/div>","protected":false},"excerpt":{"rendered":"<p>Herbicida sist\u00e9mico de p\u00f3s-emerg\u00eancia contra infestantes dicotiled\u00f3neas anuais\u00a0 em cereais, pom\u00f3ideas, citrinos, olivais e relvados. Tem absor\u00e7\u00e3o foliar e radicular, transloca\u00e7\u00e3o atrav\u00e9s do simplasto e do apoplasto com acumula\u00e7\u00e3o nos tecidos meristem\u00e1ticos. Inibe o desenvolvimento celular (atua como o \u00e1cido indolac\u00e9tico, IAA).<\/p>","protected":false},"featured_media":38299,"template":"","meta":{"_monsterinsights_skip_tracking":false,"_monsterinsights_sitenote_active":false,"_monsterinsights_sitenote_note":"","_monsterinsights_sitenote_category":0},"product_brand":[],"product_cat":[407,568],"product_tag":[],"class_list":{"0":"post-38294","1":"product","2":"type-product","3":"status-publish","4":"has-post-thumbnail","6":"product_cat-fitofarmacos","7":"product_cat-herbicidas","9":"first","10":"instock","11":"taxable","12":"shipping-taxable","13":"purchasable","14":"product-type-variable"},"yoast_head":"<!-- This site is optimized with the Yoast SEO plugin v27.4 - https:\/\/yoast.com\/product\/yoast-seo-wordpress\/ -->\n<title>Keynyl\u00ae - Jovagro<\/title>\n<meta name=\"robots\" content=\"index, follow, max-snippet:-1, max-image-preview:large, max-video-preview:-1\" \/>\n<link rel=\"canonical\" href=\"https:\/\/jovagro.pt\/en\/shop\/fitofarmacos\/herbicidas\/keynyl\/\" \/>\n<meta property=\"og:locale\" content=\"en_GB\" \/>\n<meta property=\"og:type\" content=\"article\" \/>\n<meta property=\"og:title\" content=\"Keynyl\u00ae - Jovagro\" \/>\n<meta property=\"og:description\" content=\"Herbicida sist\u00e9mico de p\u00f3s-emerg\u00eancia contra infestantes dicotiled\u00f3neas anuais\u00a0 em cereais, pom\u00f3ideas, citrinos, olivais e relvados. Tem absor\u00e7\u00e3o foliar e radicular, transloca\u00e7\u00e3o atrav\u00e9s do simplasto e do apoplasto com acumula\u00e7\u00e3o nos tecidos meristem\u00e1ticos. Inibe o desenvolvimento celular (atua como o \u00e1cido indolac\u00e9tico, IAA).\" \/>\n<meta property=\"og:url\" content=\"https:\/\/jovagro.pt\/en\/shop\/fitofarmacos\/herbicidas\/keynyl\/\" \/>\n<meta property=\"og:site_name\" content=\"Jovagro\" \/>\n<meta property=\"article:publisher\" content=\"https:\/\/www.facebook.com\/Jovagro\/\" \/>\n<meta property=\"article:modified_time\" content=\"2025-04-22T11:13:23+00:00\" \/>\n<meta property=\"og:image\" content=\"https:\/\/jovagro.pt\/wp-content\/uploads\/2025\/04\/Insectoil-Key-1.png\" \/>\n\t<meta property=\"og:image:width\" content=\"1774\" \/>\n\t<meta property=\"og:image:height\" content=\"1774\" \/>\n\t<meta property=\"og:image:type\" content=\"image\/png\" \/>\n<meta name=\"twitter:card\" content=\"summary_large_image\" \/>\n<meta name=\"twitter:label1\" content=\"Estimated reading time\" \/>\n\t<meta name=\"twitter:data1\" content=\"1 minute\" \/>\n<script type=\"application\/ld+json\" class=\"yoast-schema-graph\">{\"@context\":\"https:\\\/\\\/schema.org\",\"@graph\":[{\"@type\":\"WebPage\",\"@id\":\"https:\\\/\\\/jovagro.pt\\\/en\\\/shop\\\/fitofarmacos\\\/herbicidas\\\/keynyl\\\/\",\"url\":\"https:\\\/\\\/jovagro.pt\\\/en\\\/shop\\\/fitofarmacos\\\/herbicidas\\\/keynyl\\\/\",\"name\":\"Keynyl\u00ae - Jovagro\",\"isPartOf\":{\"@id\":\"https:\\\/\\\/www.jovagro.pt\\\/#website\"},\"primaryImageOfPage\":{\"@id\":\"https:\\\/\\\/jovagro.pt\\\/en\\\/shop\\\/fitofarmacos\\\/herbicidas\\\/keynyl\\\/#primaryimage\"},\"image\":{\"@id\":\"https:\\\/\\\/jovagro.pt\\\/en\\\/shop\\\/fitofarmacos\\\/herbicidas\\\/keynyl\\\/#primaryimage\"},\"thumbnailUrl\":\"https:\\\/\\\/zapaf.pt\\\/wp-content\\\/uploads\\\/2025\\\/04\\\/Insectoil-Key-1.png\",\"datePublished\":\"2025-04-07T16:13:55+00:00\",\"dateModified\":\"2025-04-22T11:13:23+00:00\",\"breadcrumb\":{\"@id\":\"https:\\\/\\\/jovagro.pt\\\/en\\\/shop\\\/fitofarmacos\\\/herbicidas\\\/keynyl\\\/#breadcrumb\"},\"inLanguage\":\"en-GB\",\"potentialAction\":[{\"@type\":\"ReadAction\",\"target\":[\"https:\\\/\\\/jovagro.pt\\\/en\\\/shop\\\/fitofarmacos\\\/herbicidas\\\/keynyl\\\/\"]}]},{\"@type\":\"ImageObject\",\"inLanguage\":\"en-GB\",\"@id\":\"https:\\\/\\\/jovagro.pt\\\/en\\\/shop\\\/fitofarmacos\\\/herbicidas\\\/keynyl\\\/#primaryimage\",\"url\":\"https:\\\/\\\/zapaf.pt\\\/wp-content\\\/uploads\\\/2025\\\/04\\\/Insectoil-Key-1.png\",\"contentUrl\":\"https:\\\/\\\/zapaf.pt\\\/wp-content\\\/uploads\\\/2025\\\/04\\\/Insectoil-Key-1.png\",\"width\":1774,\"height\":1774},{\"@type\":\"BreadcrumbList\",\"@id\":\"https:\\\/\\\/jovagro.pt\\\/en\\\/shop\\\/fitofarmacos\\\/herbicidas\\\/keynyl\\\/#breadcrumb\",\"itemListElement\":[{\"@type\":\"ListItem\",\"position\":1,\"name\":\"Home\",\"item\":\"https:\\\/\\\/www.jovagro.pt\\\/\"},{\"@type\":\"ListItem\",\"position\":2,\"name\":\"Loja\",\"item\":\"https:\\\/\\\/www.jovagro.pt\\\/loja\\\/\"},{\"@type\":\"ListItem\",\"position\":3,\"name\":\"Keynyl\u00ae\"}]},{\"@type\":\"WebSite\",\"@id\":\"https:\\\/\\\/www.jovagro.pt\\\/#website\",\"url\":\"https:\\\/\\\/www.jovagro.pt\\\/\",\"name\":\"Jovagro\",\"description\":\"Sempre com a Natureza\",\"publisher\":{\"@id\":\"https:\\\/\\\/www.jovagro.pt\\\/#organization\"},\"potentialAction\":[{\"@type\":\"SearchAction\",\"target\":{\"@type\":\"EntryPoint\",\"urlTemplate\":\"https:\\\/\\\/www.jovagro.pt\\\/?s={search_term_string}\"},\"query-input\":{\"@type\":\"PropertyValueSpecification\",\"valueRequired\":true,\"valueName\":\"search_term_string\"}}],\"inLanguage\":\"en-GB\"},{\"@type\":\"Organization\",\"@id\":\"https:\\\/\\\/www.jovagro.pt\\\/#organization\",\"name\":\"Jovagro\",\"url\":\"https:\\\/\\\/www.jovagro.pt\\\/\",\"logo\":{\"@type\":\"ImageObject\",\"inLanguage\":\"en-GB\",\"@id\":\"https:\\\/\\\/www.jovagro.pt\\\/#\\\/schema\\\/logo\\\/image\\\/\",\"url\":\"https:\\\/\\\/jovagro.pt\\\/wp-content\\\/uploads\\\/2019\\\/12\\\/7-01-01-scaled.jpg\",\"contentUrl\":\"https:\\\/\\\/jovagro.pt\\\/wp-content\\\/uploads\\\/2019\\\/12\\\/7-01-01-scaled.jpg\",\"width\":2560,\"height\":893,\"caption\":\"Jovagro\"},\"image\":{\"@id\":\"https:\\\/\\\/www.jovagro.pt\\\/#\\\/schema\\\/logo\\\/image\\\/\"},\"sameAs\":[\"https:\\\/\\\/www.facebook.com\\\/Jovagro\\\/\"]}]}<\/script>\n<!-- \/ Yoast SEO plugin. -->","yoast_head_json":{"title":"Keynyl\u00ae - Jovagro","robots":{"index":"index","follow":"follow","max-snippet":"max-snippet:-1","max-image-preview":"max-image-preview:large","max-video-preview":"max-video-preview:-1"},"canonical":"https:\/\/jovagro.pt\/en\/shop\/fitofarmacos\/herbicidas\/keynyl\/","og_locale":"en_GB","og_type":"article","og_title":"Keynyl\u00ae - Jovagro","og_description":"Herbicida sist\u00e9mico de p\u00f3s-emerg\u00eancia contra infestantes dicotiled\u00f3neas anuais\u00a0 em cereais, pom\u00f3ideas, citrinos, olivais e relvados. Tem absor\u00e7\u00e3o foliar e radicular, transloca\u00e7\u00e3o atrav\u00e9s do simplasto e do apoplasto com acumula\u00e7\u00e3o nos tecidos meristem\u00e1ticos. Inibe o desenvolvimento celular (atua como o \u00e1cido indolac\u00e9tico, IAA).","og_url":"https:\/\/jovagro.pt\/en\/shop\/fitofarmacos\/herbicidas\/keynyl\/","og_site_name":"Jovagro","article_publisher":"https:\/\/www.facebook.com\/Jovagro\/","article_modified_time":"2025-04-22T11:13:23+00:00","og_image":[{"width":1774,"height":1774,"url":"https:\/\/jovagro.pt\/wp-content\/uploads\/2025\/04\/Insectoil-Key-1.png","type":"image\/png"}],"twitter_card":"summary_large_image","twitter_misc":{"Estimated reading time":"1 minute"},"schema":{"@context":"https:\/\/schema.org","@graph":[{"@type":"WebPage","@id":"https:\/\/jovagro.pt\/en\/shop\/fitofarmacos\/herbicidas\/keynyl\/","url":"https:\/\/jovagro.pt\/en\/shop\/fitofarmacos\/herbicidas\/keynyl\/","name":"Keynyl\u00ae - Jovagro","isPartOf":{"@id":"https:\/\/www.jovagro.pt\/#website"},"primaryImageOfPage":{"@id":"https:\/\/jovagro.pt\/en\/shop\/fitofarmacos\/herbicidas\/keynyl\/#primaryimage"},"image":{"@id":"https:\/\/jovagro.pt\/en\/shop\/fitofarmacos\/herbicidas\/keynyl\/#primaryimage"},"thumbnailUrl":"https:\/\/zapaf.pt\/wp-content\/uploads\/2025\/04\/Insectoil-Key-1.png","datePublished":"2025-04-07T16:13:55+00:00","dateModified":"2025-04-22T11:13:23+00:00","breadcrumb":{"@id":"https:\/\/jovagro.pt\/en\/shop\/fitofarmacos\/herbicidas\/keynyl\/#breadcrumb"},"inLanguage":"en-GB","potentialAction":[{"@type":"ReadAction","target":["https:\/\/jovagro.pt\/en\/shop\/fitofarmacos\/herbicidas\/keynyl\/"]}]},{"@type":"ImageObject","inLanguage":"en-GB","@id":"https:\/\/jovagro.pt\/en\/shop\/fitofarmacos\/herbicidas\/keynyl\/#primaryimage","url":"https:\/\/zapaf.pt\/wp-content\/uploads\/2025\/04\/Insectoil-Key-1.png","contentUrl":"https:\/\/zapaf.pt\/wp-content\/uploads\/2025\/04\/Insectoil-Key-1.png","width":1774,"height":1774},{"@type":"BreadcrumbList","@id":"https:\/\/jovagro.pt\/en\/shop\/fitofarmacos\/herbicidas\/keynyl\/#breadcrumb","itemListElement":[{"@type":"ListItem","position":1,"name":"Home","item":"https:\/\/www.jovagro.pt\/"},{"@type":"ListItem","position":2,"name":"Loja","item":"https:\/\/www.jovagro.pt\/loja\/"},{"@type":"ListItem","position":3,"name":"Keynyl\u00ae"}]},{"@type":"WebSite","@id":"https:\/\/www.jovagro.pt\/#website","url":"https:\/\/www.jovagro.pt\/","name":"Jovagro","description":"Sempre com a Natureza","publisher":{"@id":"https:\/\/www.jovagro.pt\/#organization"},"potentialAction":[{"@type":"SearchAction","target":{"@type":"EntryPoint","urlTemplate":"https:\/\/www.jovagro.pt\/?s={search_term_string}"},"query-input":{"@type":"PropertyValueSpecification","valueRequired":true,"valueName":"search_term_string"}}],"inLanguage":"en-GB"},{"@type":"Organization","@id":"https:\/\/www.jovagro.pt\/#organization","name":"Jovagro","url":"https:\/\/www.jovagro.pt\/","logo":{"@type":"ImageObject","inLanguage":"en-GB","@id":"https:\/\/www.jovagro.pt\/#\/schema\/logo\/image\/","url":"https:\/\/jovagro.pt\/wp-content\/uploads\/2019\/12\/7-01-01-scaled.jpg","contentUrl":"https:\/\/jovagro.pt\/wp-content\/uploads\/2019\/12\/7-01-01-scaled.jpg","width":2560,"height":893,"caption":"Jovagro"},"image":{"@id":"https:\/\/www.jovagro.pt\/#\/schema\/logo\/image\/"},"sameAs":["https:\/\/www.facebook.com\/Jovagro\/"]}]}},"_links":{"self":[{"href":"https:\/\/zapaf.pt\/en\/wp-json\/wp\/v2\/product\/38294","targetHints":{"allow":["GET"]}}],"collection":[{"href":"https:\/\/zapaf.pt\/en\/wp-json\/wp\/v2\/product"}],"about":[{"href":"https:\/\/zapaf.pt\/en\/wp-json\/wp\/v2\/types\/product"}],"wp:featuredmedia":[{"embeddable":true,"href":"https:\/\/zapaf.pt\/en\/wp-json\/wp\/v2\/media\/38299"}],"wp:attachment":[{"href":"https:\/\/zapaf.pt\/en\/wp-json\/wp\/v2\/media?parent=38294"}],"wp:term":[{"taxonomy":"product_brand","embeddable":true,"href":"https:\/\/zapaf.pt\/en\/wp-json\/wp\/v2\/product_brand?post=38294"},{"taxonomy":"product_cat","embeddable":true,"href":"https:\/\/zapaf.pt\/en\/wp-json\/wp\/v2\/product_cat?post=38294"},{"taxonomy":"product_tag","embeddable":true,"href":"https:\/\/zapaf.pt\/en\/wp-json\/wp\/v2\/product_tag?post=38294"}],"curies":[{"name":"wp","href":"https:\/\/api.w.org\/{rel}","templated":true}]}}