{"id":38387,"date":"2025-05-06T15:14:03","date_gmt":"2025-05-06T15:14:03","guid":{"rendered":"https:\/\/jovagro.pt\/?post_type=product&#038;p=38387"},"modified":"2025-05-06T15:31:45","modified_gmt":"2025-05-06T15:31:45","slug":"naturcalcisoil","status":"publish","type":"product","link":"https:\/\/zapaf.pt\/en\/shop\/inovabio\/fitonutricao\/materias-organicas\/naturcalcisoil\/","title":{"rendered":"NaturCalcisoil\u00ae"},"content":{"rendered":"<style type=\"text\/css\"> \n#cmsms_row_69e06432aab53 .cmsms_row_outer_parent { \n\tpadding-top: 0px; \n} \n\n#cmsms_row_69e06432aab53 .cmsms_row_outer_parent { \n\tpadding-bottom: 50px; \n} \n\n<\/style><div id=\"cmsms_row_69e06432aab53\" class=\"cmsms_row cmsms_color_scheme_default\">\n<div class=\"cmsms_row_outer_parent\">\n<div class=\"cmsms_row_outer\">\n<div class=\"cmsms_row_inner\">\n<div class=\"cmsms_row_margin\">\n<div class=\"cmsms_column one_first\">\n<div class=\"custom_html\">\n<table class=\"woocommerce-product-attributes shop_attributes\">\n<tbody>\n<tr class=\"woocommerce-product-attributes-item woocommerce-product-attributes-item--attribute_pa_aplicacao\">\n<th class=\"woocommerce-product-attributes-item__label\">C\u00e1lcio<\/th>\n<td class=\"woocommerce-product-attributes-item__value\">12,7 % p\/p (18,0% p\/v)<\/td>\n<\/tr>\n<\/tbody>\n<\/table>\n<\/div>\n<\/div>\n<div class=\"cmsms_column one_first\">\n<\/div>\n<\/div>\n<\/div>\n<\/div>\n<\/div>\n<\/div>","protected":false},"excerpt":{"rendered":"<p style=\"text-align: left;\">Naturcalcisoil\u00ae \u00c9 um corretor de car\u00eancias de c\u00e1lcio, desenhado para aplica\u00e7\u00e3o via rega. est\u00e1 formulado com c\u00e1lcio e uma elevada concentra\u00e7\u00e3o de \u00e1cidos polihidroxicarbox\u00edlicos 35% p\/v para melhorar a absor\u00e7\u00e3o do c\u00e1lcio, a sua aplica\u00e7\u00e3o melhora a atividade e desenvolvimento radicular.<\/p>\n<p><strong>\u00a0<\/strong><\/p>","protected":false},"featured_media":38391,"template":"","meta":{"_monsterinsights_skip_tracking":false,"_monsterinsights_sitenote_active":false,"_monsterinsights_sitenote_note":"","_monsterinsights_sitenote_category":0},"product_brand":[],"product_cat":[539,516,408,531,534],"product_tag":[],"class_list":{"0":"post-38387","1":"product","2":"type-product","3":"status-publish","4":"has-post-thumbnail","6":"product_cat-bioativadores","7":"product_cat-fitonutricao","8":"product_cat-inovabio","9":"product_cat-materias-organicas","10":"product_cat-nutricao","12":"first","13":"instock","14":"taxable","15":"shipping-taxable","16":"purchasable","17":"product-type-variable"},"yoast_head":"<!-- This site is optimized with the Yoast SEO plugin v27.4 - https:\/\/yoast.com\/product\/yoast-seo-wordpress\/ -->\n<title>NaturCalcisoil\u00ae - Jovagro<\/title>\n<meta name=\"robots\" content=\"index, follow, max-snippet:-1, max-image-preview:large, max-video-preview:-1\" \/>\n<link rel=\"canonical\" href=\"https:\/\/www.manonunes.pt\/shop\/inovabio\/fitonutricao\/materias-organicas\/naturcalcisoil\/\" \/>\n<meta property=\"og:locale\" content=\"en_GB\" \/>\n<meta property=\"og:type\" content=\"article\" \/>\n<meta property=\"og:title\" content=\"NaturCalcisoil\u00ae - Jovagro\" \/>\n<meta property=\"og:description\" content=\"Naturcalcisoil\u00ae \u00c9 um corretor de car\u00eancias de c\u00e1lcio, desenhado para aplica\u00e7\u00e3o via rega. est\u00e1 formulado com c\u00e1lcio e uma elevada concentra\u00e7\u00e3o de \u00e1cidos polihidroxicarbox\u00edlicos 35% p\/v para melhorar a absor\u00e7\u00e3o do c\u00e1lcio, a sua aplica\u00e7\u00e3o melhora a atividade e desenvolvimento radicular. \u00a0\" \/>\n<meta property=\"og:url\" content=\"https:\/\/www.manonunes.pt\/shop\/inovabio\/fitonutricao\/materias-organicas\/naturcalcisoil\/\" \/>\n<meta property=\"og:site_name\" content=\"Jovagro\" \/>\n<meta property=\"article:publisher\" content=\"https:\/\/www.facebook.com\/Jovagro\/\" \/>\n<meta property=\"article:modified_time\" content=\"2025-05-06T15:31:45+00:00\" \/>\n<meta property=\"og:image\" content=\"https:\/\/www.manonunes.pt\/wp-content\/uploads\/2025\/05\/NaturCalcisoil_5L-768x1171-1.png\" \/>\n\t<meta property=\"og:image:width\" content=\"626\" \/>\n\t<meta property=\"og:image:height\" content=\"626\" \/>\n\t<meta property=\"og:image:type\" content=\"image\/png\" \/>\n<meta name=\"twitter:card\" content=\"summary_large_image\" \/>\n<meta name=\"twitter:label1\" content=\"Estimated reading time\" \/>\n\t<meta name=\"twitter:data1\" content=\"1 minute\" \/>\n<script type=\"application\/ld+json\" class=\"yoast-schema-graph\">{\"@context\":\"https:\\\/\\\/schema.org\",\"@graph\":[{\"@type\":\"WebPage\",\"@id\":\"https:\\\/\\\/www.manonunes.pt\\\/shop\\\/inovabio\\\/fitonutricao\\\/materias-organicas\\\/naturcalcisoil\\\/\",\"url\":\"https:\\\/\\\/www.manonunes.pt\\\/shop\\\/inovabio\\\/fitonutricao\\\/materias-organicas\\\/naturcalcisoil\\\/\",\"name\":\"NaturCalcisoil\u00ae - Jovagro\",\"isPartOf\":{\"@id\":\"https:\\\/\\\/www.jovagro.pt\\\/#website\"},\"primaryImageOfPage\":{\"@id\":\"https:\\\/\\\/www.manonunes.pt\\\/shop\\\/inovabio\\\/fitonutricao\\\/materias-organicas\\\/naturcalcisoil\\\/#primaryimage\"},\"image\":{\"@id\":\"https:\\\/\\\/www.manonunes.pt\\\/shop\\\/inovabio\\\/fitonutricao\\\/materias-organicas\\\/naturcalcisoil\\\/#primaryimage\"},\"thumbnailUrl\":\"https:\\\/\\\/zapaf.pt\\\/wp-content\\\/uploads\\\/2025\\\/05\\\/NaturCalcisoil_5L-768x1171-1.png\",\"datePublished\":\"2025-05-06T15:14:03+00:00\",\"dateModified\":\"2025-05-06T15:31:45+00:00\",\"breadcrumb\":{\"@id\":\"https:\\\/\\\/www.manonunes.pt\\\/shop\\\/inovabio\\\/fitonutricao\\\/materias-organicas\\\/naturcalcisoil\\\/#breadcrumb\"},\"inLanguage\":\"en-GB\",\"potentialAction\":[{\"@type\":\"ReadAction\",\"target\":[\"https:\\\/\\\/www.manonunes.pt\\\/shop\\\/inovabio\\\/fitonutricao\\\/materias-organicas\\\/naturcalcisoil\\\/\"]}]},{\"@type\":\"ImageObject\",\"inLanguage\":\"en-GB\",\"@id\":\"https:\\\/\\\/www.manonunes.pt\\\/shop\\\/inovabio\\\/fitonutricao\\\/materias-organicas\\\/naturcalcisoil\\\/#primaryimage\",\"url\":\"https:\\\/\\\/zapaf.pt\\\/wp-content\\\/uploads\\\/2025\\\/05\\\/NaturCalcisoil_5L-768x1171-1.png\",\"contentUrl\":\"https:\\\/\\\/zapaf.pt\\\/wp-content\\\/uploads\\\/2025\\\/05\\\/NaturCalcisoil_5L-768x1171-1.png\",\"width\":626,\"height\":626},{\"@type\":\"BreadcrumbList\",\"@id\":\"https:\\\/\\\/www.manonunes.pt\\\/shop\\\/inovabio\\\/fitonutricao\\\/materias-organicas\\\/naturcalcisoil\\\/#breadcrumb\",\"itemListElement\":[{\"@type\":\"ListItem\",\"position\":1,\"name\":\"Home\",\"item\":\"https:\\\/\\\/www.jovagro.pt\\\/\"},{\"@type\":\"ListItem\",\"position\":2,\"name\":\"Loja\",\"item\":\"https:\\\/\\\/www.jovagro.pt\\\/loja\\\/\"},{\"@type\":\"ListItem\",\"position\":3,\"name\":\"NaturCalcisoil\u00ae\"}]},{\"@type\":\"WebSite\",\"@id\":\"https:\\\/\\\/www.jovagro.pt\\\/#website\",\"url\":\"https:\\\/\\\/www.jovagro.pt\\\/\",\"name\":\"Jovagro\",\"description\":\"Sempre com a Natureza\",\"publisher\":{\"@id\":\"https:\\\/\\\/www.jovagro.pt\\\/#organization\"},\"potentialAction\":[{\"@type\":\"SearchAction\",\"target\":{\"@type\":\"EntryPoint\",\"urlTemplate\":\"https:\\\/\\\/www.jovagro.pt\\\/?s={search_term_string}\"},\"query-input\":{\"@type\":\"PropertyValueSpecification\",\"valueRequired\":true,\"valueName\":\"search_term_string\"}}],\"inLanguage\":\"en-GB\"},{\"@type\":\"Organization\",\"@id\":\"https:\\\/\\\/www.jovagro.pt\\\/#organization\",\"name\":\"Jovagro\",\"url\":\"https:\\\/\\\/www.jovagro.pt\\\/\",\"logo\":{\"@type\":\"ImageObject\",\"inLanguage\":\"en-GB\",\"@id\":\"https:\\\/\\\/www.jovagro.pt\\\/#\\\/schema\\\/logo\\\/image\\\/\",\"url\":\"https:\\\/\\\/jovagro.pt\\\/wp-content\\\/uploads\\\/2019\\\/12\\\/7-01-01-scaled.jpg\",\"contentUrl\":\"https:\\\/\\\/jovagro.pt\\\/wp-content\\\/uploads\\\/2019\\\/12\\\/7-01-01-scaled.jpg\",\"width\":2560,\"height\":893,\"caption\":\"Jovagro\"},\"image\":{\"@id\":\"https:\\\/\\\/www.jovagro.pt\\\/#\\\/schema\\\/logo\\\/image\\\/\"},\"sameAs\":[\"https:\\\/\\\/www.facebook.com\\\/Jovagro\\\/\"]}]}<\/script>\n<!-- \/ Yoast SEO plugin. -->","yoast_head_json":{"title":"NaturCalcisoil\u00ae - Jovagro","robots":{"index":"index","follow":"follow","max-snippet":"max-snippet:-1","max-image-preview":"max-image-preview:large","max-video-preview":"max-video-preview:-1"},"canonical":"https:\/\/www.manonunes.pt\/shop\/inovabio\/fitonutricao\/materias-organicas\/naturcalcisoil\/","og_locale":"en_GB","og_type":"article","og_title":"NaturCalcisoil\u00ae - Jovagro","og_description":"Naturcalcisoil\u00ae \u00c9 um corretor de car\u00eancias de c\u00e1lcio, desenhado para aplica\u00e7\u00e3o via rega. est\u00e1 formulado com c\u00e1lcio e uma elevada concentra\u00e7\u00e3o de \u00e1cidos polihidroxicarbox\u00edlicos 35% p\/v para melhorar a absor\u00e7\u00e3o do c\u00e1lcio, a sua aplica\u00e7\u00e3o melhora a atividade e desenvolvimento radicular. \u00a0","og_url":"https:\/\/www.manonunes.pt\/shop\/inovabio\/fitonutricao\/materias-organicas\/naturcalcisoil\/","og_site_name":"Jovagro","article_publisher":"https:\/\/www.facebook.com\/Jovagro\/","article_modified_time":"2025-05-06T15:31:45+00:00","og_image":[{"width":626,"height":626,"url":"https:\/\/www.manonunes.pt\/wp-content\/uploads\/2025\/05\/NaturCalcisoil_5L-768x1171-1.png","type":"image\/png"}],"twitter_card":"summary_large_image","twitter_misc":{"Estimated reading time":"1 minute"},"schema":{"@context":"https:\/\/schema.org","@graph":[{"@type":"WebPage","@id":"https:\/\/www.manonunes.pt\/shop\/inovabio\/fitonutricao\/materias-organicas\/naturcalcisoil\/","url":"https:\/\/www.manonunes.pt\/shop\/inovabio\/fitonutricao\/materias-organicas\/naturcalcisoil\/","name":"NaturCalcisoil\u00ae - Jovagro","isPartOf":{"@id":"https:\/\/www.jovagro.pt\/#website"},"primaryImageOfPage":{"@id":"https:\/\/www.manonunes.pt\/shop\/inovabio\/fitonutricao\/materias-organicas\/naturcalcisoil\/#primaryimage"},"image":{"@id":"https:\/\/www.manonunes.pt\/shop\/inovabio\/fitonutricao\/materias-organicas\/naturcalcisoil\/#primaryimage"},"thumbnailUrl":"https:\/\/zapaf.pt\/wp-content\/uploads\/2025\/05\/NaturCalcisoil_5L-768x1171-1.png","datePublished":"2025-05-06T15:14:03+00:00","dateModified":"2025-05-06T15:31:45+00:00","breadcrumb":{"@id":"https:\/\/www.manonunes.pt\/shop\/inovabio\/fitonutricao\/materias-organicas\/naturcalcisoil\/#breadcrumb"},"inLanguage":"en-GB","potentialAction":[{"@type":"ReadAction","target":["https:\/\/www.manonunes.pt\/shop\/inovabio\/fitonutricao\/materias-organicas\/naturcalcisoil\/"]}]},{"@type":"ImageObject","inLanguage":"en-GB","@id":"https:\/\/www.manonunes.pt\/shop\/inovabio\/fitonutricao\/materias-organicas\/naturcalcisoil\/#primaryimage","url":"https:\/\/zapaf.pt\/wp-content\/uploads\/2025\/05\/NaturCalcisoil_5L-768x1171-1.png","contentUrl":"https:\/\/zapaf.pt\/wp-content\/uploads\/2025\/05\/NaturCalcisoil_5L-768x1171-1.png","width":626,"height":626},{"@type":"BreadcrumbList","@id":"https:\/\/www.manonunes.pt\/shop\/inovabio\/fitonutricao\/materias-organicas\/naturcalcisoil\/#breadcrumb","itemListElement":[{"@type":"ListItem","position":1,"name":"Home","item":"https:\/\/www.jovagro.pt\/"},{"@type":"ListItem","position":2,"name":"Loja","item":"https:\/\/www.jovagro.pt\/loja\/"},{"@type":"ListItem","position":3,"name":"NaturCalcisoil\u00ae"}]},{"@type":"WebSite","@id":"https:\/\/www.jovagro.pt\/#website","url":"https:\/\/www.jovagro.pt\/","name":"Jovagro","description":"Sempre com a Natureza","publisher":{"@id":"https:\/\/www.jovagro.pt\/#organization"},"potentialAction":[{"@type":"SearchAction","target":{"@type":"EntryPoint","urlTemplate":"https:\/\/www.jovagro.pt\/?s={search_term_string}"},"query-input":{"@type":"PropertyValueSpecification","valueRequired":true,"valueName":"search_term_string"}}],"inLanguage":"en-GB"},{"@type":"Organization","@id":"https:\/\/www.jovagro.pt\/#organization","name":"Jovagro","url":"https:\/\/www.jovagro.pt\/","logo":{"@type":"ImageObject","inLanguage":"en-GB","@id":"https:\/\/www.jovagro.pt\/#\/schema\/logo\/image\/","url":"https:\/\/jovagro.pt\/wp-content\/uploads\/2019\/12\/7-01-01-scaled.jpg","contentUrl":"https:\/\/jovagro.pt\/wp-content\/uploads\/2019\/12\/7-01-01-scaled.jpg","width":2560,"height":893,"caption":"Jovagro"},"image":{"@id":"https:\/\/www.jovagro.pt\/#\/schema\/logo\/image\/"},"sameAs":["https:\/\/www.facebook.com\/Jovagro\/"]}]}},"_links":{"self":[{"href":"https:\/\/zapaf.pt\/en\/wp-json\/wp\/v2\/product\/38387","targetHints":{"allow":["GET"]}}],"collection":[{"href":"https:\/\/zapaf.pt\/en\/wp-json\/wp\/v2\/product"}],"about":[{"href":"https:\/\/zapaf.pt\/en\/wp-json\/wp\/v2\/types\/product"}],"wp:featuredmedia":[{"embeddable":true,"href":"https:\/\/zapaf.pt\/en\/wp-json\/wp\/v2\/media\/38391"}],"wp:attachment":[{"href":"https:\/\/zapaf.pt\/en\/wp-json\/wp\/v2\/media?parent=38387"}],"wp:term":[{"taxonomy":"product_brand","embeddable":true,"href":"https:\/\/zapaf.pt\/en\/wp-json\/wp\/v2\/product_brand?post=38387"},{"taxonomy":"product_cat","embeddable":true,"href":"https:\/\/zapaf.pt\/en\/wp-json\/wp\/v2\/product_cat?post=38387"},{"taxonomy":"product_tag","embeddable":true,"href":"https:\/\/zapaf.pt\/en\/wp-json\/wp\/v2\/product_tag?post=38387"}],"curies":[{"name":"wp","href":"https:\/\/api.w.org\/{rel}","templated":true}]}}